{"id":3966,"date":"2023-02-13T10:25:05","date_gmt":"2023-02-13T07:25:05","guid":{"rendered":"https:\/\/torosdemir.com\/?page_id=3966"},"modified":"2025-10-20T17:10:18","modified_gmt":"2025-10-20T14:10:18","slug":"trapeze-apparatus","status":"publish","type":"page","link":"https:\/\/torosdemir.com\/en_gb\/trapeze-apparatus\/","title":{"rendered":"Trapeze Apparatus"},"content":{"rendered":"<div data-elementor-type=\"wp-page\" data-elementor-id=\"3966\" class=\"elementor elementor-3966\">\n\t\t\t\t\t\t<section class=\"elementor-section elementor-top-section elementor-element elementor-element-3dc8245 pt-5 pb-2 pb-lg-5 elementor-section-boxed elementor-section-height-default elementor-section-height-default\" data-id=\"3dc8245\" data-element_type=\"section\" data-e-type=\"section\" data-settings=\"{&quot;background_background&quot;:&quot;classic&quot;}\">\r\n\t\t\r\n\t\t\t\t\t\t\t<div class=\"elementor-container elementor-column-gap-default\">\r\n\t\t\t\t\t\t\t\t\t\t\t<div class=\"elementor-column elementor-col-100 elementor-top-column elementor-element elementor-element-3dc69c0 d-col-block position-static\" data-id=\"3dc69c0\" data-element_type=\"column\" data-e-type=\"column\">\r\n\t\t\t\t\t<div class=\"elementor-widget-wrap elementor-element-populated\">\r\n\t\t\t\t\t\t\t\t<div class=\"elementor-element elementor-element-e4e4d62 py-2 mb-0 elementor-invisible elementor-widget elementor-widget-heading\" data-id=\"e4e4d62\" data-element_type=\"widget\" data-e-type=\"widget\" data-settings=\"{&quot;_animation_delay&quot;:200,&quot;_animation&quot;:&quot;fadeInUp&quot;}\" data-widget_type=\"heading.default\">\n\t\t\t\t<div class=\"elementor-widget-container\">\n\t\t\t\t\t<h3 class=\"elementor-heading-title elementor-size-default\">TRAPEZ<\/h3>\t\t\t\t<\/div>\n\t\t\t\t<\/div>\n\t\t\t\t<div class=\"elementor-element elementor-element-bd2f5c9 mb-3 elementor-invisible elementor-widget elementor-widget-heading\" data-id=\"bd2f5c9\" data-element_type=\"widget\" data-e-type=\"widget\" data-settings=\"{&quot;_animation&quot;:&quot;fadeInUp&quot;,&quot;_animation_delay&quot;:400}\" data-widget_type=\"heading.default\">\n\t\t\t\t<div class=\"elementor-widget-container\">\n\t\t\t\t\t<h3 class=\"elementor-heading-title elementor-size-default\">Trapeze Apparatus<\/h3>\t\t\t\t<\/div>\n\t\t\t\t<\/div>\n\t\t\t\t<section class=\"elementor-section elementor-inner-section elementor-element elementor-element-28d8da4 elementor-section-boxed elementor-section-height-default elementor-section-height-default\" data-id=\"28d8da4\" data-element_type=\"section\" data-e-type=\"section\">\r\n\t\t\r\n\t\t\t\t\t\t\t<div class=\"elementor-container elementor-column-gap-default\">\r\n\t\t\t\t\t\t\t\t\t\t\t<div class=\"elementor-column elementor-col-50 elementor-inner-column elementor-element elementor-element-b2e18fc\" data-id=\"b2e18fc\" data-element_type=\"column\" data-e-type=\"column\">\r\n\t\t\t\t\t<div class=\"elementor-widget-wrap elementor-element-populated\">\r\n\t\t\t\t\t\t\t\t<div class=\"elementor-element elementor-element-f2d978e elementor-widget elementor-widget-text-editor\" data-id=\"f2d978e\" data-element_type=\"widget\" data-e-type=\"widget\" data-widget_type=\"text-editor.default\">\n\t\t\t\t<div class=\"elementor-widget-container\">\n\t\t\t\t\t\t\t\t\t<p class=\"content-p first-p\"><strong class=\"content-strong\">Trapezoidal screws<\/strong>The tooth shape is in the form of a truncated triangle. Therefore, the threads of the screw and nut grip each other without backlash. Due to this feature\u00a0<strong class=\"content-strong\">trapezoidal screws<\/strong>\u00a0usually\u00a0<strong class=\"content-strong\">movement screw<\/strong>\u00a0used as.<\/p><p class=\"content-p\"><strong class=\"content-strong\">Trapezoidal Lokma<\/strong><\/p><p class=\"content-p\"><strong class=\"content-strong\">Trapezoidal screws<\/strong>\u00a0is one of the products that can be a great helper in your squeezing operations.<\/p><p class=\"content-p\"><strong class=\"content-strong\">Trapezoidal Mounting Saddle<\/strong><\/p><p class=\"content-p\">During the assembly of the sheets\u00a0<strong class=\"content-strong\">screw\u00a0<\/strong>with<strong class=\"content-strong\">\u00a0sheet\u00a0<\/strong>used between<\/p><p class=\"content-p\"><strong class=\"content-strong\">T8 Trapezoid Nut<\/strong><\/p><p class=\"content-p\"><strong class=\"content-strong\">Rice classic loaf<\/strong>It is more durable in much less void prints compared to the ones.<\/p>\t\t\t\t\t\t\t\t<\/div>\n\t\t\t\t<\/div>\n\t\t\t\t\t<\/div>\r\n\t\t\t\t<\/div>\r\n\t\t\t\t<div class=\"elementor-column elementor-col-50 elementor-inner-column elementor-element elementor-element-05d009c\" data-id=\"05d009c\" data-element_type=\"column\" data-e-type=\"column\">\r\n\t\t\t\t\t<div class=\"elementor-widget-wrap elementor-element-populated\">\r\n\t\t\t\t\t\t\t\t<div class=\"elementor-element elementor-element-1428871 elementor-widget elementor-widget-image\" data-id=\"1428871\" data-element_type=\"widget\" data-e-type=\"widget\" data-widget_type=\"image.default\">\n\t\t\t\t<div class=\"elementor-widget-container\">\n\t\t\t\t\t\t\t\t\t\t\t\t\t\t\t<img fetchpriority=\"high\" decoding=\"async\" width=\"676\" height=\"373\" src=\"https:\/\/torosdemir.com\/wp-content\/uploads\/2023\/02\/Screenshot_1-1.jpg\" class=\"attachment-large size-large wp-image-2717\" alt=\"\" srcset=\"https:\/\/torosdemir.com\/wp-content\/uploads\/2023\/02\/Screenshot_1-1.jpg 676w, https:\/\/torosdemir.com\/wp-content\/uploads\/2023\/02\/Screenshot_1-1-640x353.jpg 640w, https:\/\/torosdemir.com\/wp-content\/uploads\/2023\/02\/Screenshot_1-1-400x221.jpg 400w, https:\/\/torosdemir.com\/wp-content\/uploads\/2023\/02\/Screenshot_1-1-367x203.jpg 367w\" sizes=\"(max-width: 676px) 100vw, 676px\" \/>\t\t\t\t\t\t\t\t\t\t\t\t\t\t\t<\/div>\n\t\t\t\t<\/div>\n\t\t\t\t\t<\/div>\r\n\t\t\t\t<\/div>\r\n\t\t\t\t\t<\/div>\r\n\t\t\t\t<\/section>\r\n\t\t\t\t<div class=\"elementor-element elementor-element-e5254dc tri-bottom mb-0 elementor-widget elementor-widget-html\" data-id=\"e5254dc\" data-element_type=\"widget\" data-e-type=\"widget\" data-widget_type=\"html.default\">\n\t\t\t\t<div class=\"elementor-widget-container\">\n\t\t\t\t\t<svg version=\"1.1\" xmlns=\"http:\/\/www.w3.org\/2000\/svg\" xmlns:xlink=\"http:\/\/www.w3.org\/1999\/xlink\" x=\"0px\" y=\"0px\" viewbox=\"0 0 2000 120\" preserveaspectratio=\"xMinYMin\">\n\t<polygon fill=\"#FFF\" points=\"-11,2 693,112 2019,6 2019,135 -11,135 \"><\/polygon>\n<\/svg>\t\t\t\t<\/div>\n\t\t\t\t<\/div>\n\t\t\t\t\t<\/div>\r\n\t\t\t\t<\/div>\r\n\t\t\t\t\t<\/div>\r\n\t\t\t\t<\/section>\r\n\t\t\t\t<\/div>","protected":false},"excerpt":{"rendered":"<p>TRAPEZ Trapez Aparatlar\u0131 Trapez vidalar\u0131n di\u015f bi\u00e7imi kesik \u00fc\u00e7gen \u015feklindedir. Bu y\u00fczden vida ve somun di\u015fleri birbirine bo\u015fluksuz olarak kavrar. Bu \u00f6zelli\u011finden dolay\u0131\u00a0trapez vidalar\u00a0genellikle\u00a0hareket vidas\u0131\u00a0olarak kullan\u0131l\u0131r. Trapez Lokma Trapez vidalar\u0131nda\u00a0s\u0131kma i\u015flemlerinizde b\u00fcy\u00fck yard\u0131mc\u0131n\u0131z olabilecek \u00fcr\u00fcnlerden birisidir. Trapez Montaj Semeri Saclar\u0131n montaj\u0131 esnas\u0131nda\u00a0vida\u00a0ile\u00a0sac\u00a0aras\u0131nda kullan\u0131l\u0131r T8 Trapez Somunu Pirin\u00e7 klasik somunlara g\u00f6re \u00e7ok daha az bo\u015fluk bask\u0131larda [&hellip;]<\/p>\n","protected":false},"author":1,"featured_media":0,"parent":0,"menu_order":0,"comment_status":"closed","ping_status":"closed","template":"","meta":{"_acf_changed":false,"footnotes":""},"class_list":["post-3966","page","type-page","status-publish","hentry"],"acf":[],"_links":{"self":[{"href":"https:\/\/torosdemir.com\/en_gb\/wp-json\/wp\/v2\/pages\/3966","targetHints":{"allow":["GET"]}}],"collection":[{"href":"https:\/\/torosdemir.com\/en_gb\/wp-json\/wp\/v2\/pages"}],"about":[{"href":"https:\/\/torosdemir.com\/en_gb\/wp-json\/wp\/v2\/types\/page"}],"author":[{"embeddable":true,"href":"https:\/\/torosdemir.com\/en_gb\/wp-json\/wp\/v2\/users\/1"}],"replies":[{"embeddable":true,"href":"https:\/\/torosdemir.com\/en_gb\/wp-json\/wp\/v2\/comments?post=3966"}],"version-history":[{"count":7,"href":"https:\/\/torosdemir.com\/en_gb\/wp-json\/wp\/v2\/pages\/3966\/revisions"}],"predecessor-version":[{"id":3974,"href":"https:\/\/torosdemir.com\/en_gb\/wp-json\/wp\/v2\/pages\/3966\/revisions\/3974"}],"wp:attachment":[{"href":"https:\/\/torosdemir.com\/en_gb\/wp-json\/wp\/v2\/media?parent=3966"}],"curies":[{"name":"wp","href":"https:\/\/api.w.org\/{rel}","templated":true}]}}