{"id":3956,"date":"2023-02-13T10:18:23","date_gmt":"2023-02-13T07:18:23","guid":{"rendered":"https:\/\/torosdemir.com\/?page_id=3956"},"modified":"2025-10-20T13:21:19","modified_gmt":"2025-10-20T10:21:19","slug":"painted-trapeze","status":"publish","type":"page","link":"https:\/\/torosdemir.com\/en_gb\/painted-trapeze\/","title":{"rendered":"Painted Trapeze"},"content":{"rendered":"<div data-elementor-type=\"wp-page\" data-elementor-id=\"3956\" class=\"elementor elementor-3956\">\n\t\t\t\t\t\t<section class=\"elementor-section elementor-top-section elementor-element elementor-element-3dc8245 pt-5 pb-2 pb-lg-5 elementor-section-boxed elementor-section-height-default elementor-section-height-default\" data-id=\"3dc8245\" data-element_type=\"section\" data-e-type=\"section\" data-settings=\"{&quot;background_background&quot;:&quot;classic&quot;}\">\r\n\t\t\r\n\t\t\t\t\t\t\t<div class=\"elementor-container elementor-column-gap-default\">\r\n\t\t\t\t\t\t\t\t\t\t\t<div class=\"elementor-column elementor-col-100 elementor-top-column elementor-element elementor-element-3dc69c0 d-col-block position-static\" data-id=\"3dc69c0\" data-element_type=\"column\" data-e-type=\"column\">\r\n\t\t\t\t\t<div class=\"elementor-widget-wrap elementor-element-populated\">\r\n\t\t\t\t\t\t\t\t<div class=\"elementor-element elementor-element-e4e4d62 py-2 mb-0 elementor-invisible elementor-widget elementor-widget-heading\" data-id=\"e4e4d62\" data-element_type=\"widget\" data-e-type=\"widget\" data-settings=\"{&quot;_animation_delay&quot;:200,&quot;_animation&quot;:&quot;fadeInUp&quot;}\" data-widget_type=\"heading.default\">\n\t\t\t\t<div class=\"elementor-widget-container\">\n\t\t\t\t\t<h3 class=\"elementor-heading-title elementor-size-default\">TRAPEZ<\/h3>\t\t\t\t<\/div>\n\t\t\t\t<\/div>\n\t\t\t\t<div class=\"elementor-element elementor-element-bd2f5c9 mb-3 elementor-invisible elementor-widget elementor-widget-heading\" data-id=\"bd2f5c9\" data-element_type=\"widget\" data-e-type=\"widget\" data-settings=\"{&quot;_animation&quot;:&quot;fadeInUp&quot;,&quot;_animation_delay&quot;:400}\" data-widget_type=\"heading.default\">\n\t\t\t\t<div class=\"elementor-widget-container\">\n\t\t\t\t\t<h3 class=\"elementor-heading-title elementor-size-default\">Painted Trapeze<\/h3>\t\t\t\t<\/div>\n\t\t\t\t<\/div>\n\t\t\t\t<div class=\"elementor-element elementor-element-3a2f02c mb-4 custom-font1 elementor-invisible elementor-widget elementor-widget-heading\" data-id=\"3a2f02c\" data-element_type=\"widget\" data-e-type=\"widget\" data-settings=\"{&quot;_animation&quot;:&quot;fadeInUp&quot;,&quot;_animation_delay&quot;:600}\" data-widget_type=\"heading.default\">\n\t\t\t\t<div class=\"elementor-widget-container\">\n\t\t\t\t\t<p class=\"elementor-heading-title elementor-size-default\">It is the form of galvanised or painted products as gutter ridge. Pre-painted trapezoidal sheets are produced with high strength, galvanised thin steel sheet or aluminium, painted with a special painting technology and not directly painted. Painted trapezoidal sheets form the basis of the self-supporting roof and facade cladding systems of hall-style buildings.\n\nThe multi-layer coating system on the galvanised base material provides the highest level of corrosion protection. It also increases surface resistance by providing the opportunity to choose the most suitable aesthetic appearance with wide coating colour options.<\/p>\t\t\t\t<\/div>\n\t\t\t\t<\/div>\n\t\t\t\t<section class=\"elementor-section elementor-inner-section elementor-element elementor-element-28d8da4 elementor-section-boxed elementor-section-height-default elementor-section-height-default\" data-id=\"28d8da4\" data-element_type=\"section\" data-e-type=\"section\">\r\n\t\t\r\n\t\t\t\t\t\t\t<div class=\"elementor-container elementor-column-gap-default\">\r\n\t\t\t\t\t\t\t\t\t\t\t<div class=\"elementor-column elementor-col-50 elementor-inner-column elementor-element elementor-element-b2e18fc\" data-id=\"b2e18fc\" data-element_type=\"column\" data-e-type=\"column\">\r\n\t\t\t\t\t<div class=\"elementor-widget-wrap elementor-element-populated\">\r\n\t\t\t\t\t\t\t\t<div class=\"elementor-element elementor-element-b9d1253 mb-3 elementor-invisible elementor-widget elementor-widget-porto_info_box\" data-id=\"b9d1253\" data-element_type=\"widget\" data-e-type=\"widget\" data-settings=\"{&quot;_animation&quot;:&quot;fadeInUp&quot;,&quot;_animation_delay&quot;:200}\" data-widget_type=\"porto_info_box.default\">\n\t\t\t\t<div class=\"elementor-widget-container\">\n\t\t\t\t\t<div class=\"porto-sicon-box style_1 default-icon\"><div class=\"porto-sicon-default\"><div class=\"porto-just-icon-wrapper porto-icon advanced\" style=\"margin-right:10px;\"><i class=\"fas fa-check\"><\/i><\/div><\/div><div class=\"porto-sicon-header\"><h3 class=\"porto-sicon-title\" style=\"\">Form : 27-200 - 38-151 - 40-245 - 55-300 - 56-180<\/h3><\/div> <!-- header --><\/div><!-- porto-sicon-box -->\t\t\t\t<\/div>\n\t\t\t\t<\/div>\n\t\t\t\t<div class=\"elementor-element elementor-element-0003349 mb-3 elementor-invisible elementor-widget elementor-widget-porto_info_box\" data-id=\"0003349\" data-element_type=\"widget\" data-e-type=\"widget\" data-settings=\"{&quot;_animation&quot;:&quot;fadeInUp&quot;,&quot;_animation_delay&quot;:200}\" data-widget_type=\"porto_info_box.default\">\n\t\t\t\t<div class=\"elementor-widget-container\">\n\t\t\t\t\t<div class=\"porto-sicon-box style_1 default-icon\"><div class=\"porto-sicon-default\"><div class=\"porto-just-icon-wrapper porto-icon advanced\" style=\"margin-right:10px;\"><i class=\"fas fa-check\"><\/i><\/div><\/div><div class=\"porto-sicon-header\"><h3 class=\"porto-sicon-title\" style=\"\">Size : 300x300 - 500x500<\/h3><\/div> <!-- header --><\/div><!-- porto-sicon-box -->\t\t\t\t<\/div>\n\t\t\t\t<\/div>\n\t\t\t\t<div class=\"elementor-element elementor-element-b28174b mb-3 elementor-invisible elementor-widget elementor-widget-porto_info_box\" data-id=\"b28174b\" data-element_type=\"widget\" data-e-type=\"widget\" data-settings=\"{&quot;_animation&quot;:&quot;fadeInUp&quot;,&quot;_animation_delay&quot;:200}\" data-widget_type=\"porto_info_box.default\">\n\t\t\t\t<div class=\"elementor-widget-container\">\n\t\t\t\t\t<div class=\"porto-sicon-box style_1 default-icon\"><div class=\"porto-sicon-default\"><div class=\"porto-just-icon-wrapper porto-icon advanced\" style=\"margin-right:10px;\"><i class=\"fas fa-check\"><\/i><\/div><\/div><div class=\"porto-sicon-header\"><h3 class=\"porto-sicon-title\" style=\"\">Thickness : 0,40 - 1,00 mm<\/h3><\/div> <!-- header --><\/div><!-- porto-sicon-box -->\t\t\t\t<\/div>\n\t\t\t\t<\/div>\n\t\t\t\t<div class=\"elementor-element elementor-element-e347702 mb-3 elementor-invisible elementor-widget elementor-widget-porto_info_box\" data-id=\"e347702\" data-element_type=\"widget\" data-e-type=\"widget\" data-settings=\"{&quot;_animation&quot;:&quot;fadeInUp&quot;,&quot;_animation_delay&quot;:200}\" data-widget_type=\"porto_info_box.default\">\n\t\t\t\t<div class=\"elementor-widget-container\">\n\t\t\t\t\t<div class=\"porto-sicon-box style_1 default-icon\"><div class=\"porto-sicon-default\"><div class=\"porto-just-icon-wrapper porto-icon advanced\" style=\"margin-right:10px;\"><i class=\"fas fa-check\"><\/i><\/div><\/div><div class=\"porto-sicon-header\"><h3 class=\"porto-sicon-title\" style=\"\">Width : 860 - 1000 mm<\/h3><\/div> <!-- header --><\/div><!-- porto-sicon-box -->\t\t\t\t<\/div>\n\t\t\t\t<\/div>\n\t\t\t\t<div class=\"elementor-element elementor-element-63ce438 mb-3 elementor-invisible elementor-widget elementor-widget-porto_info_box\" data-id=\"63ce438\" data-element_type=\"widget\" data-e-type=\"widget\" data-settings=\"{&quot;_animation&quot;:&quot;fadeInUp&quot;,&quot;_animation_delay&quot;:200}\" data-widget_type=\"porto_info_box.default\">\n\t\t\t\t<div class=\"elementor-widget-container\">\n\t\t\t\t\t<div class=\"porto-sicon-box style_1 default-icon\"><div class=\"porto-sicon-default\"><div class=\"porto-just-icon-wrapper porto-icon advanced\" style=\"margin-right:10px;\"><i class=\"fas fa-check\"><\/i><\/div><\/div><div class=\"porto-sicon-header\"><h3 class=\"porto-sicon-title\" style=\"\">Length : 1000 - 1300 mm<\/h3><\/div> <!-- header --><\/div><!-- porto-sicon-box -->\t\t\t\t<\/div>\n\t\t\t\t<\/div>\n\t\t\t\t\t<\/div>\r\n\t\t\t\t<\/div>\r\n\t\t\t\t<div class=\"elementor-column elementor-col-50 elementor-inner-column elementor-element elementor-element-05d009c\" data-id=\"05d009c\" data-element_type=\"column\" data-e-type=\"column\">\r\n\t\t\t\t\t<div class=\"elementor-widget-wrap elementor-element-populated\">\r\n\t\t\t\t\t\t\t\t<div class=\"elementor-element elementor-element-1428871 elementor-widget elementor-widget-image\" data-id=\"1428871\" data-element_type=\"widget\" data-e-type=\"widget\" data-widget_type=\"image.default\">\n\t\t\t\t<div class=\"elementor-widget-container\">\n\t\t\t\t\t\t\t\t\t\t\t\t\t\t\t<img fetchpriority=\"high\" decoding=\"async\" width=\"676\" height=\"373\" src=\"https:\/\/torosdemir.com\/wp-content\/uploads\/2023\/02\/Screenshot_5-1.jpg\" class=\"attachment-large size-large wp-image-2723\" alt=\"\" srcset=\"https:\/\/torosdemir.com\/wp-content\/uploads\/2023\/02\/Screenshot_5-1.jpg 676w, https:\/\/torosdemir.com\/wp-content\/uploads\/2023\/02\/Screenshot_5-1-640x353.jpg 640w, https:\/\/torosdemir.com\/wp-content\/uploads\/2023\/02\/Screenshot_5-1-400x221.jpg 400w, https:\/\/torosdemir.com\/wp-content\/uploads\/2023\/02\/Screenshot_5-1-367x203.jpg 367w\" sizes=\"(max-width: 676px) 100vw, 676px\" \/>\t\t\t\t\t\t\t\t\t\t\t\t\t\t\t<\/div>\n\t\t\t\t<\/div>\n\t\t\t\t\t<\/div>\r\n\t\t\t\t<\/div>\r\n\t\t\t\t\t<\/div>\r\n\t\t\t\t<\/section>\r\n\t\t\t\t<div class=\"elementor-element elementor-element-e5254dc tri-bottom mb-0 elementor-widget elementor-widget-html\" data-id=\"e5254dc\" data-element_type=\"widget\" data-e-type=\"widget\" data-widget_type=\"html.default\">\n\t\t\t\t<div class=\"elementor-widget-container\">\n\t\t\t\t\t<svg version=\"1.1\" xmlns=\"http:\/\/www.w3.org\/2000\/svg\" xmlns:xlink=\"http:\/\/www.w3.org\/1999\/xlink\" x=\"0px\" y=\"0px\" viewbox=\"0 0 2000 120\" preserveaspectratio=\"xMinYMin\">\n\t<polygon fill=\"#FFF\" points=\"-11,2 693,112 2019,6 2019,135 -11,135 \"><\/polygon>\n<\/svg>\t\t\t\t<\/div>\n\t\t\t\t<\/div>\n\t\t\t\t\t<\/div>\r\n\t\t\t\t<\/div>\r\n\t\t\t\t\t<\/div>\r\n\t\t\t\t<\/section>\r\n\t\t\t\t<section class=\"elementor-section elementor-top-section elementor-element elementor-element-c9ba90f pt-5 pb-2 pb-lg-5 elementor-section-boxed elementor-section-height-default elementor-section-height-default\" data-id=\"c9ba90f\" data-element_type=\"section\" data-e-type=\"section\" data-settings=\"{&quot;background_background&quot;:&quot;classic&quot;}\">\r\n\t\t\r\n\t\t\t\t\t\t\t<div class=\"elementor-container elementor-column-gap-default\">\r\n\t\t\t\t\t\t\t\t\t\t\t<div class=\"elementor-column elementor-col-100 elementor-top-column elementor-element elementor-element-316df23 d-col-block position-static\" data-id=\"316df23\" data-element_type=\"column\" data-e-type=\"column\">\r\n\t\t\t\t\t<div class=\"elementor-widget-wrap elementor-element-populated\">\r\n\t\t\t\t\t\t\t\t<div class=\"elementor-element elementor-element-ba91c09 pe-lg-5 mb-3 elementor-invisible elementor-widget elementor-widget-text-editor\" data-id=\"ba91c09\" data-element_type=\"widget\" data-e-type=\"widget\" data-settings=\"{&quot;_animation&quot;:&quot;fadeInUp&quot;,&quot;_animation_delay&quot;:800}\" data-widget_type=\"text-editor.default\">\n\t\t\t\t<div class=\"elementor-widget-container\">\n\t\t\t\t\t\t\t\t\t<h1>Usage Areas and Advantages<\/h1><p class=\"content-p first-p\">This single-layer quadrilateral cladding would be a good answer for industrial, agricultural or warehouse buildings that do not require thermal insulation. However, it is possible to use it in areas where it is needed due to changes in internal and external temperature values (condensation). It does not cause problems in cases where the performance of the building will not be interfered with. Apart from these, it is frequently used in sports halls.<\/p><p class=\"content-p\"><strong class=\"content-strong\">Heat insulated halls<\/strong>\u00a0for, in general, insulated secondary load carrying<strong class=\"content-strong\">\u00a0<\/strong>system (<strong class=\"content-strong\">galvanised profiles<\/strong>), with higher and lower\u00a0<strong class=\"content-strong\">with quadrilateral plates\u00a0<\/strong>made\u00a0<strong class=\"content-strong\">double skin roof connected<\/strong>\u00a0wall cladding is applied from grease. Deciding on the most important applicable method characteristics of the facade structure (type of insulation and substrate, structural thickness, etc.) requires special, careful temperature and wetness analysis. To reduce sound pollution in the hall, there is a chance to use perforated inner quadrilateral board, as this\u00a0<strong class=\"content-strong\">double wall<\/strong>\u00a0facade system, from the inside\u00a0<strong class=\"content-strong\">perforated sheet<\/strong>\u00a0will provide higher sound absorption.\u00a0<strong class=\"content-strong\">Painted trapeze<\/strong>\u00a0Apart from this, it can also be applied in flat wall structures.<\/p><ul><li class=\"content-p\">On the roofs and walls of shopping centres.<\/li><li class=\"content-p\">Industrial organisations.<\/li><li class=\"content-p\">In buildings built for military purposes.<\/li><li class=\"content-p\">Roofs and structures of farm and vineyard houses.<\/li><li class=\"content-p\">Sports centres.<\/li><li class=\"content-p\">Social facilities.<\/li><\/ul><h4 class=\"content-h1 content-header first-h\">Features and Advantages<\/h4><ul class=\"content-ul\"><li class=\"content-li\"><strong class=\"content-strong\">Roof and facade<\/strong>\u00a0quick and simple assembly.<\/li><li class=\"content-li\"><strong class=\"content-strong\">Light weight of galvanising<\/strong>\u00a0It saves carrier construction and allows easy installation.<\/li><li class=\"content-li\">The variety of forms and colours gives the customer a choice.<\/li><li class=\"content-li\">It is environmentally friendly due to its recycling feature.<\/li><li class=\"content-li\">Fireproof and keeps soldering simple.<\/li><li class=\"content-li\"><strong class=\"content-strong\">Painted trapezoidal sheet<\/strong>\u00a0Up to 12 metres can be produced in desired length.<\/li><li class=\"content-li\">Painting on galvanised steel extends the life of the galvanised layer.<\/li><\/ul>\t\t\t\t\t\t\t\t<\/div>\n\t\t\t\t<\/div>\n\t\t\t\t\t<\/div>\r\n\t\t\t\t<\/div>\r\n\t\t\t\t\t<\/div>\r\n\t\t\t\t<\/section>\r\n\t\t\t\t<section class=\"elementor-section elementor-top-section elementor-element elementor-element-babe931 pt-5 pb-2 pb-lg-5 elementor-section-boxed elementor-section-height-default elementor-section-height-default\" data-id=\"babe931\" data-element_type=\"section\" data-e-type=\"section\" data-settings=\"{&quot;background_background&quot;:&quot;classic&quot;}\">\r\n\t\t\r\n\t\t\t\t\t\t\t<div class=\"elementor-container elementor-column-gap-default\">\r\n\t\t\t\t\t\t\t\t\t\t\t<div class=\"elementor-column elementor-col-100 elementor-top-column elementor-element elementor-element-28e1dac d-col-block position-static\" data-id=\"28e1dac\" data-element_type=\"column\" data-e-type=\"column\">\r\n\t\t\t\t\t<div class=\"elementor-widget-wrap elementor-element-populated\">\r\n\t\t\t\t\t\t\t\t<div class=\"elementor-element elementor-element-4ed8525 mb-3 elementor-invisible elementor-widget elementor-widget-heading\" data-id=\"4ed8525\" data-element_type=\"widget\" data-e-type=\"widget\" data-settings=\"{&quot;_animation&quot;:&quot;fadeInUp&quot;,&quot;_animation_delay&quot;:400}\" data-widget_type=\"heading.default\">\n\t\t\t\t<div class=\"elementor-widget-container\">\n\t\t\t\t\t<h3 class=\"elementor-heading-title elementor-size-default\">Forms<\/h3>\t\t\t\t<\/div>\n\t\t\t\t<\/div>\n\t\t\t\t<div class=\"elementor-element elementor-element-c85165a tri-bottom mb-0 elementor-widget elementor-widget-html\" data-id=\"c85165a\" data-element_type=\"widget\" data-e-type=\"widget\" data-widget_type=\"html.default\">\n\t\t\t\t<div class=\"elementor-widget-container\">\n\t\t\t\t\t<svg version=\"1.1\" xmlns=\"http:\/\/www.w3.org\/2000\/svg\" xmlns:xlink=\"http:\/\/www.w3.org\/1999\/xlink\" x=\"0px\" y=\"0px\" viewbox=\"0 0 2000 120\" preserveaspectratio=\"xMinYMin\">\n\t<polygon fill=\"#FFF\" points=\"-11,2 693,112 2019,6 2019,135 -11,135 \"><\/polygon>\n<\/svg>\t\t\t\t<\/div>\n\t\t\t\t<\/div>\n\t\t\t\t<div class=\"elementor-element elementor-element-e428c56 pe-lg-5 mb-3 elementor-invisible elementor-widget elementor-widget-text-editor\" data-id=\"e428c56\" data-element_type=\"widget\" data-e-type=\"widget\" data-settings=\"{&quot;_animation&quot;:&quot;fadeInUp&quot;,&quot;_animation_delay&quot;:800}\" data-widget_type=\"text-editor.default\">\n\t\t\t\t<div class=\"elementor-widget-container\">\n\t\t\t\t\t\t\t\t\t<p class=\"content-p first-p\"><strong class=\"content-strong\">27-200 Trapezoidal Form<\/strong><\/p><p class=\"content-p\"><strong class=\"content-strong\">27\/200 trapezoidal form<\/strong>, is the most economical and most common form.\u00a0<strong class=\"content-strong\">Galvanised sheet<\/strong>\u00a0or\u00a0<strong class=\"content-strong\">aluminium<\/strong>from\u00a0<strong class=\"content-strong\">coilcoating system<\/strong>\u00a0with painted or unpainted,\u00a0<strong class=\"content-strong\">0.50 - 1 mm<\/strong>\u00a0can be produced in different thicknesses and colours. Net coating area\u00a0<strong class=\"content-strong\">800 or 1000 mm<\/strong>\u00a0\u2018is.<\/p><p class=\"content-p\"><strong class=\"content-strong\">38-151 Trapezoidal Form<\/strong><\/p><p class=\"content-p\"><strong class=\"content-strong\">38\/151 trapezoidal form<\/strong>, is the ideal form for medium aperture purlins.\u00a0<strong class=\"content-strong\">Galvanised sheet<\/strong>\u00a0or\u00a0<strong class=\"content-strong\">aluminium<\/strong>from\u00a0<strong class=\"content-strong\">coilcoating system<\/strong>\u00a0painted or unpainted with<strong class=\"content-strong\">, 0.50 - 1 mm<\/strong>\u00a0can be produced in different thicknesses and colours. Net coating area\u00a0<strong class=\"content-strong\">906 mm<\/strong>\u00a0\u2018is.<\/p><p class=\"content-p\"><strong class=\"content-strong\">40-245 Trapezoidal Form<\/strong><\/p><p class=\"content-p\"><strong class=\"content-strong\">40\/245 trapezoidal form<\/strong>, is one of the most cost-effective forms for roofing.\u00a0<strong class=\"content-strong\">Galvanised sheet<\/strong>\u00a0or\u00a0<strong class=\"content-strong\">aluminium<\/strong>from\u00a0<strong class=\"content-strong\">coilcoating system<\/strong>\u00a0It can be produced in different thicknesses and colours between 0,50 - 1 mm, painted or unpainted. Net coating area is 980 mm.<\/p><p class=\"content-p\"><strong class=\"content-strong\">55-300 Trapezoidal Form<\/strong><\/p><p class=\"content-p\"><strong class=\"content-strong\">55\/300 trapezoidal form<\/strong>, is the most suitable form for large spans and heavy loads on roofs.\u00a0<strong class=\"content-strong\">Galvanised sheet<\/strong>\u00a0or\u00a0<strong class=\"content-strong\">coilcoating system in aluminium<\/strong>\u00a0with painted or unpainted,\u00a0<strong class=\"content-strong\">0.50 - 1 mm<\/strong>\u00a0can be produced in different thicknesses and colours. Net coating area is 900 mm.<\/p><p class=\"content-p\"><strong class=\"content-strong\">56-180 Trapezoidal Form<\/strong><\/p><p class=\"content-p\"><strong class=\"content-strong\">56\/180 trapezoidal form<\/strong>, Suitable form for large spans and heavy loads on roofs.\u00a0<strong class=\"content-strong\">Galvanised sheet<\/strong>\u00a0or\u00a0<strong class=\"content-strong\">aluminium<\/strong>from\u00a0<strong class=\"content-strong\">coilcoating system<\/strong>\u00a0with painted or unpainted,\u00a0<strong class=\"content-strong\">0.50 - 1 mm<\/strong>\u00a0can be produced in different thicknesses and colours. Net coating area\u00a0<strong class=\"content-strong\">720 or 900 mm<\/strong>\u00a0\u2018is.<\/p>\t\t\t\t\t\t\t\t<\/div>\n\t\t\t\t<\/div>\n\t\t\t\t\t<\/div>\r\n\t\t\t\t<\/div>\r\n\t\t\t\t\t<\/div>\r\n\t\t\t\t<\/section>\r\n\t\t\t\t<\/div>","protected":false},"excerpt":{"rendered":"<p>TRAPEZ Boyal\u0131 Trapez Galvanizli ya da boyal\u0131 \u00fcr\u00fcnlerin oluk mahya olarak formanm\u0131\u015f halidir. Boyal\u0131 trapez , y\u00fcksek mukavemetli, galvanizli ince \u00e7elik sac ya da al\u00fcminyum ile elde edilen \u00f6zel bir boyama teknolojisiyle boyal\u0131 olarak ve direkt olarak boyanmadan \u00fcretilir. Boyal\u0131 trapez saclar, salon tarz\u0131ndaki yap\u0131lar\u0131n\u0131n kendinden destekli \u00e7at\u0131 ve cephe kaplama sistemlerinin temelini olu\u015fturur. Galvanizli [&hellip;]<\/p>\n","protected":false},"author":1,"featured_media":0,"parent":0,"menu_order":0,"comment_status":"closed","ping_status":"closed","template":"","meta":{"_acf_changed":false,"footnotes":""},"class_list":["post-3956","page","type-page","status-publish","hentry"],"acf":[],"_links":{"self":[{"href":"https:\/\/torosdemir.com\/en_gb\/wp-json\/wp\/v2\/pages\/3956","targetHints":{"allow":["GET"]}}],"collection":[{"href":"https:\/\/torosdemir.com\/en_gb\/wp-json\/wp\/v2\/pages"}],"about":[{"href":"https:\/\/torosdemir.com\/en_gb\/wp-json\/wp\/v2\/types\/page"}],"author":[{"embeddable":true,"href":"https:\/\/torosdemir.com\/en_gb\/wp-json\/wp\/v2\/users\/1"}],"replies":[{"embeddable":true,"href":"https:\/\/torosdemir.com\/en_gb\/wp-json\/wp\/v2\/comments?post=3956"}],"version-history":[{"count":4,"href":"https:\/\/torosdemir.com\/en_gb\/wp-json\/wp\/v2\/pages\/3956\/revisions"}],"predecessor-version":[{"id":3960,"href":"https:\/\/torosdemir.com\/en_gb\/wp-json\/wp\/v2\/pages\/3956\/revisions\/3960"}],"wp:attachment":[{"href":"https:\/\/torosdemir.com\/en_gb\/wp-json\/wp\/v2\/media?parent=3956"}],"curies":[{"name":"wp","href":"https:\/\/api.w.org\/{rel}","templated":true}]}}