{"id":3930,"date":"2023-02-13T09:48:23","date_gmt":"2023-02-13T06:48:23","guid":{"rendered":"https:\/\/torosdemir.com\/?page_id=3930"},"modified":"2025-10-20T14:19:37","modified_gmt":"2025-10-20T11:19:37","slug":"galvanised-trapeze","status":"publish","type":"page","link":"https:\/\/torosdemir.com\/en_gb\/galvanised-trapeze\/","title":{"rendered":"Galvanised Trapeze"},"content":{"rendered":"<div data-elementor-type=\"wp-page\" data-elementor-id=\"3930\" class=\"elementor elementor-3930\">\n\t\t\t\t\t\t<section class=\"elementor-section elementor-top-section elementor-element elementor-element-3dc8245 pt-5 pb-2 pb-lg-5 elementor-section-boxed elementor-section-height-default elementor-section-height-default\" data-id=\"3dc8245\" data-element_type=\"section\" data-e-type=\"section\" data-settings=\"{&quot;background_background&quot;:&quot;classic&quot;}\">\r\n\t\t\r\n\t\t\t\t\t\t\t<div class=\"elementor-container elementor-column-gap-default\">\r\n\t\t\t\t\t\t\t\t\t\t\t<div class=\"elementor-column elementor-col-100 elementor-top-column elementor-element elementor-element-3dc69c0 d-col-block position-static\" data-id=\"3dc69c0\" data-element_type=\"column\" data-e-type=\"column\">\r\n\t\t\t\t\t<div class=\"elementor-widget-wrap elementor-element-populated\">\r\n\t\t\t\t\t\t\t\t<div class=\"elementor-element elementor-element-e4e4d62 py-2 mb-0 elementor-invisible elementor-widget elementor-widget-heading\" data-id=\"e4e4d62\" data-element_type=\"widget\" data-e-type=\"widget\" data-settings=\"{&quot;_animation_delay&quot;:200,&quot;_animation&quot;:&quot;fadeInUp&quot;}\" data-widget_type=\"heading.default\">\n\t\t\t\t<div class=\"elementor-widget-container\">\n\t\t\t\t\t<h3 class=\"elementor-heading-title elementor-size-default\">TRAPEZ<\/h3>\t\t\t\t<\/div>\n\t\t\t\t<\/div>\n\t\t\t\t<div class=\"elementor-element elementor-element-bd2f5c9 mb-3 elementor-invisible elementor-widget elementor-widget-heading\" data-id=\"bd2f5c9\" data-element_type=\"widget\" data-e-type=\"widget\" data-settings=\"{&quot;_animation&quot;:&quot;fadeInUp&quot;,&quot;_animation_delay&quot;:400}\" data-widget_type=\"heading.default\">\n\t\t\t\t<div class=\"elementor-widget-container\">\n\t\t\t\t\t<h3 class=\"elementor-heading-title elementor-size-default\">Galvanised Trapeze<\/h3>\t\t\t\t<\/div>\n\t\t\t\t<\/div>\n\t\t\t\t<div class=\"elementor-element elementor-element-3a2f02c mb-4 custom-font1 elementor-invisible elementor-widget elementor-widget-heading\" data-id=\"3a2f02c\" data-element_type=\"widget\" data-e-type=\"widget\" data-settings=\"{&quot;_animation&quot;:&quot;fadeInUp&quot;,&quot;_animation_delay&quot;:600}\" data-widget_type=\"heading.default\">\n\t\t\t\t<div class=\"elementor-widget-container\">\n\t\t\t\t\t<p class=\"elementor-heading-title elementor-size-default\">Galvanised trapezoidal single layer products in 27\/200 form are called trapezoidal sheets. With its trapezoidal form, trapezoidal sheets are robust, long-lasting, economical, non-cracking, non-breakable, non-corrosive, stainless, lightweight, very easy roof covering.<\/p>\t\t\t\t<\/div>\n\t\t\t\t<\/div>\n\t\t\t\t<section class=\"elementor-section elementor-inner-section elementor-element elementor-element-28d8da4 elementor-section-boxed elementor-section-height-default elementor-section-height-default\" data-id=\"28d8da4\" data-element_type=\"section\" data-e-type=\"section\">\r\n\t\t\r\n\t\t\t\t\t\t\t<div class=\"elementor-container elementor-column-gap-default\">\r\n\t\t\t\t\t\t\t\t\t\t\t<div class=\"elementor-column elementor-col-50 elementor-inner-column elementor-element elementor-element-b2e18fc\" data-id=\"b2e18fc\" data-element_type=\"column\" data-e-type=\"column\">\r\n\t\t\t\t\t<div class=\"elementor-widget-wrap elementor-element-populated\">\r\n\t\t\t\t\t\t\t\t<div class=\"elementor-element elementor-element-b9d1253 mb-3 elementor-invisible elementor-widget elementor-widget-porto_info_box\" data-id=\"b9d1253\" data-element_type=\"widget\" data-e-type=\"widget\" data-settings=\"{&quot;_animation&quot;:&quot;fadeInUp&quot;,&quot;_animation_delay&quot;:200}\" data-widget_type=\"porto_info_box.default\">\n\t\t\t\t<div class=\"elementor-widget-container\">\n\t\t\t\t\t<div class=\"porto-sicon-box style_1 default-icon\"><div class=\"porto-sicon-default\"><div class=\"porto-just-icon-wrapper porto-icon advanced\" style=\"margin-right:10px;\"><i class=\"fas fa-check\"><\/i><\/div><\/div><div class=\"porto-sicon-header\"><h3 class=\"porto-sicon-title\" style=\"\">Quality : DX51D+Z - DX54D+Z - DX56D+Z<\/h3><\/div> <!-- header --><\/div><!-- porto-sicon-box -->\t\t\t\t<\/div>\n\t\t\t\t<\/div>\n\t\t\t\t<div class=\"elementor-element elementor-element-0003349 mb-3 elementor-invisible elementor-widget elementor-widget-porto_info_box\" data-id=\"0003349\" data-element_type=\"widget\" data-e-type=\"widget\" data-settings=\"{&quot;_animation&quot;:&quot;fadeInUp&quot;,&quot;_animation_delay&quot;:200}\" data-widget_type=\"porto_info_box.default\">\n\t\t\t\t<div class=\"elementor-widget-container\">\n\t\t\t\t\t<div class=\"porto-sicon-box style_1 default-icon\"><div class=\"porto-sicon-default\"><div class=\"porto-just-icon-wrapper porto-icon advanced\" style=\"margin-right:10px;\"><i class=\"fas fa-check\"><\/i><\/div><\/div><div class=\"porto-sicon-header\"><h3 class=\"porto-sicon-title\" style=\"\">Form : 27-200 -38-151 - 40-245 - 55-300 - 56-180<\/h3><\/div> <!-- header --><\/div><!-- porto-sicon-box -->\t\t\t\t<\/div>\n\t\t\t\t<\/div>\n\t\t\t\t<div class=\"elementor-element elementor-element-b28174b mb-3 elementor-invisible elementor-widget elementor-widget-porto_info_box\" data-id=\"b28174b\" data-element_type=\"widget\" data-e-type=\"widget\" data-settings=\"{&quot;_animation&quot;:&quot;fadeInUp&quot;,&quot;_animation_delay&quot;:200}\" data-widget_type=\"porto_info_box.default\">\n\t\t\t\t<div class=\"elementor-widget-container\">\n\t\t\t\t\t<div class=\"porto-sicon-box style_1 default-icon\"><div class=\"porto-sicon-default\"><div class=\"porto-just-icon-wrapper porto-icon advanced\" style=\"margin-right:10px;\"><i class=\"fas fa-check\"><\/i><\/div><\/div><div class=\"porto-sicon-header\"><h3 class=\"porto-sicon-title\" style=\"\">Thickness : 0.30 - 0.95 mm<\/h3><\/div> <!-- header --><\/div><!-- porto-sicon-box -->\t\t\t\t<\/div>\n\t\t\t\t<\/div>\n\t\t\t\t\t<\/div>\r\n\t\t\t\t<\/div>\r\n\t\t\t\t<div class=\"elementor-column elementor-col-50 elementor-inner-column elementor-element elementor-element-05d009c\" data-id=\"05d009c\" data-element_type=\"column\" data-e-type=\"column\">\r\n\t\t\t\t\t<div class=\"elementor-widget-wrap elementor-element-populated\">\r\n\t\t\t\t\t\t\t\t<div class=\"elementor-element elementor-element-1428871 elementor-widget elementor-widget-image\" data-id=\"1428871\" data-element_type=\"widget\" data-e-type=\"widget\" data-widget_type=\"image.default\">\n\t\t\t\t<div class=\"elementor-widget-container\">\n\t\t\t\t\t\t\t\t\t\t\t\t\t\t\t<img fetchpriority=\"high\" decoding=\"async\" width=\"676\" height=\"373\" src=\"https:\/\/torosdemir.com\/wp-content\/uploads\/2023\/02\/Screenshot_8-1.jpg\" class=\"attachment-large size-large wp-image-2720\" alt=\"\" srcset=\"https:\/\/torosdemir.com\/wp-content\/uploads\/2023\/02\/Screenshot_8-1.jpg 676w, https:\/\/torosdemir.com\/wp-content\/uploads\/2023\/02\/Screenshot_8-1-640x353.jpg 640w, https:\/\/torosdemir.com\/wp-content\/uploads\/2023\/02\/Screenshot_8-1-400x221.jpg 400w, https:\/\/torosdemir.com\/wp-content\/uploads\/2023\/02\/Screenshot_8-1-367x203.jpg 367w\" sizes=\"(max-width: 676px) 100vw, 676px\" \/>\t\t\t\t\t\t\t\t\t\t\t\t\t\t\t<\/div>\n\t\t\t\t<\/div>\n\t\t\t\t\t<\/div>\r\n\t\t\t\t<\/div>\r\n\t\t\t\t\t<\/div>\r\n\t\t\t\t<\/section>\r\n\t\t\t\t<div class=\"elementor-element elementor-element-e5254dc tri-bottom mb-0 elementor-widget elementor-widget-html\" data-id=\"e5254dc\" data-element_type=\"widget\" data-e-type=\"widget\" data-widget_type=\"html.default\">\n\t\t\t\t<div class=\"elementor-widget-container\">\n\t\t\t\t\t<svg version=\"1.1\" xmlns=\"http:\/\/www.w3.org\/2000\/svg\" xmlns:xlink=\"http:\/\/www.w3.org\/1999\/xlink\" x=\"0px\" y=\"0px\" viewbox=\"0 0 2000 120\" preserveaspectratio=\"xMinYMin\">\n\t<polygon fill=\"#FFF\" points=\"-11,2 693,112 2019,6 2019,135 -11,135 \"><\/polygon>\n<\/svg>\t\t\t\t<\/div>\n\t\t\t\t<\/div>\n\t\t\t\t\t<\/div>\r\n\t\t\t\t<\/div>\r\n\t\t\t\t\t<\/div>\r\n\t\t\t\t<\/section>\r\n\t\t\t\t<section class=\"elementor-section elementor-top-section elementor-element elementor-element-c9ba90f pt-5 pb-2 pb-lg-5 elementor-section-boxed elementor-section-height-default elementor-section-height-default\" data-id=\"c9ba90f\" data-element_type=\"section\" data-e-type=\"section\" data-settings=\"{&quot;background_background&quot;:&quot;classic&quot;}\">\r\n\t\t\r\n\t\t\t\t\t\t\t<div class=\"elementor-container elementor-column-gap-default\">\r\n\t\t\t\t\t\t\t\t\t\t\t<div class=\"elementor-column elementor-col-100 elementor-top-column elementor-element elementor-element-316df23 d-col-block position-static\" data-id=\"316df23\" data-element_type=\"column\" data-e-type=\"column\">\r\n\t\t\t\t\t<div class=\"elementor-widget-wrap elementor-element-populated\">\r\n\t\t\t\t\t\t\t\t<div class=\"elementor-element elementor-element-ba91c09 pe-lg-5 mb-3 elementor-invisible elementor-widget elementor-widget-text-editor\" data-id=\"ba91c09\" data-element_type=\"widget\" data-e-type=\"widget\" data-settings=\"{&quot;_animation&quot;:&quot;fadeInUp&quot;,&quot;_animation_delay&quot;:800}\" data-widget_type=\"text-editor.default\">\n\t\t\t\t<div class=\"elementor-widget-container\">\n\t\t\t\t\t\t\t\t\t<h4 class=\"content-h1 content-header\"><strong>Advantages<\/strong><\/h4><ul class=\"content-ul\"><li class=\"content-li\">It acts as a mould.<\/li><li class=\"content-li\">Creates a safe system.<\/li><li class=\"content-li\">Accelerates building construction time.<\/li><li class=\"content-li\">Reduces the cost of steel and concrete.<\/li><\/ul>\t\t\t\t\t\t\t\t<\/div>\n\t\t\t\t<\/div>\n\t\t\t\t\t<\/div>\r\n\t\t\t\t<\/div>\r\n\t\t\t\t\t<\/div>\r\n\t\t\t\t<\/section>\r\n\t\t\t\t<section class=\"elementor-section elementor-top-section elementor-element elementor-element-babe931 pt-5 pb-2 pb-lg-5 elementor-section-boxed elementor-section-height-default elementor-section-height-default\" data-id=\"babe931\" data-element_type=\"section\" data-e-type=\"section\" data-settings=\"{&quot;background_background&quot;:&quot;classic&quot;}\">\r\n\t\t\r\n\t\t\t\t\t\t\t<div class=\"elementor-container elementor-column-gap-default\">\r\n\t\t\t\t\t\t\t\t\t\t\t<div class=\"elementor-column elementor-col-100 elementor-top-column elementor-element elementor-element-28e1dac d-col-block position-static\" data-id=\"28e1dac\" data-element_type=\"column\" data-e-type=\"column\">\r\n\t\t\t\t\t<div class=\"elementor-widget-wrap elementor-element-populated\">\r\n\t\t\t\t\t\t\t\t<div class=\"elementor-element elementor-element-4ed8525 mb-3 elementor-invisible elementor-widget elementor-widget-heading\" data-id=\"4ed8525\" data-element_type=\"widget\" data-e-type=\"widget\" data-settings=\"{&quot;_animation&quot;:&quot;fadeInUp&quot;,&quot;_animation_delay&quot;:400}\" data-widget_type=\"heading.default\">\n\t\t\t\t<div class=\"elementor-widget-container\">\n\t\t\t\t\t<h3 class=\"elementor-heading-title elementor-size-default\">Technical Specifications<\/h3>\t\t\t\t<\/div>\n\t\t\t\t<\/div>\n\t\t\t\t<div class=\"elementor-element elementor-element-c85165a tri-bottom mb-0 elementor-widget elementor-widget-html\" data-id=\"c85165a\" data-element_type=\"widget\" data-e-type=\"widget\" data-widget_type=\"html.default\">\n\t\t\t\t<div class=\"elementor-widget-container\">\n\t\t\t\t\t<svg version=\"1.1\" xmlns=\"http:\/\/www.w3.org\/2000\/svg\" xmlns:xlink=\"http:\/\/www.w3.org\/1999\/xlink\" x=\"0px\" y=\"0px\" viewbox=\"0 0 2000 120\" preserveaspectratio=\"xMinYMin\">\n\t<polygon fill=\"#FFF\" points=\"-11,2 693,112 2019,6 2019,135 -11,135 \"><\/polygon>\n<\/svg>\t\t\t\t<\/div>\n\t\t\t\t<\/div>\n\t\t\t\t<div class=\"elementor-element elementor-element-e428c56 pe-lg-5 mb-3 elementor-invisible elementor-widget elementor-widget-text-editor\" data-id=\"e428c56\" data-element_type=\"widget\" data-e-type=\"widget\" data-settings=\"{&quot;_animation&quot;:&quot;fadeInUp&quot;,&quot;_animation_delay&quot;:800}\" data-widget_type=\"text-editor.default\">\n\t\t\t\t<div class=\"elementor-widget-container\">\n\t\t\t\t\t\t\t\t\t<div class=\"content-table-wrapper\"><table class=\"content-table\"><tbody><tr class=\"content-tr\"><td colspan=\"4\"><p class=\"content-p first-p\">Gross Width<\/p><\/td><td colspan=\"6\"><p class=\"content-p\">86 cm<\/p><\/td><\/tr><tr class=\"content-tr\"><td colspan=\"4\"><p class=\"content-p\">Net Top (Remaining after the thousand share)<\/p><\/td><td colspan=\"6\"><p class=\"content-p\">80 cm<\/p><\/td><\/tr><tr class=\"content-tr\"><td colspan=\"4\"><p class=\"content-p\">Sizes available in stock<\/p><\/td><td colspan=\"6\"><p class=\"content-p\">All lengths between 100 cm and 800 cm at 50 cm intervals<\/p><\/td><\/tr><tr class=\"content-tr\"><td colspan=\"4\"><p class=\"content-p\">Made to order<\/p><\/td><td colspan=\"6\"><p class=\"content-p\">It is delivered within 2 days in all desired sizes.<\/p><\/td><\/tr><tr class=\"content-tr\"><td colspan=\"4\"><p class=\"content-p\">Thickness available in stock<\/p><\/td><td colspan=\"6\"><p class=\"content-p\">0.50 mm - 0.70 mm - 1.00 mm<\/p><\/td><\/tr><tr class=\"content-tr\"><td colspan=\"4\"><p class=\"content-p\">Made to order<\/p><\/td><td colspan=\"6\"><p class=\"content-p\">Production is made in all thicknesses between 0.25 and 1.00.<\/p><\/td><\/tr><tr class=\"content-tr\"><td colspan=\"4\"><p class=\"content-p\">Gutter Depth<\/p><\/td><td colspan=\"6\"><p class=\"content-p\">27.5 mm<\/p><\/td><\/tr><tr class=\"content-tr\"><td colspan=\"4\"><p class=\"content-p\">Colour, Coating<\/p><\/td><td colspan=\"6\"><p class=\"content-p\">Galvanised<\/p><\/td><\/tr><tr class=\"content-tr\"><td class=\"content-td\"><p class=\"content-p\">Galvanised Sheet Thickness<\/p><\/td><td class=\"content-td\"><p class=\"content-p\">0,3<\/p><\/td><td class=\"content-td\"><p class=\"content-p\">0,4<\/p><\/td><td class=\"content-td\"><p class=\"content-p\">0,45<\/p><\/td><td class=\"content-td\"><p class=\"content-p\">0,5<\/p><\/td><td class=\"content-td\"><p class=\"content-p\">0,55<\/p><\/td><td class=\"content-td\"><p class=\"content-p\">0,65<\/p><\/td><td class=\"content-td\"><p class=\"content-p\">0,75<\/p><\/td><td class=\"content-td\"><p class=\"content-p\">0,85<\/p><\/td><td class=\"content-td\"><p class=\"content-p\">0,95<\/p><\/td><\/tr><tr class=\"content-tr\"><td class=\"content-td\"><p class=\"content-p\">1m. Length weight (kg\/m)<\/p><\/td><td class=\"content-td\"><p class=\"content-p\">2,38<\/p><\/td><td class=\"content-td\"><p class=\"content-p\">2,93<\/p><\/td><td class=\"content-td\"><p class=\"content-p\">3,34<\/p><\/td><td class=\"content-td\"><p class=\"content-p\">3,75<\/p><\/td><td class=\"content-td\"><p class=\"content-p\">4,15<\/p><\/td><td class=\"content-td\"><p class=\"content-p\">4,98<\/p><\/td><td class=\"content-td\"><p class=\"content-p\">5,77<\/p><\/td><td class=\"content-td\"><p class=\"content-p\">6,56<\/p><\/td><td class=\"content-td\"><p class=\"content-p\">7,35<\/p><\/td><\/tr><tr class=\"content-tr\"><td class=\"content-td\"><p class=\"content-p\">Area of use weight (kg\/m2)<\/p><\/td><td class=\"content-td\"><p class=\"content-p\">2,99<\/p><\/td><td class=\"content-td\"><p class=\"content-p\">3,69<\/p><\/td><td class=\"content-td\"><p class=\"content-p\">4,2<\/p><\/td><td class=\"content-td\"><p class=\"content-p\">4,72<\/p><\/td><td class=\"content-td\"><p class=\"content-p\">5,22<\/p><\/td><td class=\"content-td\"><p class=\"content-p\">6,26<\/p><\/td><td class=\"content-td\"><p class=\"content-p\">7,26<\/p><\/td><td class=\"content-td\"><p class=\"content-p\">8,25<\/p><\/td><td class=\"content-td\"><p class=\"content-p\">9,25<\/p><\/td><\/tr><\/tbody><\/table><\/div><h4>\u00a0<\/h4><h4 class=\"content-h1 content-header first-h\">Trapezoidal Forms<br \/><strong class=\"content-strong\">27-200 Trapezoidal Form<\/strong><\/h4><p class=\"content-p\"><strong class=\"content-strong\">27\/200 trapezoidal form<\/strong>, is the most economical and most common form.\u00a0<strong class=\"content-strong\">Galvanised<\/strong>\u00a0sheet metal or\u00a0<strong class=\"content-strong\">aluminium<\/strong>from\u00a0<strong class=\"content-strong\">coilcoating system<\/strong>\u00a0with painted or unpainted,\u00a0<strong class=\"content-strong\">0.50 - 1 mm\u00a0<\/strong>can be produced in different thicknesses and colours. Net coating area is 800 or 1000 mm.<\/p><p class=\"content-p\"><strong class=\"content-strong\">38-151 Trapezoidal Form<\/strong><\/p><p class=\"content-p\"><strong class=\"content-strong\">38\/151 trapezoidal form<\/strong>, is the ideal form for medium aperture purlins.\u00a0<strong class=\"content-strong\">Galvanised sheet<\/strong>\u00a0or\u00a0<strong class=\"content-strong\">aluminium<\/strong>from\u00a0<strong class=\"content-strong\">coilcoating system<\/strong>\u00a0with painted or unpainted,\u00a0<strong class=\"content-strong\">0.50 - 1 mm<\/strong>\u00a0can be produced in different thicknesses and colours. Net coating area\u00a0<strong class=\"content-strong\">906 mm<\/strong>\u00a0\u2018is<\/p><p class=\"content-p\"><strong class=\"content-strong\">40-245 Trapezoidal Form<\/strong><\/p><p class=\"content-p\"><strong class=\"content-strong\">40\/245 trapezoidal form<\/strong>, is one of the most cost-effective forms for roofing.\u00a0<strong class=\"content-strong\">Galvanised sheet<\/strong>\u00a0or\u00a0<strong class=\"content-strong\">aluminium<\/strong>from\u00a0<strong class=\"content-strong\">coilcoating system<\/strong>\u00a0with painted or unpainted,\u00a0<strong class=\"content-strong\">0,50 - 1<\/strong>\u00a0It can be produced in different thicknesses and colours between mm. Net coating area\u00a0<strong class=\"content-strong\">980 mm<\/strong>\u00a0\u2018is.<\/p><p class=\"content-p\"><strong class=\"content-strong\">55-300 Trapezoidal Form<\/strong><\/p><p class=\"content-p\"><strong class=\"content-strong\">55\/300 trapezoidal form<\/strong>, is the most suitable form for large spans and heavy loads on roofs.\u00a0<strong class=\"content-strong\">Galvanised sheet<\/strong>\u00a0or\u00a0<strong class=\"content-strong\">aluminium<\/strong>from\u00a0<strong class=\"content-strong\">coilcoating system<\/strong>\u00a0It can be produced in different thicknesses and colours between 0,50 - 1 mm, painted or unpainted. Net coating area is 900 mm.<\/p><p class=\"content-p\"><strong class=\"content-strong\">56\/180 Trapezoidal Form<\/strong><\/p><p class=\"content-p\">Suitable form for wide spans and heavy loads on roofs.\u00a0<strong class=\"content-strong\">Galvanised sheet<\/strong>\u00a0or\u00a0<strong class=\"content-strong\">aluminium<\/strong>from\u00a0<strong class=\"content-strong\">coilcoating system<\/strong>\u00a0with painted or unpainted,\u00a0<strong class=\"content-strong\">0.50 - 1 mm<\/strong>\u00a0can be produced in different thicknesses and colours. Net coating area 720 or\u00a0<strong class=\"content-strong\">900 mm<\/strong>\u2018is.<\/p>\t\t\t\t\t\t\t\t<\/div>\n\t\t\t\t<\/div>\n\t\t\t\t\t<\/div>\r\n\t\t\t\t<\/div>\r\n\t\t\t\t\t<\/div>\r\n\t\t\t\t<\/section>\r\n\t\t\t\t<section class=\"elementor-section elementor-top-section elementor-element elementor-element-1a4e4d4 pt-5 pb-2 pb-lg-5 elementor-section-boxed elementor-section-height-default elementor-section-height-default\" data-id=\"1a4e4d4\" data-element_type=\"section\" data-e-type=\"section\" data-settings=\"{&quot;background_background&quot;:&quot;classic&quot;}\">\r\n\t\t\r\n\t\t\t\t\t\t\t<div class=\"elementor-container elementor-column-gap-default\">\r\n\t\t\t\t\t\t\t\t\t\t\t<div class=\"elementor-column elementor-col-100 elementor-top-column elementor-element elementor-element-d61eb45 d-col-block position-static\" data-id=\"d61eb45\" data-element_type=\"column\" data-e-type=\"column\">\r\n\t\t\t\t\t<div class=\"elementor-widget-wrap elementor-element-populated\">\r\n\t\t\t\t\t\t\t\t<div class=\"elementor-element elementor-element-8e54a08 pe-lg-5 mb-3 elementor-invisible elementor-widget elementor-widget-text-editor\" data-id=\"8e54a08\" data-element_type=\"widget\" data-e-type=\"widget\" data-settings=\"{&quot;_animation&quot;:&quot;fadeInUp&quot;,&quot;_animation_delay&quot;:800}\" data-widget_type=\"text-editor.default\">\n\t\t\t\t<div class=\"elementor-widget-container\">\n\t\t\t\t\t\t\t\t\t<h1>Areas of Use<\/h1>\t\t\t\t\t\t\t\t<\/div>\n\t\t\t\t<\/div>\n\t\t\t\t<div class=\"elementor-element elementor-element-5e1ca41 elementor-widget elementor-widget-text-editor\" data-id=\"5e1ca41\" data-element_type=\"widget\" data-e-type=\"widget\" data-widget_type=\"text-editor.default\">\n\t\t\t\t<div class=\"elementor-widget-container\">\n\t\t\t\t\t\t\t\t\t<ul class=\"content-ul\"><li class=\"content-li\">Industrial buildings<\/li><li class=\"content-li\">Military structures.<\/li><li class=\"content-li\">Social structures.<\/li><li class=\"content-li\">Agricultural structures.<\/li><li class=\"content-li\">Sports facilities.<\/li><li class=\"content-li\">Construction Site Buildings.<\/li><li class=\"content-li\">Silos.<\/li><li class=\"content-li\">Hypermarkets.<\/li><li class=\"content-li\">Shopping centres.<\/li><li class=\"content-li\">Hal buildings.<\/li><\/ul><p class=\"content-p first-p\">It can be used in structures with a load-bearing system of steel or prefabricated concrete. Galvanised on the facade and high slope roof<strong class=\"content-strong\">\u00a0trapezoidal coating<\/strong>\u00a0can be applied as a top or bottom coating. On-site application is applied as bottom or top coating in double layer systems.<\/p>\t\t\t\t\t\t\t\t<\/div>\n\t\t\t\t<\/div>\n\t\t\t\t\t<\/div>\r\n\t\t\t\t<\/div>\r\n\t\t\t\t\t<\/div>\r\n\t\t\t\t<\/section>\r\n\t\t\t\t<\/div>","protected":false},"excerpt":{"rendered":"<p>TRAPEZ Galvanizli Trapez Galvanizli trapez tek kat \u00fcr\u00fcnlerin 27\/200 formlanm\u0131\u015f hali trapez levha olarak adland\u0131r\u0131l\u0131r. Trapez formu ile saclar sa\u011flam, uzun \u00f6m\u00fcrl\u00fc, ekonomik, \u00e7atlamaz, k\u0131r\u0131lmaz, paslanmaz, hafif, \u00e7ok kolay bir \u00e7at\u0131 \u00f6rt\u00fcs\u00fcd\u00fcr. Kalite : DX51D+Z &#8211; DX54D+Z &#8211; DX56D+Z Form : 27-200 -38-151 &#8211; 40-245 &#8211; 55-300 &#8211; 56-180 Kal\u0131nl\u0131k : 0,30 &#8211; 0,95 mm [&hellip;]<\/p>\n","protected":false},"author":1,"featured_media":0,"parent":0,"menu_order":0,"comment_status":"closed","ping_status":"closed","template":"","meta":{"_acf_changed":false,"footnotes":""},"class_list":["post-3930","page","type-page","status-publish","hentry"],"acf":[],"_links":{"self":[{"href":"https:\/\/torosdemir.com\/en_gb\/wp-json\/wp\/v2\/pages\/3930","targetHints":{"allow":["GET"]}}],"collection":[{"href":"https:\/\/torosdemir.com\/en_gb\/wp-json\/wp\/v2\/pages"}],"about":[{"href":"https:\/\/torosdemir.com\/en_gb\/wp-json\/wp\/v2\/types\/page"}],"author":[{"embeddable":true,"href":"https:\/\/torosdemir.com\/en_gb\/wp-json\/wp\/v2\/users\/1"}],"replies":[{"embeddable":true,"href":"https:\/\/torosdemir.com\/en_gb\/wp-json\/wp\/v2\/comments?post=3930"}],"version-history":[{"count":7,"href":"https:\/\/torosdemir.com\/en_gb\/wp-json\/wp\/v2\/pages\/3930\/revisions"}],"predecessor-version":[{"id":3937,"href":"https:\/\/torosdemir.com\/en_gb\/wp-json\/wp\/v2\/pages\/3930\/revisions\/3937"}],"wp:attachment":[{"href":"https:\/\/torosdemir.com\/en_gb\/wp-json\/wp\/v2\/media?parent=3930"}],"curies":[{"name":"wp","href":"https:\/\/api.w.org\/{rel}","templated":true}]}}