{"id":3919,"date":"2023-02-10T16:43:01","date_gmt":"2023-02-10T13:43:01","guid":{"rendered":"https:\/\/torosdemir.com\/?page_id=3919"},"modified":"2025-10-20T13:58:17","modified_gmt":"2025-10-20T10:58:17","slug":"galvanised-concrete-trapezoid","status":"publish","type":"page","link":"https:\/\/torosdemir.com\/en_gb\/galvanised-concrete-trapezoid\/","title":{"rendered":"Galvanised Concrete Trapezoid"},"content":{"rendered":"<div data-elementor-type=\"wp-page\" data-elementor-id=\"3919\" class=\"elementor elementor-3919\">\n\t\t\t\t\t\t<section class=\"elementor-section elementor-top-section elementor-element elementor-element-3dc8245 pt-5 pb-2 pb-lg-5 elementor-section-boxed elementor-section-height-default elementor-section-height-default\" data-id=\"3dc8245\" data-element_type=\"section\" data-e-type=\"section\" data-settings=\"{&quot;background_background&quot;:&quot;classic&quot;}\">\r\n\t\t\r\n\t\t\t\t\t\t\t<div class=\"elementor-container elementor-column-gap-default\">\r\n\t\t\t\t\t\t\t\t\t\t\t<div class=\"elementor-column elementor-col-100 elementor-top-column elementor-element elementor-element-3dc69c0 d-col-block position-static\" data-id=\"3dc69c0\" data-element_type=\"column\" data-e-type=\"column\">\r\n\t\t\t\t\t<div class=\"elementor-widget-wrap elementor-element-populated\">\r\n\t\t\t\t\t\t\t\t<div class=\"elementor-element elementor-element-e4e4d62 py-2 mb-0 elementor-invisible elementor-widget elementor-widget-heading\" data-id=\"e4e4d62\" data-element_type=\"widget\" data-e-type=\"widget\" data-settings=\"{&quot;_animation_delay&quot;:200,&quot;_animation&quot;:&quot;fadeInUp&quot;}\" data-widget_type=\"heading.default\">\n\t\t\t\t<div class=\"elementor-widget-container\">\n\t\t\t\t\t<h3 class=\"elementor-heading-title elementor-size-default\">TRAPEZ<\/h3>\t\t\t\t<\/div>\n\t\t\t\t<\/div>\n\t\t\t\t<div class=\"elementor-element elementor-element-bd2f5c9 mb-3 elementor-invisible elementor-widget elementor-widget-heading\" data-id=\"bd2f5c9\" data-element_type=\"widget\" data-e-type=\"widget\" data-settings=\"{&quot;_animation&quot;:&quot;fadeInUp&quot;,&quot;_animation_delay&quot;:400}\" data-widget_type=\"heading.default\">\n\t\t\t\t<div class=\"elementor-widget-container\">\n\t\t\t\t\t<h3 class=\"elementor-heading-title elementor-size-default\">Galvanised Concrete Trapezoid<\/h3>\t\t\t\t<\/div>\n\t\t\t\t<\/div>\n\t\t\t\t<div class=\"elementor-element elementor-element-3a2f02c mb-4 custom-font1 elementor-invisible elementor-widget elementor-widget-heading\" data-id=\"3a2f02c\" data-element_type=\"widget\" data-e-type=\"widget\" data-settings=\"{&quot;_animation&quot;:&quot;fadeInUp&quot;,&quot;_animation_delay&quot;:600}\" data-widget_type=\"heading.default\">\n\t\t\t\t<div class=\"elementor-widget-container\">\n\t\t\t\t\t<p class=\"elementor-heading-title elementor-size-default\">It is the form of galvanised coils formed as trapezoidal sheet in roll forming machine. It is produced in 54\/305 form. It is produced from 1200 mm sheet. Useful area is 915 mm. It is used as composite flooring panel under concrete. It acts as a mould for concrete and eliminates this cost. Compared to concrete slabs of the same thickness, it is lighter, more load-bearing and saves concrete.\n\n<\/p>\t\t\t\t<\/div>\n\t\t\t\t<\/div>\n\t\t\t\t<section class=\"elementor-section elementor-inner-section elementor-element elementor-element-28d8da4 elementor-section-boxed elementor-section-height-default elementor-section-height-default\" data-id=\"28d8da4\" data-element_type=\"section\" data-e-type=\"section\">\r\n\t\t\r\n\t\t\t\t\t\t\t<div class=\"elementor-container elementor-column-gap-default\">\r\n\t\t\t\t\t\t\t\t\t\t\t<div class=\"elementor-column elementor-col-50 elementor-inner-column elementor-element elementor-element-b2e18fc\" data-id=\"b2e18fc\" data-element_type=\"column\" data-e-type=\"column\">\r\n\t\t\t\t\t<div class=\"elementor-widget-wrap elementor-element-populated\">\r\n\t\t\t\t\t\t\t\t<div class=\"elementor-element elementor-element-b9d1253 mb-3 elementor-invisible elementor-widget elementor-widget-porto_info_box\" data-id=\"b9d1253\" data-element_type=\"widget\" data-e-type=\"widget\" data-settings=\"{&quot;_animation&quot;:&quot;fadeInUp&quot;,&quot;_animation_delay&quot;:200}\" data-widget_type=\"porto_info_box.default\">\n\t\t\t\t<div class=\"elementor-widget-container\">\n\t\t\t\t\t<div class=\"porto-sicon-box style_1 default-icon\"><div class=\"porto-sicon-default\"><div class=\"porto-just-icon-wrapper porto-icon advanced\" style=\"margin-right:10px;\"><i class=\"fas fa-check\"><\/i><\/div><\/div><div class=\"porto-sicon-header\"><h3 class=\"porto-sicon-title\" style=\"\">Quality : DX51D+Z - DX52D+Z - DX53D+Z - DX54D+Z - DX56D+Z - S220 GD+Z - S250 GD+Z - S280 GD+Z - S320 GD+Z - S350 GD+Z<\/h3><\/div> <!-- header --><\/div><!-- porto-sicon-box -->\t\t\t\t<\/div>\n\t\t\t\t<\/div>\n\t\t\t\t<div class=\"elementor-element elementor-element-0003349 mb-3 elementor-invisible elementor-widget elementor-widget-porto_info_box\" data-id=\"0003349\" data-element_type=\"widget\" data-e-type=\"widget\" data-settings=\"{&quot;_animation&quot;:&quot;fadeInUp&quot;,&quot;_animation_delay&quot;:200}\" data-widget_type=\"porto_info_box.default\">\n\t\t\t\t<div class=\"elementor-widget-container\">\n\t\t\t\t\t<div class=\"porto-sicon-box style_1 default-icon\"><div class=\"porto-sicon-default\"><div class=\"porto-just-icon-wrapper porto-icon advanced\" style=\"margin-right:10px;\"><i class=\"fas fa-check\"><\/i><\/div><\/div><div class=\"porto-sicon-header\"><h3 class=\"porto-sicon-title\" style=\"\">Standard : TSE 4559<\/h3><\/div> <!-- header --><\/div><!-- porto-sicon-box -->\t\t\t\t<\/div>\n\t\t\t\t<\/div>\n\t\t\t\t<div class=\"elementor-element elementor-element-b28174b mb-3 elementor-invisible elementor-widget elementor-widget-porto_info_box\" data-id=\"b28174b\" data-element_type=\"widget\" data-e-type=\"widget\" data-settings=\"{&quot;_animation&quot;:&quot;fadeInUp&quot;,&quot;_animation_delay&quot;:200}\" data-widget_type=\"porto_info_box.default\">\n\t\t\t\t<div class=\"elementor-widget-container\">\n\t\t\t\t\t<div class=\"porto-sicon-box style_1 default-icon\"><div class=\"porto-sicon-default\"><div class=\"porto-just-icon-wrapper porto-icon advanced\" style=\"margin-right:10px;\"><i class=\"fas fa-check\"><\/i><\/div><\/div><div class=\"porto-sicon-header\"><h3 class=\"porto-sicon-title\" style=\"\">Form : 54\/305<\/h3><\/div> <!-- header --><\/div><!-- porto-sicon-box -->\t\t\t\t<\/div>\n\t\t\t\t<\/div>\n\t\t\t\t<div class=\"elementor-element elementor-element-4d7272f mb-3 elementor-invisible elementor-widget elementor-widget-porto_info_box\" data-id=\"4d7272f\" data-element_type=\"widget\" data-e-type=\"widget\" data-settings=\"{&quot;_animation&quot;:&quot;fadeInUp&quot;,&quot;_animation_delay&quot;:200}\" data-widget_type=\"porto_info_box.default\">\n\t\t\t\t<div class=\"elementor-widget-container\">\n\t\t\t\t\t<div class=\"porto-sicon-box style_1 default-icon\"><div class=\"porto-sicon-default\"><div class=\"porto-just-icon-wrapper porto-icon advanced\" style=\"margin-right:10px;\"><i class=\"fas fa-check\"><\/i><\/div><\/div><div class=\"porto-sicon-header\"><h3 class=\"porto-sicon-title\" style=\"\">Thickness : 0,70 - 1,50 mm<\/h3><\/div> <!-- header --><\/div><!-- porto-sicon-box -->\t\t\t\t<\/div>\n\t\t\t\t<\/div>\n\t\t\t\t<div class=\"elementor-element elementor-element-fb5288a mb-3 elementor-invisible elementor-widget elementor-widget-porto_info_box\" data-id=\"fb5288a\" data-element_type=\"widget\" data-e-type=\"widget\" data-settings=\"{&quot;_animation&quot;:&quot;fadeInUp&quot;,&quot;_animation_delay&quot;:200}\" data-widget_type=\"porto_info_box.default\">\n\t\t\t\t<div class=\"elementor-widget-container\">\n\t\t\t\t\t<div class=\"porto-sicon-box style_1 default-icon\"><div class=\"porto-sicon-default\"><div class=\"porto-just-icon-wrapper porto-icon advanced\" style=\"margin-right:10px;\"><i class=\"fas fa-check\"><\/i><\/div><\/div><div class=\"porto-sicon-header\"><h3 class=\"porto-sicon-title\" style=\"\">Width : 915 mm<\/h3><\/div> <!-- header --><\/div><!-- porto-sicon-box -->\t\t\t\t<\/div>\n\t\t\t\t<\/div>\n\t\t\t\t<div class=\"elementor-element elementor-element-c6c3b48 mb-3 elementor-invisible elementor-widget elementor-widget-porto_info_box\" data-id=\"c6c3b48\" data-element_type=\"widget\" data-e-type=\"widget\" data-settings=\"{&quot;_animation&quot;:&quot;fadeInUp&quot;,&quot;_animation_delay&quot;:200}\" data-widget_type=\"porto_info_box.default\">\n\t\t\t\t<div class=\"elementor-widget-container\">\n\t\t\t\t\t<div class=\"porto-sicon-box style_1 default-icon\"><div class=\"porto-sicon-default\"><div class=\"porto-just-icon-wrapper porto-icon advanced\" style=\"margin-right:10px;\"><i class=\"fas fa-check\"><\/i><\/div><\/div><div class=\"porto-sicon-header\"><h3 class=\"porto-sicon-title\" style=\"\">Length : 100 - 1300 mm<\/h3><\/div> <!-- header --><\/div><!-- porto-sicon-box -->\t\t\t\t<\/div>\n\t\t\t\t<\/div>\n\t\t\t\t\t<\/div>\r\n\t\t\t\t<\/div>\r\n\t\t\t\t<div class=\"elementor-column elementor-col-50 elementor-inner-column elementor-element elementor-element-05d009c\" data-id=\"05d009c\" data-element_type=\"column\" data-e-type=\"column\">\r\n\t\t\t\t\t<div class=\"elementor-widget-wrap elementor-element-populated\">\r\n\t\t\t\t\t\t\t\t<div class=\"elementor-element elementor-element-1428871 elementor-widget elementor-widget-image\" data-id=\"1428871\" data-element_type=\"widget\" data-e-type=\"widget\" data-widget_type=\"image.default\">\n\t\t\t\t<div class=\"elementor-widget-container\">\n\t\t\t\t\t\t\t\t\t\t\t\t\t\t\t<img fetchpriority=\"high\" decoding=\"async\" width=\"676\" height=\"373\" src=\"https:\/\/torosdemir.com\/wp-content\/uploads\/2023\/02\/Screenshot_1-1.jpg\" class=\"attachment-large size-large wp-image-2717\" alt=\"\" srcset=\"https:\/\/torosdemir.com\/wp-content\/uploads\/2023\/02\/Screenshot_1-1.jpg 676w, https:\/\/torosdemir.com\/wp-content\/uploads\/2023\/02\/Screenshot_1-1-640x353.jpg 640w, https:\/\/torosdemir.com\/wp-content\/uploads\/2023\/02\/Screenshot_1-1-400x221.jpg 400w, https:\/\/torosdemir.com\/wp-content\/uploads\/2023\/02\/Screenshot_1-1-367x203.jpg 367w\" sizes=\"(max-width: 676px) 100vw, 676px\" \/>\t\t\t\t\t\t\t\t\t\t\t\t\t\t\t<\/div>\n\t\t\t\t<\/div>\n\t\t\t\t\t<\/div>\r\n\t\t\t\t<\/div>\r\n\t\t\t\t\t<\/div>\r\n\t\t\t\t<\/section>\r\n\t\t\t\t<div class=\"elementor-element elementor-element-e5254dc tri-bottom mb-0 elementor-widget elementor-widget-html\" data-id=\"e5254dc\" data-element_type=\"widget\" data-e-type=\"widget\" data-widget_type=\"html.default\">\n\t\t\t\t<div class=\"elementor-widget-container\">\n\t\t\t\t\t<svg version=\"1.1\" xmlns=\"http:\/\/www.w3.org\/2000\/svg\" xmlns:xlink=\"http:\/\/www.w3.org\/1999\/xlink\" x=\"0px\" y=\"0px\" viewbox=\"0 0 2000 120\" preserveaspectratio=\"xMinYMin\">\n\t<polygon fill=\"#FFF\" points=\"-11,2 693,112 2019,6 2019,135 -11,135 \"><\/polygon>\n<\/svg>\t\t\t\t<\/div>\n\t\t\t\t<\/div>\n\t\t\t\t\t<\/div>\r\n\t\t\t\t<\/div>\r\n\t\t\t\t\t<\/div>\r\n\t\t\t\t<\/section>\r\n\t\t\t\t<section class=\"elementor-section elementor-top-section elementor-element elementor-element-c9ba90f pt-5 pb-2 pb-lg-5 elementor-section-boxed elementor-section-height-default elementor-section-height-default\" data-id=\"c9ba90f\" data-element_type=\"section\" data-e-type=\"section\" data-settings=\"{&quot;background_background&quot;:&quot;classic&quot;}\">\r\n\t\t\r\n\t\t\t\t\t\t\t<div class=\"elementor-container elementor-column-gap-default\">\r\n\t\t\t\t\t\t\t\t\t\t\t<div class=\"elementor-column elementor-col-100 elementor-top-column elementor-element elementor-element-316df23 d-col-block position-static\" data-id=\"316df23\" data-element_type=\"column\" data-e-type=\"column\">\r\n\t\t\t\t\t<div class=\"elementor-widget-wrap elementor-element-populated\">\r\n\t\t\t\t\t\t\t\t<div class=\"elementor-element elementor-element-ba91c09 pe-lg-5 mb-3 elementor-invisible elementor-widget elementor-widget-text-editor\" data-id=\"ba91c09\" data-element_type=\"widget\" data-e-type=\"widget\" data-settings=\"{&quot;_animation&quot;:&quot;fadeInUp&quot;,&quot;_animation_delay&quot;:800}\" data-widget_type=\"text-editor.default\">\n\t\t\t\t<div class=\"elementor-widget-container\">\n\t\t\t\t\t\t\t\t\t<h4 class=\"content-h1 content-header\">Advantages<\/h4><ul class=\"content-ul\"><li class=\"content-li\">It acts as a mould.<\/li><li class=\"content-li\">Creates a safe system.<\/li><li class=\"content-li\">Accelerates building construction time.<\/li><li class=\"content-li\">Reduces the cost of steel and concrete.<\/li><\/ul>\t\t\t\t\t\t\t\t<\/div>\n\t\t\t\t<\/div>\n\t\t\t\t\t<\/div>\r\n\t\t\t\t<\/div>\r\n\t\t\t\t\t<\/div>\r\n\t\t\t\t<\/section>\r\n\t\t\t\t<section class=\"elementor-section elementor-top-section elementor-element elementor-element-babe931 pt-5 pb-2 pb-lg-5 elementor-section-boxed elementor-section-height-default elementor-section-height-default\" data-id=\"babe931\" data-element_type=\"section\" data-e-type=\"section\" data-settings=\"{&quot;background_background&quot;:&quot;classic&quot;}\">\r\n\t\t\r\n\t\t\t\t\t\t\t<div class=\"elementor-container elementor-column-gap-default\">\r\n\t\t\t\t\t\t\t\t\t\t\t<div class=\"elementor-column elementor-col-100 elementor-top-column elementor-element elementor-element-28e1dac d-col-block position-static\" data-id=\"28e1dac\" data-element_type=\"column\" data-e-type=\"column\">\r\n\t\t\t\t\t<div class=\"elementor-widget-wrap elementor-element-populated\">\r\n\t\t\t\t\t\t\t\t<div class=\"elementor-element elementor-element-4ed8525 mb-3 elementor-invisible elementor-widget elementor-widget-heading\" data-id=\"4ed8525\" data-element_type=\"widget\" data-e-type=\"widget\" data-settings=\"{&quot;_animation&quot;:&quot;fadeInUp&quot;,&quot;_animation_delay&quot;:400}\" data-widget_type=\"heading.default\">\n\t\t\t\t<div class=\"elementor-widget-container\">\n\t\t\t\t\t<h3 class=\"elementor-heading-title elementor-size-default\">Technical Specifications<\/h3>\t\t\t\t<\/div>\n\t\t\t\t<\/div>\n\t\t\t\t<div class=\"elementor-element elementor-element-c85165a tri-bottom mb-0 elementor-widget elementor-widget-html\" data-id=\"c85165a\" data-element_type=\"widget\" data-e-type=\"widget\" data-widget_type=\"html.default\">\n\t\t\t\t<div class=\"elementor-widget-container\">\n\t\t\t\t\t<svg version=\"1.1\" xmlns=\"http:\/\/www.w3.org\/2000\/svg\" xmlns:xlink=\"http:\/\/www.w3.org\/1999\/xlink\" x=\"0px\" y=\"0px\" viewbox=\"0 0 2000 120\" preserveaspectratio=\"xMinYMin\">\n\t<polygon fill=\"#FFF\" points=\"-11,2 693,112 2019,6 2019,135 -11,135 \"><\/polygon>\n<\/svg>\t\t\t\t<\/div>\n\t\t\t\t<\/div>\n\t\t\t\t<div class=\"elementor-element elementor-element-e428c56 pe-lg-5 mb-3 elementor-invisible elementor-widget elementor-widget-text-editor\" data-id=\"e428c56\" data-element_type=\"widget\" data-e-type=\"widget\" data-settings=\"{&quot;_animation&quot;:&quot;fadeInUp&quot;,&quot;_animation_delay&quot;:800}\" data-widget_type=\"text-editor.default\">\n\t\t\t\t<div class=\"elementor-widget-container\">\n\t\t\t\t\t\t\t\t\t<div class=\"content-table-wrapper\"><table class=\"content-table\"><tbody><tr class=\"content-tr\"><td colspan=\"2\"><p class=\"content-p first-p\"><strong class=\"content-strong\">Hot Dipped Galvanised 58\/915 Concrete Trapezoid Technical Specifications:<\/strong><\/p><\/td><\/tr><tr class=\"content-tr\"><td class=\"content-td\"><p class=\"content-p\">Thickness<\/p><\/td><td class=\"content-td\"><p class=\"content-p\">0.70 - 1.50 mm<\/p><\/td><\/tr><tr class=\"content-tr\"><td class=\"content-td\"><p class=\"content-p\">Width<\/p><\/td><td class=\"content-td\"><p class=\"content-p\">915 mm<\/p><\/td><\/tr><tr class=\"content-tr\"><td class=\"content-td\"><p class=\"content-p\">Boy<\/p><\/td><td class=\"content-td\"><p class=\"content-p\">100 - 13000 mm<\/p><\/td><\/tr><tr class=\"content-tr\"><td class=\"content-td\"><p class=\"content-p\">Coating Thickness (two surfaces total)<\/p><\/td><td class=\"content-td\"><p class=\"content-p\">50 - 350 gr\/m2<\/p><\/td><\/tr><tr class=\"content-tr\"><td class=\"content-td\"><p class=\"content-p\">Steel Type<\/p><\/td><td class=\"content-td\"><p class=\"content-p\">Steels Suitable for Cold Forming (DX51D+Z,<br \/>DX52D+Z, DX53D+Z, DX54D+Z, DX56D+Z) Non-alloy Structural Steels<br \/>(S220 GD+Z, S250 GD+Z, S280 GD+Z, S320 GD+Z, S350 GD+Z)<\/p><\/td><\/tr><\/tbody><\/table><\/div><p class=\"content-p\">\u00a0<\/p><div class=\"content-table-wrapper\"><table class=\"content-table\"><tbody><tr class=\"content-tr\"><td colspan=\"2\"><p class=\"content-p\"><strong class=\"content-strong\">Hot Dip Painted 58\/915 Concrete Trapeze Technical Specifications:<\/strong><\/p><\/td><\/tr><tr class=\"content-tr\"><td class=\"content-td\"><p class=\"content-p\">Thickness<\/p><\/td><td class=\"content-td\"><p class=\"content-p\">0.70 - 1.50 mm<\/p><\/td><\/tr><tr class=\"content-tr\"><td class=\"content-td\"><p class=\"content-p\">Width<\/p><\/td><td class=\"content-td\"><p class=\"content-p\">915 mm<\/p><\/td><\/tr><tr class=\"content-tr\"><td class=\"content-td\"><p class=\"content-p\">Boy<\/p><\/td><td class=\"content-td\"><p class=\"content-p\">100 - 13000 mm<\/p><\/td><\/tr><tr class=\"content-tr\"><td class=\"content-td\"><p class=\"content-p\">Coating Thickness (two surfaces total)<\/p><\/td><td class=\"content-td\"><p class=\"content-p\">50 - 350 gr\/m2<\/p><\/td><\/tr><tr class=\"content-tr\"><td class=\"content-td\"><p class=\"content-p\">Steel Type<\/p><\/td><td class=\"content-td\"><p class=\"content-p\">Steels Suitable for Cold Forming (DX51D+Z, DX52D+Z,<br \/>DX53D+Z, DX54D+Z, DX56D+Z) Non-alloy Structural Steels<br \/>(S220 GD+Z, S250 GD+Z, S280 GD+Z, S320 GD+Z, S350 GD+Z)<\/p><\/td><\/tr><tr class=\"content-tr\"><td class=\"content-td\"><p class=\"content-p\">Paint Type<\/p><\/td><td class=\"content-td\"><p class=\"content-p\">Polyester, Pvdf, Plastisol, PVC<\/p><\/td><\/tr><tr class=\"content-tr\"><td class=\"content-td\"><p class=\"content-p\">Colour Option<\/p><\/td><td class=\"content-td\"><p class=\"content-p\">All RAL<\/p><\/td><\/tr><\/tbody><\/table><\/div><div class=\"content-table-wrapper\"><table class=\"content-table\"><tbody><tr class=\"content-tr\"><td colspan=\"7\"><p class=\"content-p\"><strong class=\"content-strong\">IAS 58\/915 Section Properties:<\/strong><\/p><\/td><\/tr><tr class=\"content-tr\"><td class=\"content-td\"><p class=\"content-p\">Wall Thickness t:(mm)<\/p><\/td><td class=\"content-td\"><p class=\"content-p\">0,7<\/p><\/td><td class=\"content-td\"><p class=\"content-p\">0,8<\/p><\/td><td class=\"content-td\"><p class=\"content-p\">0,9<\/p><\/td><td class=\"content-td\"><p class=\"content-p\">1<\/p><\/td><td class=\"content-td\"><p class=\"content-p\">1,2<\/p><\/td><td class=\"content-td\"><p class=\"content-p\">1,5<\/p><\/td><\/tr><tr class=\"content-tr\"><td class=\"content-td\"><p class=\"content-p\">Area A:(mm2)<\/p><\/td><td class=\"content-td\"><p class=\"content-p\">840<\/p><\/td><td class=\"content-td\"><p class=\"content-p\">960<\/p><\/td><td class=\"content-td\"><p class=\"content-p\">1080<\/p><\/td><td class=\"content-td\"><p class=\"content-p\">1200<\/p><\/td><td class=\"content-td\"><p class=\"content-p\">1440<\/p><\/td><td class=\"content-td\"><p class=\"content-p\">1800<\/p><\/td><\/tr><tr class=\"content-tr\"><td class=\"content-td\"><p class=\"content-p\">Unit Weight G:(kg\/m2)<\/p><\/td><td class=\"content-td\"><p class=\"content-p\">7,21<\/p><\/td><td class=\"content-td\"><p class=\"content-p\">8,24<\/p><\/td><td class=\"content-td\"><p class=\"content-p\">9,27<\/p><\/td><td class=\"content-td\"><p class=\"content-p\">10,3<\/p><\/td><td class=\"content-td\"><p class=\"content-p\">12,4<\/p><\/td><td class=\"content-td\"><p class=\"content-p\">15,4<\/p><\/td><\/tr><tr class=\"content-tr\"><td class=\"content-td\"><p class=\"content-p\">Moment of Inertia i:(mm2)<\/p><\/td><td class=\"content-td\"><p class=\"content-p\">551177<\/p><\/td><td class=\"content-td\"><p class=\"content-p\">629869<\/p><\/td><td class=\"content-td\"><p class=\"content-p\">708560<\/p><\/td><td class=\"content-td\"><p class=\"content-p\">787244<\/p><\/td><td class=\"content-td\"><p class=\"content-p\">944594<\/p><\/td><td class=\"content-td\"><p class=\"content-p\">1180587<\/p><\/td><\/tr><tr class=\"content-tr\"><td class=\"content-td\"><p class=\"content-p\">Principal Exception Distance c:(mm2)<\/p><\/td><td class=\"content-td\"><p class=\"content-p\">33,48<\/p><\/td><td class=\"content-td\"><p class=\"content-p\">33,52<\/p><\/td><td class=\"content-td\"><p class=\"content-p\">33,56<\/p><\/td><td class=\"content-td\"><p class=\"content-p\">33,6<\/p><\/td><td class=\"content-td\"><p class=\"content-p\">33,68<\/p><\/td><td class=\"content-td\"><p class=\"content-p\">33,8<\/p><\/td><\/tr><tr class=\"content-tr\"><td class=\"content-td\"><p class=\"content-p\">Strength Moment W:(mm2)<\/p><\/td><td class=\"content-td\"><p class=\"content-p\">16462,7<\/p><\/td><td class=\"content-td\"><p class=\"content-p\">18790,8<\/p><\/td><td class=\"content-td\"><p class=\"content-p\">18790,8<\/p><\/td><td class=\"content-td\"><p class=\"content-p\">23429,9<\/p><\/td><td class=\"content-td\"><p class=\"content-p\">28046,1<\/p><\/td><td class=\"content-td\"><p class=\"content-p\">34928,6<\/p><\/td><\/tr><\/tbody><\/table><\/div>\t\t\t\t\t\t\t\t<\/div>\n\t\t\t\t<\/div>\n\t\t\t\t\t<\/div>\r\n\t\t\t\t<\/div>\r\n\t\t\t\t\t<\/div>\r\n\t\t\t\t<\/section>\r\n\t\t\t\t<section class=\"elementor-section elementor-top-section elementor-element elementor-element-1a4e4d4 pt-5 pb-2 pb-lg-5 elementor-section-boxed elementor-section-height-default elementor-section-height-default\" data-id=\"1a4e4d4\" data-element_type=\"section\" data-e-type=\"section\" data-settings=\"{&quot;background_background&quot;:&quot;classic&quot;}\">\r\n\t\t\r\n\t\t\t\t\t\t\t<div class=\"elementor-container elementor-column-gap-default\">\r\n\t\t\t\t\t\t\t\t\t\t\t<div class=\"elementor-column elementor-col-100 elementor-top-column elementor-element elementor-element-d61eb45 d-col-block position-static\" data-id=\"d61eb45\" data-element_type=\"column\" data-e-type=\"column\">\r\n\t\t\t\t\t<div class=\"elementor-widget-wrap elementor-element-populated\">\r\n\t\t\t\t\t\t\t\t<div class=\"elementor-element elementor-element-8e54a08 pe-lg-5 mb-3 elementor-invisible elementor-widget elementor-widget-text-editor\" data-id=\"8e54a08\" data-element_type=\"widget\" data-e-type=\"widget\" data-settings=\"{&quot;_animation&quot;:&quot;fadeInUp&quot;,&quot;_animation_delay&quot;:800}\" data-widget_type=\"text-editor.default\">\n\t\t\t\t<div class=\"elementor-widget-container\">\n\t\t\t\t\t\t\t\t\t<h1>Areas of Use<\/h1>\t\t\t\t\t\t\t\t<\/div>\n\t\t\t\t<\/div>\n\t\t\t\t<div class=\"elementor-element elementor-element-5e1ca41 elementor-widget elementor-widget-text-editor\" data-id=\"5e1ca41\" data-element_type=\"widget\" data-e-type=\"widget\" data-widget_type=\"text-editor.default\">\n\t\t\t\t<div class=\"elementor-widget-container\">\n\t\t\t\t\t\t\t\t\t<ul class=\"content-ul\"><li class=\"content-li\"><strong class=\"content-strong\">Steel construction<\/strong>\u00a0structures,<\/li><li class=\"content-li\">Housing,<\/li><li class=\"content-li\">Airfields<\/li><li class=\"content-li\">Fuel stations<\/li><li class=\"content-li\">Industrial buildings\u00a0<strong class=\"content-strong\">under concrete<\/strong>\u00a0applications.<\/li><\/ul>\t\t\t\t\t\t\t\t<\/div>\n\t\t\t\t<\/div>\n\t\t\t\t\t<\/div>\r\n\t\t\t\t<\/div>\r\n\t\t\t\t\t<\/div>\r\n\t\t\t\t<\/section>\r\n\t\t\t\t<\/div>","protected":false},"excerpt":{"rendered":"<p>TRAPEZ Galvanizli Beton Trapezi Galvanizli rulolar\u0131n Roll form makinas\u0131nda trapez levha olarak formlanm\u0131\u015f halidir. 54\/305 formunda \u00fcretilmektedir. 1200 mm sacdan \u00fcretilir. Faydal\u0131 alan\u0131 915 mm&#8217; dir. Beton alt\u0131nda kompozit d\u00f6\u015feme paneli olarak kullan\u0131l\u0131r. Betona kal\u0131p vazifesi g\u00f6r\u00fcr ve bu maliyeti ortadan kald\u0131r\u0131r. Ayn\u0131 kal\u0131nl\u0131kta beton plak d\u00f6\u015femelere g\u00f6re hafif, y\u00fck ta\u015f\u0131mas\u0131 fazlad\u0131r ve beton tasarrufu [&hellip;]<\/p>\n","protected":false},"author":1,"featured_media":0,"parent":0,"menu_order":0,"comment_status":"closed","ping_status":"closed","template":"","meta":{"_acf_changed":false,"footnotes":""},"class_list":["post-3919","page","type-page","status-publish","hentry"],"acf":[],"_links":{"self":[{"href":"https:\/\/torosdemir.com\/en_gb\/wp-json\/wp\/v2\/pages\/3919","targetHints":{"allow":["GET"]}}],"collection":[{"href":"https:\/\/torosdemir.com\/en_gb\/wp-json\/wp\/v2\/pages"}],"about":[{"href":"https:\/\/torosdemir.com\/en_gb\/wp-json\/wp\/v2\/types\/page"}],"author":[{"embeddable":true,"href":"https:\/\/torosdemir.com\/en_gb\/wp-json\/wp\/v2\/users\/1"}],"replies":[{"embeddable":true,"href":"https:\/\/torosdemir.com\/en_gb\/wp-json\/wp\/v2\/comments?post=3919"}],"version-history":[{"count":4,"href":"https:\/\/torosdemir.com\/en_gb\/wp-json\/wp\/v2\/pages\/3919\/revisions"}],"predecessor-version":[{"id":3923,"href":"https:\/\/torosdemir.com\/en_gb\/wp-json\/wp\/v2\/pages\/3919\/revisions\/3923"}],"wp:attachment":[{"href":"https:\/\/torosdemir.com\/en_gb\/wp-json\/wp\/v2\/media?parent=3919"}],"curies":[{"name":"wp","href":"https:\/\/api.w.org\/{rel}","templated":true}]}}