{"id":3394,"date":"2023-02-09T10:01:11","date_gmt":"2023-02-09T07:01:11","guid":{"rendered":"https:\/\/torosdemir.com\/?page_id=3394"},"modified":"2025-10-20T13:50:59","modified_gmt":"2025-10-20T10:50:59","slug":"delikli-sac","status":"publish","type":"page","link":"https:\/\/torosdemir.com\/en_gb\/delikli-sac\/","title":{"rendered":"Perforated Sheet"},"content":{"rendered":"<div data-elementor-type=\"wp-page\" data-elementor-id=\"3394\" class=\"elementor elementor-3394\">\n\t\t\t\t\t\t<section class=\"elementor-section elementor-top-section elementor-element elementor-element-3dc8245 pt-5 pb-2 pb-lg-5 elementor-section-boxed elementor-section-height-default elementor-section-height-default\" data-id=\"3dc8245\" data-element_type=\"section\" data-e-type=\"section\" data-settings=\"{&quot;background_background&quot;:&quot;classic&quot;}\">\r\n\t\t\r\n\t\t\t\t\t\t\t<div class=\"elementor-container elementor-column-gap-default\">\r\n\t\t\t\t\t\t\t\t\t\t\t<div class=\"elementor-column elementor-col-100 elementor-top-column elementor-element elementor-element-3dc69c0 d-col-block position-static\" data-id=\"3dc69c0\" data-element_type=\"column\" data-e-type=\"column\">\r\n\t\t\t\t\t<div class=\"elementor-widget-wrap elementor-element-populated\">\r\n\t\t\t\t\t\t\t\t<div class=\"elementor-element elementor-element-e4e4d62 py-2 mb-0 elementor-invisible elementor-widget elementor-widget-heading\" data-id=\"e4e4d62\" data-element_type=\"widget\" data-e-type=\"widget\" data-settings=\"{&quot;_animation_delay&quot;:200,&quot;_animation&quot;:&quot;fadeInUp&quot;}\" data-widget_type=\"heading.default\">\n\t\t\t\t<div class=\"elementor-widget-container\">\n\t\t\t\t\t<h3 class=\"elementor-heading-title elementor-size-default\">Hair<\/h3>\t\t\t\t<\/div>\n\t\t\t\t<\/div>\n\t\t\t\t<div class=\"elementor-element elementor-element-bd2f5c9 mb-3 elementor-invisible elementor-widget elementor-widget-heading\" data-id=\"bd2f5c9\" data-element_type=\"widget\" data-e-type=\"widget\" data-settings=\"{&quot;_animation&quot;:&quot;fadeInUp&quot;,&quot;_animation_delay&quot;:400}\" data-widget_type=\"heading.default\">\n\t\t\t\t<div class=\"elementor-widget-container\">\n\t\t\t\t\t<h3 class=\"elementor-heading-title elementor-size-default\">Cold Rolled Steel Sheet<\/h3>\t\t\t\t<\/div>\n\t\t\t\t<\/div>\n\t\t\t\t<div class=\"elementor-element elementor-element-3a2f02c mb-4 custom-font1 elementor-invisible elementor-widget elementor-widget-heading\" data-id=\"3a2f02c\" data-element_type=\"widget\" data-e-type=\"widget\" data-settings=\"{&quot;_animation&quot;:&quot;fadeInUp&quot;,&quot;_animation_delay&quot;:600}\" data-widget_type=\"heading.default\">\n\t\t\t\t<div class=\"elementor-widget-container\">\n\t\t\t\t\t<p class=\"elementor-heading-title elementor-size-default\">Perforated sheet metal is sheet metal from which metal is removed through a hole. This type of metal is usually composed of carbon steel, stainless steel or monel metal. It allows various standardised designs, thus making it useful for most purposes.\n\nMost perforated sheet metal comes in sheets between 16 and 24 gauge, which is perfect for design. These types with round holes are best used for ventilation, decoration and protection. This design typically has a good strength to weight ratio. It is also available in corrosion-resistant varieties. According to experts, perforated sheet metal has a larger, more predictable and more accurate load carrying capacity than expanded metal or wire mesh.<\/p>\t\t\t\t<\/div>\n\t\t\t\t<\/div>\n\t\t\t\t<section class=\"elementor-section elementor-inner-section elementor-element elementor-element-28d8da4 elementor-section-boxed elementor-section-height-default elementor-section-height-default\" data-id=\"28d8da4\" data-element_type=\"section\" data-e-type=\"section\">\r\n\t\t\r\n\t\t\t\t\t\t\t<div class=\"elementor-container elementor-column-gap-default\">\r\n\t\t\t\t\t\t\t\t\t\t\t<div class=\"elementor-column elementor-col-50 elementor-inner-column elementor-element elementor-element-b2e18fc\" data-id=\"b2e18fc\" data-element_type=\"column\" data-e-type=\"column\">\r\n\t\t\t\t\t<div class=\"elementor-widget-wrap elementor-element-populated\">\r\n\t\t\t\t\t\t\t\t<div class=\"elementor-element elementor-element-b9d1253 mb-3 elementor-invisible elementor-widget elementor-widget-porto_info_box\" data-id=\"b9d1253\" data-element_type=\"widget\" data-e-type=\"widget\" data-settings=\"{&quot;_animation&quot;:&quot;fadeInUp&quot;,&quot;_animation_delay&quot;:200}\" data-widget_type=\"porto_info_box.default\">\n\t\t\t\t<div class=\"elementor-widget-container\">\n\t\t\t\t\t<div class=\"porto-sicon-box style_1 default-icon\"><div class=\"porto-sicon-default\"><div class=\"porto-just-icon-wrapper porto-icon advanced\" style=\"margin-right:10px;\"><i class=\"fas fa-check\"><\/i><\/div><\/div><div class=\"porto-sicon-header\"><h3 class=\"porto-sicon-title\" style=\"\">Euro Quality : DC01 - DC01EK - DC03 - DC04 - DC04EK -- DX51D+Z - DX52D+Z - DX53D+Z - DX54D+Z<\/h3><\/div> <!-- header --><\/div><!-- porto-sicon-box -->\t\t\t\t<\/div>\n\t\t\t\t<\/div>\n\t\t\t\t<div class=\"elementor-element elementor-element-0003349 mb-3 elementor-invisible elementor-widget elementor-widget-porto_info_box\" data-id=\"0003349\" data-element_type=\"widget\" data-e-type=\"widget\" data-settings=\"{&quot;_animation&quot;:&quot;fadeInUp&quot;,&quot;_animation_delay&quot;:200}\" data-widget_type=\"porto_info_box.default\">\n\t\t\t\t<div class=\"elementor-widget-container\">\n\t\t\t\t\t<div class=\"porto-sicon-box style_1 default-icon\"><div class=\"porto-sicon-default\"><div class=\"porto-just-icon-wrapper porto-icon advanced\" style=\"margin-right:10px;\"><i class=\"fas fa-check\"><\/i><\/div><\/div><div class=\"porto-sicon-header\"><h3 class=\"porto-sicon-title\" style=\"\">Erdemir Quality : 6112 - 7111 - 7122 - 7512 - 6113 - 7123 - 6114 - 6513 - 7114 - 7124 - 7314 - 7513 - 1311 - 1312 - 1313 - 1314<\/h3><\/div> <!-- header --><\/div><!-- porto-sicon-box -->\t\t\t\t<\/div>\n\t\t\t\t<\/div>\n\t\t\t\t<div class=\"elementor-element elementor-element-b28174b mb-3 elementor-invisible elementor-widget elementor-widget-porto_info_box\" data-id=\"b28174b\" data-element_type=\"widget\" data-e-type=\"widget\" data-settings=\"{&quot;_animation&quot;:&quot;fadeInUp&quot;,&quot;_animation_delay&quot;:200}\" data-widget_type=\"porto_info_box.default\">\n\t\t\t\t<div class=\"elementor-widget-container\">\n\t\t\t\t\t<div class=\"porto-sicon-box style_1 default-icon\"><div class=\"porto-sicon-default\"><div class=\"porto-just-icon-wrapper porto-icon advanced\" style=\"margin-right:10px;\"><i class=\"fas fa-check\"><\/i><\/div><\/div><div class=\"porto-sicon-header\"><h3 class=\"porto-sicon-title\" style=\"\">Width : 1 - 10 mm<\/h3><\/div> <!-- header --><\/div><!-- porto-sicon-box -->\t\t\t\t<\/div>\n\t\t\t\t<\/div>\n\t\t\t\t<div class=\"elementor-element elementor-element-893bfbc mb-3 elementor-invisible elementor-widget elementor-widget-porto_info_box\" data-id=\"893bfbc\" data-element_type=\"widget\" data-e-type=\"widget\" data-settings=\"{&quot;_animation&quot;:&quot;fadeInUp&quot;,&quot;_animation_delay&quot;:200}\" data-widget_type=\"porto_info_box.default\">\n\t\t\t\t<div class=\"elementor-widget-container\">\n\t\t\t\t\t<div class=\"porto-sicon-box style_1 default-icon\"><div class=\"porto-sicon-default\"><div class=\"porto-just-icon-wrapper porto-icon advanced\" style=\"margin-right:10px;\"><i class=\"fas fa-check\"><\/i><\/div><\/div><div class=\"porto-sicon-header\"><h3 class=\"porto-sicon-title\" style=\"\">Wall Thickness : 1 - 4 mm<\/h3><\/div> <!-- header --><\/div><!-- porto-sicon-box -->\t\t\t\t<\/div>\n\t\t\t\t<\/div>\n\t\t\t\t<div class=\"elementor-element elementor-element-c6d8d28 mb-3 elementor-invisible elementor-widget elementor-widget-porto_info_box\" data-id=\"c6d8d28\" data-element_type=\"widget\" data-e-type=\"widget\" data-settings=\"{&quot;_animation&quot;:&quot;fadeInUp&quot;,&quot;_animation_delay&quot;:200}\" data-widget_type=\"porto_info_box.default\">\n\t\t\t\t<div class=\"elementor-widget-container\">\n\t\t\t\t\t<div class=\"porto-sicon-box style_1 default-icon\"><div class=\"porto-sicon-default\"><div class=\"porto-just-icon-wrapper porto-icon advanced\" style=\"margin-right:10px;\"><i class=\"fas fa-check\"><\/i><\/div><\/div><div class=\"porto-sicon-header\"><h3 class=\"porto-sicon-title\" style=\"\">Wall Thickness : 1 - 4 mm<\/h3><\/div> <!-- header --><\/div><!-- porto-sicon-box -->\t\t\t\t<\/div>\n\t\t\t\t<\/div>\n\t\t\t\t<div class=\"elementor-element elementor-element-0815b26 elementor-widget elementor-widget-spacer\" data-id=\"0815b26\" data-element_type=\"widget\" data-e-type=\"widget\" data-widget_type=\"spacer.default\">\n\t\t\t\t<div class=\"elementor-widget-container\">\n\t\t\t\t\t\t\t<div class=\"elementor-spacer\">\n\t\t\t<div class=\"elementor-spacer-inner\"><\/div>\n\t\t<\/div>\n\t\t\t\t\t\t<\/div>\n\t\t\t\t<\/div>\n\t\t\t\t\t<\/div>\r\n\t\t\t\t<\/div>\r\n\t\t\t\t<div class=\"elementor-column elementor-col-50 elementor-inner-column elementor-element elementor-element-05d009c\" data-id=\"05d009c\" data-element_type=\"column\" data-e-type=\"column\">\r\n\t\t\t\t\t<div class=\"elementor-widget-wrap elementor-element-populated\">\r\n\t\t\t\t\t\t\t\t<div class=\"elementor-element elementor-element-1428871 elementor-widget elementor-widget-image\" data-id=\"1428871\" data-element_type=\"widget\" data-e-type=\"widget\" data-widget_type=\"image.default\">\n\t\t\t\t<div class=\"elementor-widget-container\">\n\t\t\t\t\t\t\t\t\t\t\t\t\t\t\t<img fetchpriority=\"high\" decoding=\"async\" width=\"1024\" height=\"576\" src=\"https:\/\/torosdemir.com\/wp-content\/uploads\/2023\/02\/01369b99_big.webp\" class=\"attachment-large size-large wp-image-3397\" alt=\"\" srcset=\"https:\/\/torosdemir.com\/wp-content\/uploads\/2023\/02\/01369b99_big.webp 1024w, https:\/\/torosdemir.com\/wp-content\/uploads\/2023\/02\/01369b99_big-768x432.webp 768w, https:\/\/torosdemir.com\/wp-content\/uploads\/2023\/02\/01369b99_big-640x360.webp 640w, https:\/\/torosdemir.com\/wp-content\/uploads\/2023\/02\/01369b99_big-400x225.webp 400w, https:\/\/torosdemir.com\/wp-content\/uploads\/2023\/02\/01369b99_big-367x206.webp 367w\" sizes=\"(max-width: 1024px) 100vw, 1024px\" \/>\t\t\t\t\t\t\t\t\t\t\t\t\t\t\t<\/div>\n\t\t\t\t<\/div>\n\t\t\t\t\t<\/div>\r\n\t\t\t\t<\/div>\r\n\t\t\t\t\t<\/div>\r\n\t\t\t\t<\/section>\r\n\t\t\t\t<div class=\"elementor-element elementor-element-e5254dc tri-bottom mb-0 elementor-widget elementor-widget-html\" data-id=\"e5254dc\" data-element_type=\"widget\" data-e-type=\"widget\" data-widget_type=\"html.default\">\n\t\t\t\t<div class=\"elementor-widget-container\">\n\t\t\t\t\t<svg version=\"1.1\" xmlns=\"http:\/\/www.w3.org\/2000\/svg\" xmlns:xlink=\"http:\/\/www.w3.org\/1999\/xlink\" x=\"0px\" y=\"0px\" viewbox=\"0 0 2000 120\" preserveaspectratio=\"xMinYMin\">\n\t<polygon fill=\"#FFF\" points=\"-11,2 693,112 2019,6 2019,135 -11,135 \"><\/polygon>\n<\/svg>\t\t\t\t<\/div>\n\t\t\t\t<\/div>\n\t\t\t\t\t<\/div>\r\n\t\t\t\t<\/div>\r\n\t\t\t\t\t<\/div>\r\n\t\t\t\t<\/section>\r\n\t\t\t\t<section class=\"elementor-section elementor-top-section elementor-element elementor-element-c9ba90f pt-5 pb-2 pb-lg-5 elementor-section-boxed elementor-section-height-default elementor-section-height-default\" data-id=\"c9ba90f\" data-element_type=\"section\" data-e-type=\"section\" data-settings=\"{&quot;background_background&quot;:&quot;classic&quot;}\">\r\n\t\t\r\n\t\t\t\t\t\t\t<div class=\"elementor-container elementor-column-gap-default\">\r\n\t\t\t\t\t\t\t\t\t\t\t<div class=\"elementor-column elementor-col-100 elementor-top-column elementor-element elementor-element-316df23 d-col-block position-static\" data-id=\"316df23\" data-element_type=\"column\" data-e-type=\"column\">\r\n\t\t\t\t\t<div class=\"elementor-widget-wrap elementor-element-populated\">\r\n\t\t\t\t\t\t\t\t<div class=\"elementor-element elementor-element-ba91c09 pe-lg-5 mb-3 elementor-invisible elementor-widget elementor-widget-text-editor\" data-id=\"ba91c09\" data-element_type=\"widget\" data-e-type=\"widget\" data-settings=\"{&quot;_animation&quot;:&quot;fadeInUp&quot;,&quot;_animation_delay&quot;:800}\" data-widget_type=\"text-editor.default\">\n\t\t\t\t<div class=\"elementor-widget-container\">\n\t\t\t\t\t\t\t\t\t<p class=\"content-p\">This type of metal is usually\u00a0<strong class=\"content-strong\">screen doors<\/strong>, are used to create screens, such as windows or filters, because they are as simple to manipulate as possible. Architectural accents are also often used because of their flexibility and because they contribute to the character of a building or structure.\u00a0<strong class=\"content-strong\">perforated sheet<\/strong>is made from.<\/p><p class=\"content-p\"><strong class=\"content-strong\">Drilling of flat sheets<\/strong>\u00a0is obtained with.\u00a0<strong class=\"content-strong\">Perforated perforated sheets<\/strong>\u00a0It is among the frequently preferred sheet types because it allows water and air to pass through simply. Due to this feature, it is actively used in different areas such as filtering as well as ventilation.\u00a0<strong class=\"content-strong\">Galvanised perforated sheet<\/strong>\u00a0sheet and metal\u00a0<strong class=\"content-strong\">perforated sheet<\/strong>\u00a0etc. Sheet metal types produced from species attract attention with their thin and light structure.<\/p><p class=\"content-p\"><strong class=\"content-strong\">Perforated sheet models<\/strong>\u00a0have different types in the form of steel subjected to the cold rolling procedure and steel in stainless form.\u00a0<strong class=\"content-strong\">Metal perforated sheet<\/strong>\u00a0models are produced with unique hole models. Available in different sizes\u00a0<strong class=\"content-strong\">perforated perforated sheets<\/strong>\u00a0also attracts attention with its maximum power and high weight ratios. The products are aesthetically attractive and functionally versatile. Both the cutting and production of this type of sheet metal is also very simple.<\/p><p class=\"content-p\">Offering an aesthetically striking visual\u00a0<strong class=\"content-strong\">perforated perforated sheet<\/strong>\u00a0materials stand out with their high strength properties. The holes used in sheet metal profiles increase the resistance and also offer air and light permeability. However, the fact that it allows the passage of gases and liquids is perforated in the industrial field.\u00a0<strong class=\"content-strong\">perforated sheet<\/strong>\u00a0brings with it a greater use of materials<\/p><p class=\"content-p\">Usually house designers,\u00a0<strong class=\"content-strong\">use perforated sheet metal<\/strong>\u00a0they want to make changes to their house design. This type of architectural design is evident in new homes with metalwork built into the design. In fact, it may be possible to purchase reasonable decorative plates for a wide range of architectural design programmes.<\/p><p class=\"content-p\"><strong class=\"content-strong\">Acoustic panel<\/strong>in the development of acoustic modelling. Recording studios and office buildings near major transport hubs often have acoustic panels for sound attenuation or muting.\u00a0<strong class=\"content-strong\">Perforated sheet<\/strong>\u00a0metal is particularly suited to this use because of the way metal is made. The perforated areas actually \u201ccatch\u201d sound waves.<\/p><p class=\"content-p\">Holes and lighting fixtures are usually\u00a0<strong class=\"content-strong\">perforated sheet metal<\/strong>\u00a0because the material is light and simple to form. Many industrialised fittings for large warehouses as well as enclosures for animals have been made, and more or less every industry uses this material in some form. Often companies mould the metal according to the requirements of a specific customer.\u00a0<strong class=\"content-strong\">Perforated sheet<\/strong>is very simple to use and manipulate.<\/p>\t\t\t\t\t\t\t\t<\/div>\n\t\t\t\t<\/div>\n\t\t\t\t\t<\/div>\r\n\t\t\t\t<\/div>\r\n\t\t\t\t\t<\/div>\r\n\t\t\t\t<\/section>\r\n\t\t\t\t<section class=\"elementor-section elementor-top-section elementor-element elementor-element-cfe0a95 elementor-section-boxed elementor-section-height-default elementor-section-height-default\" data-id=\"cfe0a95\" data-element_type=\"section\" data-e-type=\"section\" data-settings=\"{&quot;background_background&quot;:&quot;classic&quot;}\">\r\n\t\t\r\n\t\t\t\t\t\t\t<div class=\"elementor-container elementor-column-gap-default\">\r\n\t\t\t\t\t\t\t\t\t\t\t<div class=\"elementor-column elementor-col-100 elementor-top-column elementor-element elementor-element-369f057\" data-id=\"369f057\" data-element_type=\"column\" data-e-type=\"column\">\r\n\t\t\t\t\t<div class=\"elementor-widget-wrap elementor-element-populated\">\r\n\t\t\t\t\t\t\t\t<div class=\"elementor-element elementor-element-4282dd7 elementor-widget elementor-widget-spacer\" data-id=\"4282dd7\" data-element_type=\"widget\" data-e-type=\"widget\" data-widget_type=\"spacer.default\">\n\t\t\t\t<div class=\"elementor-widget-container\">\n\t\t\t\t\t\t\t<div class=\"elementor-spacer\">\n\t\t\t<div class=\"elementor-spacer-inner\"><\/div>\n\t\t<\/div>\n\t\t\t\t\t\t<\/div>\n\t\t\t\t<\/div>\n\t\t\t\t<div class=\"elementor-element elementor-element-860c7c7 mb-2 elementor-invisible elementor-widget elementor-widget-heading\" data-id=\"860c7c7\" data-element_type=\"widget\" data-e-type=\"widget\" data-settings=\"{&quot;_animation&quot;:&quot;fadeInUp&quot;,&quot;_animation_delay&quot;:200}\" data-widget_type=\"heading.default\">\n\t\t\t\t<div class=\"elementor-widget-container\">\n\t\t\t\t\t<h2 class=\"elementor-heading-title elementor-size-default\">Perforated Sheet Arrangement<\/h2>\t\t\t\t<\/div>\n\t\t\t\t<\/div>\n\t\t\t\t<div class=\"elementor-element elementor-element-519d871 pe-lg-5 mb-3 elementor-invisible elementor-widget elementor-widget-text-editor\" data-id=\"519d871\" data-element_type=\"widget\" data-e-type=\"widget\" data-settings=\"{&quot;_animation&quot;:&quot;fadeInUp&quot;,&quot;_animation_delay&quot;:800}\" data-widget_type=\"text-editor.default\">\n\t\t\t\t<div class=\"elementor-widget-container\">\n\t\t\t\t\t\t\t\t\t<div class=\"content-table-wrapper\"><h4 class=\"content-h1 content-header first-h\">\u201cU\u201d Alignment Hole Visualisation<\/h4><p class=\"content-p first-p\">The arrangement of the centre points of the holes so that they coincide with the corners of a rectangle is coded as a \u201cU\u201d arrangement. The P1 field specifies the range value of the distance on the short side corresponding to the rectangle corners. The P2 field indicates the interval value of the distance on the long side corresponding to the rectangle corners. In the figure on the left you can see both the P1 area and the P2 area. Also, since the shape of the hole pattern resembles the letter U, it is called \u201cU\u201d pattern.<\/p><h4 class=\"content-h1 content-header\">\u201cZ\u201d Sequence Hole Visualisation<\/h4><p class=\"content-p\">The centre points of the holes are coded as a \u201cZ\u201d alignment, corresponding to the intersection of the corners of a rectangle and the diagonals of the rectangle. The P1 field specifies the interval value of the distance on the short side corresponding to the rectangle corners. The P2 field indicates the interval value of the distance on the long side corresponding to the rectangle corners.<\/p><h4 class=\"content-h1 content-header\">\u201cM\u201d Sequence Hole Visualisation<\/h4><p class=\"content-p\">The arrangement of the centre points of the holes so that they coincide with the intersection of the corners of a square and the diagonals of the square is coded as the \u201cM\u201d arrangement. Since it is a square, this arrangement does not have P1 and P2 values, but is indicated only by the P value. The P value is the same in all dimensions. The 45 degree angles are also indicated in the picture on the right. Since the shape of the hole pattern resembles the letter M, it is called \u201cM\u201d pattern.<\/p><h4 class=\"content-h1 content-header\">\u201cT\u201d Sequence Hole Visualisation<\/h4><p class=\"content-p\">The arrangement of the centre points of the holes so that they coincide with the corners of an equilateral triangle is coded as a \u201cT\u201d arrangement. The 60-degree angles are also indicated in the picture on the right. Since the shape of the hole arrangement resembles the letter T, it is called \u201cT\u201d arrangement.<\/p><\/div>\t\t\t\t\t\t\t\t<\/div>\n\t\t\t\t<\/div>\n\t\t\t\t<div class=\"elementor-element elementor-element-d237d3b elementor-widget elementor-widget-spacer\" data-id=\"d237d3b\" data-element_type=\"widget\" data-e-type=\"widget\" data-widget_type=\"spacer.default\">\n\t\t\t\t<div class=\"elementor-widget-container\">\n\t\t\t\t\t\t\t<div class=\"elementor-spacer\">\n\t\t\t<div class=\"elementor-spacer-inner\"><\/div>\n\t\t<\/div>\n\t\t\t\t\t\t<\/div>\n\t\t\t\t<\/div>\n\t\t\t\t<div class=\"elementor-element elementor-element-4b793e4 tri-bottom mb-0 elementor-widget elementor-widget-html\" data-id=\"4b793e4\" data-element_type=\"widget\" data-e-type=\"widget\" data-widget_type=\"html.default\">\n\t\t\t\t<div class=\"elementor-widget-container\">\n\t\t\t\t\t<svg version=\"1.1\" xmlns=\"http:\/\/www.w3.org\/2000\/svg\" xmlns:xlink=\"http:\/\/www.w3.org\/1999\/xlink\" x=\"0px\" y=\"0px\" viewbox=\"0 0 2000 120\" preserveaspectratio=\"xMinYMin\">\n\t<polygon fill=\"#FFF\" points=\"-11,2 693,112 2019,6 2019,135 -11,135 \"><\/polygon>\n<\/svg>\t\t\t\t<\/div>\n\t\t\t\t<\/div>\n\t\t\t\t\t<\/div>\r\n\t\t\t\t<\/div>\r\n\t\t\t\t\t<\/div>\r\n\t\t\t\t<\/section>\r\n\t\t\t\t<section class=\"elementor-section elementor-top-section elementor-element elementor-element-e37aae2 pt-5 pb-2 pb-lg-5 elementor-section-boxed elementor-section-height-default elementor-section-height-default\" data-id=\"e37aae2\" data-element_type=\"section\" data-e-type=\"section\" data-settings=\"{&quot;background_background&quot;:&quot;classic&quot;}\">\r\n\t\t\r\n\t\t\t\t\t\t\t<div class=\"elementor-container elementor-column-gap-default\">\r\n\t\t\t\t\t\t\t\t\t\t\t<div class=\"elementor-column elementor-col-100 elementor-top-column elementor-element elementor-element-5927e7d d-col-block position-static\" data-id=\"5927e7d\" data-element_type=\"column\" data-e-type=\"column\">\r\n\t\t\t\t\t<div class=\"elementor-widget-wrap elementor-element-populated\">\r\n\t\t\t\t\t\t\t\t<div class=\"elementor-element elementor-element-2bcaada mb-2 elementor-invisible elementor-widget elementor-widget-heading\" data-id=\"2bcaada\" data-element_type=\"widget\" data-e-type=\"widget\" data-settings=\"{&quot;_animation&quot;:&quot;fadeInUp&quot;,&quot;_animation_delay&quot;:200}\" data-widget_type=\"heading.default\">\n\t\t\t\t<div class=\"elementor-widget-container\">\n\t\t\t\t\t<h2 class=\"elementor-heading-title elementor-size-default\">Features<\/h2>\t\t\t\t<\/div>\n\t\t\t\t<\/div>\n\t\t\t\t<div class=\"elementor-element elementor-element-456789b elementor-widget elementor-widget-text-editor\" data-id=\"456789b\" data-element_type=\"widget\" data-e-type=\"widget\" data-widget_type=\"text-editor.default\">\n\t\t\t\t<div class=\"elementor-widget-container\">\n\t\t\t\t\t\t\t\t\t<p class=\"content-p first-p\">These products, which are formed by perforating flat sheets in a certain order due to practical use and superficiality, are preferred where air or water is required to pass through. Perforated sheets, which are generally used at filtering points, are thin and light products due to their structure.<\/p><p class=\"content-p\">These products, which are produced in different types such as cold rolled stainless steel and aluminium, are also created with unique hole models. It should not be forgotten that these sheets of different sizes have high weight and strength ratios. Moreover, aesthetically attractive\u00a0<strong class=\"content-strong\">perforated sheet<\/strong>\u00a0is also versatile and functional. Finally, the production and cutting stages are also very easy.<\/p><h1 class=\"content-h1 content-header first-h\">Perforated Sheet Usage Areas<\/h1><ul class=\"content-ul\"><li class=\"content-li\">Power Plants<\/li><li class=\"content-li\">Mining Industry<\/li><li class=\"content-li\">Dam Power Plants<\/li><li class=\"content-li\">Treatment, screening and crushing plants<\/li><li class=\"content-li\">Industrial plants<\/li><li class=\"content-li\">Firewalls<\/li><li class=\"content-li\">Acoustic and decorative panels<\/li><li class=\"content-li\">GSM base stations<\/li><li class=\"content-li\">Advertising and lighting boards<\/li><li class=\"content-li\">Fence systems<\/li><\/ul>\t\t\t\t\t\t\t\t<\/div>\n\t\t\t\t<\/div>\n\t\t\t\t\t<\/div>\r\n\t\t\t\t<\/div>\r\n\t\t\t\t\t<\/div>\r\n\t\t\t\t<\/section>\r\n\t\t\t\t<\/div>","protected":false},"excerpt":{"rendered":"<p>saclar So\u011fuk Haddelenmi\u015f Sac Delikli sac metal, delikten metalin \u00e7\u0131kar\u0131ld\u0131\u011f\u0131 metal sacd\u0131r. Bu metal t\u00fcr\u00fc genelde karbon \u00e7eli\u011fi, paslanmaz \u00e7elik ya da monel metalden olu\u015fur. \u00c7e\u015fitli standart dizaynlara izin verir, b\u00f6ylece \u00e7o\u011fu ama\u00e7 i\u00e7in kullan\u0131\u015fl\u0131la\u015ft\u0131r\u0131r. Delikli sac metallerin \u00e7o\u011fu, dizayn i\u00e7in kusursuz olan 16 ila 24 ayar aras\u0131ndaki saclarda gelir. Yuvarlak delikli bu tipler en [&hellip;]<\/p>\n","protected":false},"author":1,"featured_media":0,"parent":0,"menu_order":0,"comment_status":"closed","ping_status":"closed","template":"","meta":{"_acf_changed":false,"footnotes":""},"class_list":["post-3394","page","type-page","status-publish","hentry"],"acf":[],"_links":{"self":[{"href":"https:\/\/torosdemir.com\/en_gb\/wp-json\/wp\/v2\/pages\/3394","targetHints":{"allow":["GET"]}}],"collection":[{"href":"https:\/\/torosdemir.com\/en_gb\/wp-json\/wp\/v2\/pages"}],"about":[{"href":"https:\/\/torosdemir.com\/en_gb\/wp-json\/wp\/v2\/types\/page"}],"author":[{"embeddable":true,"href":"https:\/\/torosdemir.com\/en_gb\/wp-json\/wp\/v2\/users\/1"}],"replies":[{"embeddable":true,"href":"https:\/\/torosdemir.com\/en_gb\/wp-json\/wp\/v2\/comments?post=3394"}],"version-history":[{"count":10,"href":"https:\/\/torosdemir.com\/en_gb\/wp-json\/wp\/v2\/pages\/3394\/revisions"}],"predecessor-version":[{"id":3407,"href":"https:\/\/torosdemir.com\/en_gb\/wp-json\/wp\/v2\/pages\/3394\/revisions\/3407"}],"wp:attachment":[{"href":"https:\/\/torosdemir.com\/en_gb\/wp-json\/wp\/v2\/media?parent=3394"}],"curies":[{"name":"wp","href":"https:\/\/api.w.org\/{rel}","templated":true}]}}