{"id":3083,"date":"2023-02-03T13:19:18","date_gmt":"2023-02-03T10:19:18","guid":{"rendered":"https:\/\/torosdemir.com\/?page_id=3083"},"modified":"2025-10-20T13:56:36","modified_gmt":"2025-10-20T10:56:36","slug":"ellipse-profiles","status":"publish","type":"page","link":"https:\/\/torosdemir.com\/en_gb\/ellipse-profiles\/","title":{"rendered":"Ellipse Profiles\u00a0"},"content":{"rendered":"<div data-elementor-type=\"wp-page\" data-elementor-id=\"3083\" class=\"elementor elementor-3083\">\n\t\t\t\t\t\t<section class=\"elementor-section elementor-top-section elementor-element elementor-element-3dc8245 pt-5 pb-2 pb-lg-5 elementor-section-boxed elementor-section-height-default elementor-section-height-default\" data-id=\"3dc8245\" data-element_type=\"section\" data-e-type=\"section\" data-settings=\"{&quot;background_background&quot;:&quot;classic&quot;}\">\r\n\t\t\r\n\t\t\t\t\t\t\t<div class=\"elementor-container elementor-column-gap-default\">\r\n\t\t\t\t\t\t\t\t\t\t\t<div class=\"elementor-column elementor-col-100 elementor-top-column elementor-element elementor-element-3dc69c0 d-col-block position-static\" data-id=\"3dc69c0\" data-element_type=\"column\" data-e-type=\"column\">\r\n\t\t\t\t\t<div class=\"elementor-widget-wrap elementor-element-populated\">\r\n\t\t\t\t\t\t\t\t<div class=\"elementor-element elementor-element-e4e4d62 py-2 mb-0 elementor-invisible elementor-widget elementor-widget-heading\" data-id=\"e4e4d62\" data-element_type=\"widget\" data-e-type=\"widget\" data-settings=\"{&quot;_animation_delay&quot;:200,&quot;_animation&quot;:&quot;fadeInUp&quot;}\" data-widget_type=\"heading.default\">\n\t\t\t\t<div class=\"elementor-widget-container\">\n\t\t\t\t\t<h3 class=\"elementor-heading-title elementor-size-default\">Profiles<\/h3>\t\t\t\t<\/div>\n\t\t\t\t<\/div>\n\t\t\t\t<div class=\"elementor-element elementor-element-bd2f5c9 mb-3 elementor-invisible elementor-widget elementor-widget-heading\" data-id=\"bd2f5c9\" data-element_type=\"widget\" data-e-type=\"widget\" data-settings=\"{&quot;_animation&quot;:&quot;fadeInUp&quot;,&quot;_animation_delay&quot;:400}\" data-widget_type=\"heading.default\">\n\t\t\t\t<div class=\"elementor-widget-container\">\n\t\t\t\t\t<h3 class=\"elementor-heading-title elementor-size-default\">Ellipse Profiles<\/h3>\t\t\t\t<\/div>\n\t\t\t\t<\/div>\n\t\t\t\t<div class=\"elementor-element elementor-element-3a2f02c mb-4 custom-font1 elementor-invisible elementor-widget elementor-widget-heading\" data-id=\"3a2f02c\" data-element_type=\"widget\" data-e-type=\"widget\" data-settings=\"{&quot;_animation&quot;:&quot;fadeInUp&quot;,&quot;_animation_delay&quot;:600}\" data-widget_type=\"heading.default\">\n\t\t\t\t<div class=\"elementor-widget-container\">\n\t\t\t\t\t<p class=\"elementor-heading-title elementor-size-default\">Firstly developed specifically for architectural and maritime programmes, ellipse profiles have expanded their usage areas later on. Due to its soft and aesthetic structure, elliptical profiles have become suitable for use in different areas. Maintenance costs of elliptical profiles are also very low. Elliptical profiles provide more superiority unlike standard round profiles. First of all, the shape of elliptical profiles is much stronger than the profiles we call round. In this way, it is less likely to bend or bend. Ellipse profiles also provide great superiority in the form of storage space. Ellipse profiles are limited in terms of usage area. Ellipse profile types and ellipse pipe sizes can vary according to the need.\n\n<\/p>\t\t\t\t<\/div>\n\t\t\t\t<\/div>\n\t\t\t\t<section class=\"elementor-section elementor-inner-section elementor-element elementor-element-28d8da4 elementor-section-boxed elementor-section-height-default elementor-section-height-default\" data-id=\"28d8da4\" data-element_type=\"section\" data-e-type=\"section\">\r\n\t\t\r\n\t\t\t\t\t\t\t<div class=\"elementor-container elementor-column-gap-default\">\r\n\t\t\t\t\t\t\t\t\t\t\t<div class=\"elementor-column elementor-col-50 elementor-inner-column elementor-element elementor-element-b2e18fc\" data-id=\"b2e18fc\" data-element_type=\"column\" data-e-type=\"column\">\r\n\t\t\t\t\t<div class=\"elementor-widget-wrap elementor-element-populated\">\r\n\t\t\t\t\t\t\t\t<div class=\"elementor-element elementor-element-b9d1253 mb-3 elementor-invisible elementor-widget elementor-widget-porto_info_box\" data-id=\"b9d1253\" data-element_type=\"widget\" data-e-type=\"widget\" data-settings=\"{&quot;_animation&quot;:&quot;fadeInUp&quot;,&quot;_animation_delay&quot;:200}\" data-widget_type=\"porto_info_box.default\">\n\t\t\t\t<div class=\"elementor-widget-container\">\n\t\t\t\t\t<div class=\"porto-sicon-box style_1 default-icon\"><div class=\"porto-sicon-default\"><div class=\"porto-just-icon-wrapper porto-icon advanced\" style=\"margin-right:10px;\"><i class=\"fas fa-check\"><\/i><\/div><\/div><div class=\"porto-sicon-header\"><h3 class=\"porto-sicon-title\" style=\"\">Quality : S235JRH - S275J0H - S275J2H- S355J0H - S355J2H - S355J2H - S355K2H - S275NH - S275NLH - S275MH - S275MLH - S355NH - S355NLH - S355MH - S355MLH - S420MH - S420MLH<\/h3><\/div> <!-- header --><\/div><!-- porto-sicon-box -->\t\t\t\t<\/div>\n\t\t\t\t<\/div>\n\t\t\t\t<div class=\"elementor-element elementor-element-0003349 mb-3 elementor-invisible elementor-widget elementor-widget-porto_info_box\" data-id=\"0003349\" data-element_type=\"widget\" data-e-type=\"widget\" data-settings=\"{&quot;_animation&quot;:&quot;fadeInUp&quot;,&quot;_animation_delay&quot;:200}\" data-widget_type=\"porto_info_box.default\">\n\t\t\t\t<div class=\"elementor-widget-container\">\n\t\t\t\t\t<div class=\"porto-sicon-box style_1 default-icon\"><div class=\"porto-sicon-default\"><div class=\"porto-just-icon-wrapper porto-icon advanced\" style=\"margin-right:10px;\"><i class=\"fas fa-check\"><\/i><\/div><\/div><div class=\"porto-sicon-header\"><h3 class=\"porto-sicon-title\" style=\"\">Standard : TS EN 10305-3 - TS EN 10305-5 - DIN 2394 - DIN2395<\/h3><\/div> <!-- header --><\/div><!-- porto-sicon-box -->\t\t\t\t<\/div>\n\t\t\t\t<\/div>\n\t\t\t\t<div class=\"elementor-element elementor-element-b28174b mb-3 elementor-invisible elementor-widget elementor-widget-porto_info_box\" data-id=\"b28174b\" data-element_type=\"widget\" data-e-type=\"widget\" data-settings=\"{&quot;_animation&quot;:&quot;fadeInUp&quot;,&quot;_animation_delay&quot;:200}\" data-widget_type=\"porto_info_box.default\">\n\t\t\t\t<div class=\"elementor-widget-container\">\n\t\t\t\t\t<div class=\"porto-sicon-box style_1 default-icon\"><div class=\"porto-sicon-default\"><div class=\"porto-just-icon-wrapper porto-icon advanced\" style=\"margin-right:10px;\"><i class=\"fas fa-check\"><\/i><\/div><\/div><div class=\"porto-sicon-header\"><h3 class=\"porto-sicon-title\" style=\"\">Outer Diameter : 22x14 - 60x30 mm<\/h3><\/div> <!-- header --><\/div><!-- porto-sicon-box -->\t\t\t\t<\/div>\n\t\t\t\t<\/div>\n\t\t\t\t<div class=\"elementor-element elementor-element-893bfbc mb-3 elementor-invisible elementor-widget elementor-widget-porto_info_box\" data-id=\"893bfbc\" data-element_type=\"widget\" data-e-type=\"widget\" data-settings=\"{&quot;_animation&quot;:&quot;fadeInUp&quot;,&quot;_animation_delay&quot;:200}\" data-widget_type=\"porto_info_box.default\">\n\t\t\t\t<div class=\"elementor-widget-container\">\n\t\t\t\t\t<div class=\"porto-sicon-box style_1 default-icon\"><div class=\"porto-sicon-default\"><div class=\"porto-just-icon-wrapper porto-icon advanced\" style=\"margin-right:10px;\"><i class=\"fas fa-check\"><\/i><\/div><\/div><div class=\"porto-sicon-header\"><h3 class=\"porto-sicon-title\" style=\"\">Wall Thickness : 0,7 - 6 mm<\/h3><\/div> <!-- header --><\/div><!-- porto-sicon-box -->\t\t\t\t<\/div>\n\t\t\t\t<\/div>\n\t\t\t\t\t<\/div>\r\n\t\t\t\t<\/div>\r\n\t\t\t\t<div class=\"elementor-column elementor-col-50 elementor-inner-column elementor-element elementor-element-05d009c\" data-id=\"05d009c\" data-element_type=\"column\" data-e-type=\"column\">\r\n\t\t\t\t\t<div class=\"elementor-widget-wrap elementor-element-populated\">\r\n\t\t\t\t\t\t\t\t<div class=\"elementor-element elementor-element-1428871 elementor-widget elementor-widget-image\" data-id=\"1428871\" data-element_type=\"widget\" data-e-type=\"widget\" data-widget_type=\"image.default\">\n\t\t\t\t<div class=\"elementor-widget-container\">\n\t\t\t\t\t\t\t\t\t\t\t\t\t\t\t<img fetchpriority=\"high\" decoding=\"async\" width=\"676\" height=\"373\" src=\"https:\/\/torosdemir.com\/wp-content\/uploads\/2023\/01\/Screenshot_6-1.jpg\" class=\"attachment-large size-large wp-image-2581\" alt=\"\" srcset=\"https:\/\/torosdemir.com\/wp-content\/uploads\/2023\/01\/Screenshot_6-1.jpg 676w, https:\/\/torosdemir.com\/wp-content\/uploads\/2023\/01\/Screenshot_6-1-640x353.jpg 640w, https:\/\/torosdemir.com\/wp-content\/uploads\/2023\/01\/Screenshot_6-1-400x221.jpg 400w, https:\/\/torosdemir.com\/wp-content\/uploads\/2023\/01\/Screenshot_6-1-367x203.jpg 367w\" sizes=\"(max-width: 676px) 100vw, 676px\" \/>\t\t\t\t\t\t\t\t\t\t\t\t\t\t\t<\/div>\n\t\t\t\t<\/div>\n\t\t\t\t\t<\/div>\r\n\t\t\t\t<\/div>\r\n\t\t\t\t\t<\/div>\r\n\t\t\t\t<\/section>\r\n\t\t\t\t<div class=\"elementor-element elementor-element-e5254dc tri-bottom mb-0 elementor-widget elementor-widget-html\" data-id=\"e5254dc\" data-element_type=\"widget\" data-e-type=\"widget\" data-widget_type=\"html.default\">\n\t\t\t\t<div class=\"elementor-widget-container\">\n\t\t\t\t\t<svg version=\"1.1\" xmlns=\"http:\/\/www.w3.org\/2000\/svg\" xmlns:xlink=\"http:\/\/www.w3.org\/1999\/xlink\" x=\"0px\" y=\"0px\" viewbox=\"0 0 2000 120\" preserveaspectratio=\"xMinYMin\">\n\t<polygon fill=\"#FFF\" points=\"-11,2 693,112 2019,6 2019,135 -11,135 \"><\/polygon>\n<\/svg>\t\t\t\t<\/div>\n\t\t\t\t<\/div>\n\t\t\t\t\t<\/div>\r\n\t\t\t\t<\/div>\r\n\t\t\t\t\t<\/div>\r\n\t\t\t\t<\/section>\r\n\t\t\t\t<section class=\"elementor-section elementor-top-section elementor-element elementor-element-e6188ac pt-5 pb-2 pb-lg-5 elementor-section-boxed elementor-section-height-default elementor-section-height-default\" data-id=\"e6188ac\" data-element_type=\"section\" data-e-type=\"section\" data-settings=\"{&quot;background_background&quot;:&quot;classic&quot;}\">\r\n\t\t\r\n\t\t\t\t\t\t\t<div class=\"elementor-container elementor-column-gap-default\">\r\n\t\t\t\t\t\t\t\t\t\t\t<div class=\"elementor-column elementor-col-100 elementor-top-column elementor-element elementor-element-a23e7ef d-col-block position-static\" data-id=\"a23e7ef\" data-element_type=\"column\" data-e-type=\"column\">\r\n\t\t\t\t\t<div class=\"elementor-widget-wrap elementor-element-populated\">\r\n\t\t\t\t\t\t\t\t<div class=\"elementor-element elementor-element-d06ef32 mb-2 elementor-invisible elementor-widget elementor-widget-heading\" data-id=\"d06ef32\" data-element_type=\"widget\" data-e-type=\"widget\" data-settings=\"{&quot;_animation&quot;:&quot;fadeInUp&quot;,&quot;_animation_delay&quot;:200}\" data-widget_type=\"heading.default\">\n\t\t\t\t<div class=\"elementor-widget-container\">\n\t\t\t\t\t<h2 class=\"elementor-heading-title elementor-size-default\">Product Features<\/h2>\t\t\t\t<\/div>\n\t\t\t\t<\/div>\n\t\t\t\t<div class=\"elementor-element elementor-element-a708d1a pe-lg-5 mb-3 elementor-invisible elementor-widget elementor-widget-text-editor\" data-id=\"a708d1a\" data-element_type=\"widget\" data-e-type=\"widget\" data-settings=\"{&quot;_animation&quot;:&quot;fadeInUp&quot;,&quot;_animation_delay&quot;:800}\" data-widget_type=\"text-editor.default\">\n\t\t\t\t<div class=\"elementor-widget-container\">\n\t\t\t\t\t\t\t\t\t<p class=\"content-p first-p\">Hakan Sheet Metal, which has met all the expectations of its customers with its wide range of steel products for years, has provided structural steel products to many companies.\u00a0<strong class=\"content-strong\">steel profiles<\/strong>for the production of universal columns and universal beams. The profiles are available in a wide range of universal columns and universal beams.\u00a0<strong class=\"content-strong\">Elliptical profiles<\/strong>\u00a0There are various size options in terms of length.<\/p><p class=\"content-p\">As a principle, we are based on continuity in our service quality. With our team, each of whom is trained and equipped, open to continuous self-improvement, we meet your ideal profile needs for your project.<\/p>\t\t\t\t\t\t\t\t<\/div>\n\t\t\t\t<\/div>\n\t\t\t\t\t<\/div>\r\n\t\t\t\t<\/div>\r\n\t\t\t\t\t<\/div>\r\n\t\t\t\t<\/section>\r\n\t\t\t\t<section class=\"elementor-section elementor-top-section elementor-element elementor-element-cfe0a95 elementor-section-boxed elementor-section-height-default elementor-section-height-default\" data-id=\"cfe0a95\" data-element_type=\"section\" data-e-type=\"section\" data-settings=\"{&quot;background_background&quot;:&quot;classic&quot;}\">\r\n\t\t\r\n\t\t\t\t\t\t\t<div class=\"elementor-container elementor-column-gap-default\">\r\n\t\t\t\t\t\t\t\t\t\t\t<div class=\"elementor-column elementor-col-100 elementor-top-column elementor-element elementor-element-369f057\" data-id=\"369f057\" data-element_type=\"column\" data-e-type=\"column\">\r\n\t\t\t\t\t<div class=\"elementor-widget-wrap elementor-element-populated\">\r\n\t\t\t\t\t\t\t\t<div class=\"elementor-element elementor-element-2bcaada mb-2 elementor-invisible elementor-widget elementor-widget-heading\" data-id=\"2bcaada\" data-element_type=\"widget\" data-e-type=\"widget\" data-settings=\"{&quot;_animation&quot;:&quot;fadeInUp&quot;,&quot;_animation_delay&quot;:200}\" data-widget_type=\"heading.default\">\n\t\t\t\t<div class=\"elementor-widget-container\">\n\t\t\t\t\t<h2 class=\"elementor-heading-title elementor-size-default\">Areas of Use<\/h2>\t\t\t\t<\/div>\n\t\t\t\t<\/div>\n\t\t\t\t<div class=\"elementor-element elementor-element-aa0f75f pe-lg-5 mb-3 elementor-invisible elementor-widget elementor-widget-text-editor\" data-id=\"aa0f75f\" data-element_type=\"widget\" data-e-type=\"widget\" data-settings=\"{&quot;_animation&quot;:&quot;fadeInUp&quot;,&quot;_animation_delay&quot;:800}\" data-widget_type=\"text-editor.default\">\n\t\t\t\t<div class=\"elementor-widget-container\">\n\t\t\t\t\t\t\t\t\t<p class=\"content-p first-p\"><strong class=\"content-strong\">Elliptical profiles<\/strong>\u00a0They are known for their versatile features. If we look at the usage areas; There are many options such as hotels, offices, shopping centres, accommodation facilities and houses.\u00a0<strong class=\"content-strong\">Elliptical profiles<\/strong>\u00a0Even if their usage areas are limited, they are preferred especially in special building constructions in the construction sector.\u00a0<strong class=\"content-strong\">Elliptical profiles<\/strong>;<\/p>\t\t\t\t\t\t\t\t<\/div>\n\t\t\t\t<\/div>\n\t\t\t\t<div class=\"elementor-element elementor-element-fb569d7 mb-3 elementor-invisible elementor-widget elementor-widget-porto_info_box\" data-id=\"fb569d7\" data-element_type=\"widget\" data-e-type=\"widget\" data-settings=\"{&quot;_animation&quot;:&quot;fadeInUp&quot;,&quot;_animation_delay&quot;:200}\" data-widget_type=\"porto_info_box.default\">\n\t\t\t\t<div class=\"elementor-widget-container\">\n\t\t\t\t\t<div class=\"porto-sicon-box style_1 default-icon\"><div class=\"porto-sicon-default\"><div class=\"porto-just-icon-wrapper porto-icon advanced\" style=\"margin-right:10px;\"><i class=\"fas fa-check\"><\/i><\/div><\/div><div class=\"porto-sicon-header\"><h3 class=\"porto-sicon-title\" style=\"\">In special areas such as poles, columns,<\/h3><\/div> <!-- header --><\/div><!-- porto-sicon-box -->\t\t\t\t<\/div>\n\t\t\t\t<\/div>\n\t\t\t\t<div class=\"elementor-element elementor-element-f96131f mb-3 elementor-invisible elementor-widget elementor-widget-porto_info_box\" data-id=\"f96131f\" data-element_type=\"widget\" data-e-type=\"widget\" data-settings=\"{&quot;_animation&quot;:&quot;fadeInUp&quot;,&quot;_animation_delay&quot;:200}\" data-widget_type=\"porto_info_box.default\">\n\t\t\t\t<div class=\"elementor-widget-container\">\n\t\t\t\t\t<div class=\"porto-sicon-box style_1 default-icon\"><div class=\"porto-sicon-default\"><div class=\"porto-just-icon-wrapper porto-icon advanced\" style=\"margin-right:10px;\"><i class=\"fas fa-check\"><\/i><\/div><\/div><div class=\"porto-sicon-header\"><h3 class=\"porto-sicon-title\" style=\"\">Chairs and the same in furniture items,<\/h3><\/div> <!-- header --><\/div><!-- porto-sicon-box -->\t\t\t\t<\/div>\n\t\t\t\t<\/div>\n\t\t\t\t<div class=\"elementor-element elementor-element-e032fba mb-3 elementor-invisible elementor-widget elementor-widget-porto_info_box\" data-id=\"e032fba\" data-element_type=\"widget\" data-e-type=\"widget\" data-settings=\"{&quot;_animation&quot;:&quot;fadeInUp&quot;,&quot;_animation_delay&quot;:200}\" data-widget_type=\"porto_info_box.default\">\n\t\t\t\t<div class=\"elementor-widget-container\">\n\t\t\t\t\t<div class=\"porto-sicon-box style_1 default-icon\"><div class=\"porto-sicon-default\"><div class=\"porto-just-icon-wrapper porto-icon advanced\" style=\"margin-right:10px;\"><i class=\"fas fa-check\"><\/i><\/div><\/div><div class=\"porto-sicon-header\"><h3 class=\"porto-sicon-title\" style=\"\">In areas such as lighting poles, street signs,<\/h3><\/div> <!-- header --><\/div><!-- porto-sicon-box -->\t\t\t\t<\/div>\n\t\t\t\t<\/div>\n\t\t\t\t<div class=\"elementor-element elementor-element-575ef49 mb-3 elementor-invisible elementor-widget elementor-widget-porto_info_box\" data-id=\"575ef49\" data-element_type=\"widget\" data-e-type=\"widget\" data-settings=\"{&quot;_animation&quot;:&quot;fadeInUp&quot;,&quot;_animation_delay&quot;:200}\" data-widget_type=\"porto_info_box.default\">\n\t\t\t\t<div class=\"elementor-widget-container\">\n\t\t\t\t\t<div class=\"porto-sicon-box style_1 default-icon\"><div class=\"porto-sicon-default\"><div class=\"porto-just-icon-wrapper porto-icon advanced\" style=\"margin-right:10px;\"><i class=\"fas fa-check\"><\/i><\/div><\/div><div class=\"porto-sicon-header\"><h3 class=\"porto-sicon-title\" style=\"\">On luggage racks and handrails,<\/h3><\/div> <!-- header --><\/div><!-- porto-sicon-box -->\t\t\t\t<\/div>\n\t\t\t\t<\/div>\n\t\t\t\t<div class=\"elementor-element elementor-element-b8faf8d mb-3 elementor-invisible elementor-widget elementor-widget-porto_info_box\" data-id=\"b8faf8d\" data-element_type=\"widget\" data-e-type=\"widget\" data-settings=\"{&quot;_animation&quot;:&quot;fadeInUp&quot;,&quot;_animation_delay&quot;:200}\" data-widget_type=\"porto_info_box.default\">\n\t\t\t\t<div class=\"elementor-widget-container\">\n\t\t\t\t\t<div class=\"porto-sicon-box style_1 default-icon\"><div class=\"porto-sicon-default\"><div class=\"porto-just-icon-wrapper porto-icon advanced\" style=\"margin-right:10px;\"><i class=\"fas fa-check\"><\/i><\/div><\/div><div class=\"porto-sicon-header\"><h3 class=\"porto-sicon-title\" style=\"\">Ellipse profiles are often preferred for door handles and similar accessories.<\/h3><\/div> <!-- header --><\/div><!-- porto-sicon-box -->\t\t\t\t<\/div>\n\t\t\t\t<\/div>\n\t\t\t\t<div class=\"elementor-element elementor-element-4282dd7 elementor-widget elementor-widget-spacer\" data-id=\"4282dd7\" data-element_type=\"widget\" data-e-type=\"widget\" data-widget_type=\"spacer.default\">\n\t\t\t\t<div class=\"elementor-widget-container\">\n\t\t\t\t\t\t\t<div class=\"elementor-spacer\">\n\t\t\t<div class=\"elementor-spacer-inner\"><\/div>\n\t\t<\/div>\n\t\t\t\t\t\t<\/div>\n\t\t\t\t<\/div>\n\t\t\t\t<div class=\"elementor-element elementor-element-d237d3b elementor-widget elementor-widget-spacer\" data-id=\"d237d3b\" data-element_type=\"widget\" data-e-type=\"widget\" data-widget_type=\"spacer.default\">\n\t\t\t\t<div class=\"elementor-widget-container\">\n\t\t\t\t\t\t\t<div class=\"elementor-spacer\">\n\t\t\t<div class=\"elementor-spacer-inner\"><\/div>\n\t\t<\/div>\n\t\t\t\t\t\t<\/div>\n\t\t\t\t<\/div>\n\t\t\t\t<div class=\"elementor-element elementor-element-4b793e4 tri-bottom mb-0 elementor-widget elementor-widget-html\" data-id=\"4b793e4\" data-element_type=\"widget\" data-e-type=\"widget\" data-widget_type=\"html.default\">\n\t\t\t\t<div class=\"elementor-widget-container\">\n\t\t\t\t\t<svg version=\"1.1\" xmlns=\"http:\/\/www.w3.org\/2000\/svg\" xmlns:xlink=\"http:\/\/www.w3.org\/1999\/xlink\" x=\"0px\" y=\"0px\" viewbox=\"0 0 2000 120\" preserveaspectratio=\"xMinYMin\">\n\t<polygon fill=\"#FFF\" points=\"-11,2 693,112 2019,6 2019,135 -11,135 \"><\/polygon>\n<\/svg>\t\t\t\t<\/div>\n\t\t\t\t<\/div>\n\t\t\t\t\t<\/div>\r\n\t\t\t\t<\/div>\r\n\t\t\t\t\t<\/div>\r\n\t\t\t\t<\/section>\r\n\t\t\t\t<section class=\"elementor-section elementor-top-section elementor-element elementor-element-c9ba90f pt-5 pb-2 pb-lg-5 elementor-section-boxed elementor-section-height-default elementor-section-height-default\" data-id=\"c9ba90f\" data-element_type=\"section\" data-e-type=\"section\" data-settings=\"{&quot;background_background&quot;:&quot;classic&quot;}\">\r\n\t\t\r\n\t\t\t\t\t\t\t<div class=\"elementor-container elementor-column-gap-default\">\r\n\t\t\t\t\t\t\t\t\t\t\t<div class=\"elementor-column elementor-col-100 elementor-top-column elementor-element elementor-element-316df23 d-col-block position-static\" data-id=\"316df23\" data-element_type=\"column\" data-e-type=\"column\">\r\n\t\t\t\t\t<div class=\"elementor-widget-wrap elementor-element-populated\">\r\n\t\t\t\t\t\t\t\t<div class=\"elementor-element elementor-element-b3f6898 mb-2 elementor-invisible elementor-widget elementor-widget-heading\" data-id=\"b3f6898\" data-element_type=\"widget\" data-e-type=\"widget\" data-settings=\"{&quot;_animation&quot;:&quot;fadeInUp&quot;,&quot;_animation_delay&quot;:200}\" data-widget_type=\"heading.default\">\n\t\t\t\t<div class=\"elementor-widget-container\">\n\t\t\t\t\t<h2 class=\"elementor-heading-title elementor-size-default\">Weight Ruler<\/h2>\t\t\t\t<\/div>\n\t\t\t\t<\/div>\n\t\t\t\t<div class=\"elementor-element elementor-element-ba91c09 pe-lg-5 mb-3 elementor-invisible elementor-widget elementor-widget-text-editor\" data-id=\"ba91c09\" data-element_type=\"widget\" data-e-type=\"widget\" data-settings=\"{&quot;_animation&quot;:&quot;fadeInUp&quot;,&quot;_animation_delay&quot;:800}\" data-widget_type=\"text-editor.default\">\n\t\t\t\t<div class=\"elementor-widget-container\">\n\t\t\t\t\t\t\t\t\t<table class=\"content-table\"><tbody><tr class=\"content-tr\"><td class=\"content-td\"><p class=\"content-p\">Kg\/m<\/p><\/td><td colspan=\"7\"><p class=\"content-p\">Wall Thickness \/ T (mm)<\/p><\/td><\/tr><tr class=\"content-tr\"><td class=\"content-td\"><p class=\"content-p\">External Dimensions \/<em>\u00a0<\/em>A x B (mm)<\/p><p class=\"content-p\">\u00a0<\/p><\/td><td class=\"content-td\"><p class=\"content-p\"><sup>0,7<\/sup><\/p><\/td><td class=\"content-td\"><p class=\"content-p\">0,8<\/p><\/td><td class=\"content-td\"><p class=\"content-p\"><sup>0,9<\/sup><\/p><\/td><td class=\"content-td\"><p class=\"content-p\">1<\/p><\/td><td class=\"content-td\"><p class=\"content-p\"><sup>1,2<\/sup><\/p><\/td><td class=\"content-td\"><p class=\"content-p\"><sup>1,5<\/sup><\/p><\/td><td class=\"content-td\"><p class=\"content-p\"><sup>2<\/sup><\/p><\/td><\/tr><tr class=\"content-tr\"><td class=\"content-td\"><p class=\"content-p\">22 x 14<\/p><\/td><td class=\"content-td\"><p class=\"content-p\">0,30<\/p><\/td><td class=\"content-td\"><p class=\"content-p\">0,34<\/p><\/td><td class=\"content-td\"><p class=\"content-p\">0,38<\/p><\/td><td class=\"content-td\"><p class=\"content-p\">0,42<\/p><\/td><td class=\"content-td\"><p class=\"content-p\">0,50<\/p><\/td><td class=\"content-td\"><p class=\"content-p\">0,62<\/p><\/td><td class=\"content-td\"><p class=\"content-p\">\u00a0<\/p><\/td><\/tr><tr class=\"content-tr\"><td class=\"content-td\"><p class=\"content-p\">30 x 15<\/p><\/td><td class=\"content-td\"><p class=\"content-p\">0,39<\/p><\/td><td class=\"content-td\"><p class=\"content-p\">0,44<\/p><\/td><td class=\"content-td\"><p class=\"content-p\">0,49<\/p><\/td><td class=\"content-td\"><p class=\"content-p\">0,55<\/p><\/td><td class=\"content-td\"><p class=\"content-p\">0,65<\/p><\/td><td class=\"content-td\"><p class=\"content-p\">0,80<\/p><\/td><td class=\"content-td\"><p class=\"content-p\">\u00a0<\/p><\/td><\/tr><tr class=\"content-tr\"><td class=\"content-td\"><p class=\"content-p\">40 x 20<\/p><\/td><td class=\"content-td\"><p class=\"content-p\">0,56<\/p><\/td><td class=\"content-td\"><p class=\"content-p\">0,59<\/p><\/td><td class=\"content-td\"><p class=\"content-p\">0,66<\/p><\/td><td class=\"content-td\"><p class=\"content-p\">0,74<\/p><\/td><td class=\"content-td\"><p class=\"content-p\">0,88<\/p><\/td><td class=\"content-td\"><p class=\"content-p\">1,09<\/p><\/td><td class=\"content-td\"><p class=\"content-p\">1,42<\/p><\/td><\/tr><tr class=\"content-tr\"><td class=\"content-td\"><p class=\"content-p\">60 x 30<\/p><\/td><td class=\"content-td\"><p class=\"content-p\">\u00a0<\/p><\/td><td class=\"content-td\"><p class=\"content-p\">\u00a0<\/p><\/td><td class=\"content-td\"><p class=\"content-p\">\u00a0<\/p><\/td><td class=\"content-td\"><p class=\"content-p\">\u00a0<\/p><\/td><td class=\"content-td\"><p class=\"content-p\">1,41<\/p><\/td><td class=\"content-td\"><p class=\"content-p\">1,75<\/p><\/td><td class=\"content-td\"><p class=\"content-p\">2,32<\/p><\/td><\/tr><\/tbody><\/table>\t\t\t\t\t\t\t\t<\/div>\n\t\t\t\t<\/div>\n\t\t\t\t\t<\/div>\r\n\t\t\t\t<\/div>\r\n\t\t\t\t\t<\/div>\r\n\t\t\t\t<\/section>\r\n\t\t\t\t<\/div>","protected":false},"excerpt":{"rendered":"<p>Profiller Elips Profiller \u0130lk olarak mimari ve denizcilik programlar i\u00e7in \u00f6zel olarak geli\u015ftirilen elips profiller daha sonra kullan\u0131m alanlar\u0131n\u0131 geni\u015fletmi\u015ftir. Hem yumu\u015fak hem de estetik yap\u0131s\u0131 sebebi ile elips profiller farkl\u0131 alanlarda kullan\u0131lmaya m\u00fcsait bir duruma gelmi\u015ftir. Elips profillerin bak\u0131m maliyetleri de hayli d\u00fc\u015f\u00fckt\u00fcr. Elips profiller standart yuvarlak profillerin aksine daha \u00e7ok \u00fcst\u00fcnl\u00fck sa\u011flamaktad\u0131r. \u00d6ncelikle [&hellip;]<\/p>\n","protected":false},"author":1,"featured_media":0,"parent":0,"menu_order":0,"comment_status":"closed","ping_status":"closed","template":"","meta":{"_acf_changed":false,"footnotes":""},"class_list":["post-3083","page","type-page","status-publish","hentry"],"acf":[],"_links":{"self":[{"href":"https:\/\/torosdemir.com\/en_gb\/wp-json\/wp\/v2\/pages\/3083","targetHints":{"allow":["GET"]}}],"collection":[{"href":"https:\/\/torosdemir.com\/en_gb\/wp-json\/wp\/v2\/pages"}],"about":[{"href":"https:\/\/torosdemir.com\/en_gb\/wp-json\/wp\/v2\/types\/page"}],"author":[{"embeddable":true,"href":"https:\/\/torosdemir.com\/en_gb\/wp-json\/wp\/v2\/users\/1"}],"replies":[{"embeddable":true,"href":"https:\/\/torosdemir.com\/en_gb\/wp-json\/wp\/v2\/comments?post=3083"}],"version-history":[{"count":7,"href":"https:\/\/torosdemir.com\/en_gb\/wp-json\/wp\/v2\/pages\/3083\/revisions"}],"predecessor-version":[{"id":3090,"href":"https:\/\/torosdemir.com\/en_gb\/wp-json\/wp\/v2\/pages\/3083\/revisions\/3090"}],"wp:attachment":[{"href":"https:\/\/torosdemir.com\/en_gb\/wp-json\/wp\/v2\/media?parent=3083"}],"curies":[{"name":"wp","href":"https:\/\/api.w.org\/{rel}","templated":true}]}}