{"id":2852,"date":"2023-02-02T13:31:04","date_gmt":"2023-02-02T10:31:04","guid":{"rendered":"https:\/\/torosdemir.com\/?page_id=2852"},"modified":"2025-10-20T14:59:24","modified_gmt":"2025-10-20T11:59:24","slug":"scaffolding-pipe","status":"publish","type":"page","link":"https:\/\/torosdemir.com\/en_gb\/scaffolding-pipe\/","title":{"rendered":"Scaffold Pipe"},"content":{"rendered":"<div data-elementor-type=\"wp-page\" data-elementor-id=\"2852\" class=\"elementor elementor-2852\">\n\t\t\t\t\t\t<section class=\"elementor-section elementor-top-section elementor-element elementor-element-3dc8245 pt-5 pb-2 pb-lg-5 elementor-section-boxed elementor-section-height-default elementor-section-height-default\" data-id=\"3dc8245\" data-element_type=\"section\" data-e-type=\"section\" data-settings=\"{&quot;background_background&quot;:&quot;classic&quot;}\">\r\n\t\t\r\n\t\t\t\t\t\t\t<div class=\"elementor-container elementor-column-gap-default\">\r\n\t\t\t\t\t\t\t\t\t\t\t<div class=\"elementor-column elementor-col-100 elementor-top-column elementor-element elementor-element-3dc69c0 d-col-block position-static\" data-id=\"3dc69c0\" data-element_type=\"column\" data-e-type=\"column\">\r\n\t\t\t\t\t<div class=\"elementor-widget-wrap elementor-element-populated\">\r\n\t\t\t\t\t\t\t\t<div class=\"elementor-element elementor-element-e4e4d62 py-2 mb-0 elementor-invisible elementor-widget elementor-widget-heading\" data-id=\"e4e4d62\" data-element_type=\"widget\" data-e-type=\"widget\" data-settings=\"{&quot;_animation_delay&quot;:200,&quot;_animation&quot;:&quot;fadeInUp&quot;}\" data-widget_type=\"heading.default\">\n\t\t\t\t<div class=\"elementor-widget-container\">\n\t\t\t\t\t<h3 class=\"elementor-heading-title elementor-size-default\">Pipes<\/h3>\t\t\t\t<\/div>\n\t\t\t\t<\/div>\n\t\t\t\t<div class=\"elementor-element elementor-element-bd2f5c9 mb-3 elementor-invisible elementor-widget elementor-widget-heading\" data-id=\"bd2f5c9\" data-element_type=\"widget\" data-e-type=\"widget\" data-settings=\"{&quot;_animation&quot;:&quot;fadeInUp&quot;,&quot;_animation_delay&quot;:400}\" data-widget_type=\"heading.default\">\n\t\t\t\t<div class=\"elementor-widget-container\">\n\t\t\t\t\t<h3 class=\"elementor-heading-title elementor-size-default\">Scaffold Pipe\n<\/h3>\t\t\t\t<\/div>\n\t\t\t\t<\/div>\n\t\t\t\t<div class=\"elementor-element elementor-element-3a2f02c mb-4 custom-font1 elementor-invisible elementor-widget elementor-widget-heading\" data-id=\"3a2f02c\" data-element_type=\"widget\" data-e-type=\"widget\" data-settings=\"{&quot;_animation&quot;:&quot;fadeInUp&quot;,&quot;_animation_delay&quot;:600}\" data-widget_type=\"heading.default\">\n\t\t\t\t<div class=\"elementor-widget-container\">\n\t\t\t\t\t<p class=\"elementor-heading-title elementor-size-default\">Scaffolding pipes are components used in steel constructions in the formwork system and in the agricultural sector. Considering the floor loads of this system, ridge and grating spacing and telescopic pipe strut distances can be adjusted.\n\nScaffolding pipes, which also have different names such as \u201ctelescopic scaffolds, telescopic strut, telescope strut, iron pole, construction pole, telescope pole and iron strut\u201d, have different usage methods. Scaffolding pipes are supported by 300 - 350 - 400 cm telescopic pipe uprights and tripods.\n\nScaffolding Pipes meet TS EN 1065 quality standards. Pipes can be used in harmony with other systems. In addition to the uprights, which are the main element of the system, auxiliary support elements such as Tripod, U Head and Double Way Head are used.\n\nManufactured from DC01 (DIN EN 10130), S185, S235JRH\/J0H\/J2H, S275J0H\/J2H, S355J0H\/J2H (DIN EN 10025) quality steel bands by high frequency welding (ERW) in accordance with DIN 2394, TS EN 10305-3, TS EN 10219-2 norms.<\/p>\t\t\t\t<\/div>\n\t\t\t\t<\/div>\n\t\t\t\t<section class=\"elementor-section elementor-inner-section elementor-element elementor-element-28d8da4 elementor-section-boxed elementor-section-height-default elementor-section-height-default\" data-id=\"28d8da4\" data-element_type=\"section\" data-e-type=\"section\">\r\n\t\t\r\n\t\t\t\t\t\t\t<div class=\"elementor-container elementor-column-gap-default\">\r\n\t\t\t\t\t\t\t\t\t\t\t<div class=\"elementor-column elementor-col-50 elementor-inner-column elementor-element elementor-element-b2e18fc\" data-id=\"b2e18fc\" data-element_type=\"column\" data-e-type=\"column\">\r\n\t\t\t\t\t<div class=\"elementor-widget-wrap elementor-element-populated\">\r\n\t\t\t\t\t\t\t\t<div class=\"elementor-element elementor-element-b9d1253 mb-3 elementor-invisible elementor-widget elementor-widget-porto_info_box\" data-id=\"b9d1253\" data-element_type=\"widget\" data-e-type=\"widget\" data-settings=\"{&quot;_animation&quot;:&quot;fadeInUp&quot;,&quot;_animation_delay&quot;:200}\" data-widget_type=\"porto_info_box.default\">\n\t\t\t\t<div class=\"elementor-widget-container\">\n\t\t\t\t\t<div class=\"porto-sicon-box style_1 default-icon\"><div class=\"porto-sicon-default\"><div class=\"porto-just-icon-wrapper porto-icon advanced\" style=\"margin-right:10px;\"><i class=\"fas fa-check\"><\/i><\/div><\/div><div class=\"porto-sicon-header\"><h3 class=\"porto-sicon-title\" style=\"\">Quality : S235JRH - S275J0H - S275J2H - S355J0H<\/h3><\/div> <!-- header --><\/div><!-- porto-sicon-box -->\t\t\t\t<\/div>\n\t\t\t\t<\/div>\n\t\t\t\t<div class=\"elementor-element elementor-element-0003349 mb-3 elementor-invisible elementor-widget elementor-widget-porto_info_box\" data-id=\"0003349\" data-element_type=\"widget\" data-e-type=\"widget\" data-settings=\"{&quot;_animation&quot;:&quot;fadeInUp&quot;,&quot;_animation_delay&quot;:200}\" data-widget_type=\"porto_info_box.default\">\n\t\t\t\t<div class=\"elementor-widget-container\">\n\t\t\t\t\t<div class=\"porto-sicon-box style_1 default-icon\"><div class=\"porto-sicon-default\"><div class=\"porto-just-icon-wrapper porto-icon advanced\" style=\"margin-right:10px;\"><i class=\"fas fa-check\"><\/i><\/div><\/div><div class=\"porto-sicon-header\"><h3 class=\"porto-sicon-title\" style=\"\">Standard : TS EN 10305-3 - TS EN 10305-5<\/h3><\/div> <!-- header --><\/div><!-- porto-sicon-box -->\t\t\t\t<\/div>\n\t\t\t\t<\/div>\n\t\t\t\t<div class=\"elementor-element elementor-element-b28174b mb-3 elementor-invisible elementor-widget elementor-widget-porto_info_box\" data-id=\"b28174b\" data-element_type=\"widget\" data-e-type=\"widget\" data-settings=\"{&quot;_animation&quot;:&quot;fadeInUp&quot;,&quot;_animation_delay&quot;:200}\" data-widget_type=\"porto_info_box.default\">\n\t\t\t\t<div class=\"elementor-widget-container\">\n\t\t\t\t\t<div class=\"porto-sicon-box style_1 default-icon\"><div class=\"porto-sicon-default\"><div class=\"porto-just-icon-wrapper porto-icon advanced\" style=\"margin-right:10px;\"><i class=\"fas fa-check\"><\/i><\/div><\/div><div class=\"porto-sicon-header\"><h3 class=\"porto-sicon-title\" style=\"\">Outer Diameter : 13.0 - 339.7 mm<\/h3><\/div> <!-- header --><\/div><!-- porto-sicon-box -->\t\t\t\t<\/div>\n\t\t\t\t<\/div>\n\t\t\t\t<div class=\"elementor-element elementor-element-893bfbc mb-3 elementor-invisible elementor-widget elementor-widget-porto_info_box\" data-id=\"893bfbc\" data-element_type=\"widget\" data-e-type=\"widget\" data-settings=\"{&quot;_animation&quot;:&quot;fadeInUp&quot;,&quot;_animation_delay&quot;:200}\" data-widget_type=\"porto_info_box.default\">\n\t\t\t\t<div class=\"elementor-widget-container\">\n\t\t\t\t\t<div class=\"porto-sicon-box style_1 default-icon\"><div class=\"porto-sicon-default\"><div class=\"porto-just-icon-wrapper porto-icon advanced\" style=\"margin-right:10px;\"><i class=\"fas fa-check\"><\/i><\/div><\/div><div class=\"porto-sicon-header\"><h3 class=\"porto-sicon-title\" style=\"\">Wall Thickness : 0,90 - 13,0 mm<\/h3><\/div> <!-- header --><\/div><!-- porto-sicon-box -->\t\t\t\t<\/div>\n\t\t\t\t<\/div>\n\t\t\t\t<div class=\"elementor-element elementor-element-f339816 mb-3 elementor-invisible elementor-widget elementor-widget-porto_info_box\" data-id=\"f339816\" data-element_type=\"widget\" data-e-type=\"widget\" data-settings=\"{&quot;_animation&quot;:&quot;fadeInUp&quot;,&quot;_animation_delay&quot;:200}\" data-widget_type=\"porto_info_box.default\">\n\t\t\t\t<div class=\"elementor-widget-container\">\n\t\t\t\t\t<div class=\"porto-sicon-box style_1 default-icon\"><div class=\"porto-sicon-default\"><div class=\"porto-just-icon-wrapper porto-icon advanced\" style=\"margin-right:10px;\"><i class=\"fas fa-check\"><\/i><\/div><\/div><div class=\"porto-sicon-header\"><h3 class=\"porto-sicon-title\" style=\"\">Length : 0.7-14 m<\/h3><\/div> <!-- header --><\/div><!-- porto-sicon-box -->\t\t\t\t<\/div>\n\t\t\t\t<\/div>\n\t\t\t\t\t<\/div>\r\n\t\t\t\t<\/div>\r\n\t\t\t\t<div class=\"elementor-column elementor-col-50 elementor-inner-column elementor-element elementor-element-05d009c\" data-id=\"05d009c\" data-element_type=\"column\" data-e-type=\"column\">\r\n\t\t\t\t\t<div class=\"elementor-widget-wrap elementor-element-populated\">\r\n\t\t\t\t\t\t\t\t<div class=\"elementor-element elementor-element-1428871 elementor-widget elementor-widget-image\" data-id=\"1428871\" data-element_type=\"widget\" data-e-type=\"widget\" data-widget_type=\"image.default\">\n\t\t\t\t<div class=\"elementor-widget-container\">\n\t\t\t\t\t\t\t\t\t\t\t\t\t\t\t<img fetchpriority=\"high\" decoding=\"async\" width=\"676\" height=\"373\" src=\"https:\/\/torosdemir.com\/wp-content\/uploads\/2023\/01\/Screenshot_3.jpg\" class=\"attachment-large size-large wp-image-2549\" alt=\"\" srcset=\"https:\/\/torosdemir.com\/wp-content\/uploads\/2023\/01\/Screenshot_3.jpg 676w, https:\/\/torosdemir.com\/wp-content\/uploads\/2023\/01\/Screenshot_3-640x353.jpg 640w, https:\/\/torosdemir.com\/wp-content\/uploads\/2023\/01\/Screenshot_3-400x221.jpg 400w, https:\/\/torosdemir.com\/wp-content\/uploads\/2023\/01\/Screenshot_3-367x203.jpg 367w\" sizes=\"(max-width: 676px) 100vw, 676px\" \/>\t\t\t\t\t\t\t\t\t\t\t\t\t\t\t<\/div>\n\t\t\t\t<\/div>\n\t\t\t\t\t<\/div>\r\n\t\t\t\t<\/div>\r\n\t\t\t\t\t<\/div>\r\n\t\t\t\t<\/section>\r\n\t\t\t\t<div class=\"elementor-element elementor-element-e5254dc tri-bottom mb-0 elementor-widget elementor-widget-html\" data-id=\"e5254dc\" data-element_type=\"widget\" data-e-type=\"widget\" data-widget_type=\"html.default\">\n\t\t\t\t<div class=\"elementor-widget-container\">\n\t\t\t\t\t<svg version=\"1.1\" xmlns=\"http:\/\/www.w3.org\/2000\/svg\" xmlns:xlink=\"http:\/\/www.w3.org\/1999\/xlink\" x=\"0px\" y=\"0px\" viewbox=\"0 0 2000 120\" preserveaspectratio=\"xMinYMin\">\n\t<polygon fill=\"#FFF\" points=\"-11,2 693,112 2019,6 2019,135 -11,135 \"><\/polygon>\n<\/svg>\t\t\t\t<\/div>\n\t\t\t\t<\/div>\n\t\t\t\t\t<\/div>\r\n\t\t\t\t<\/div>\r\n\t\t\t\t\t<\/div>\r\n\t\t\t\t<\/section>\r\n\t\t\t\t<section class=\"elementor-section elementor-top-section elementor-element elementor-element-d9fb711 pt-5 pb-2 pb-lg-5 elementor-section-boxed elementor-section-height-default elementor-section-height-default\" data-id=\"d9fb711\" data-element_type=\"section\" data-e-type=\"section\" data-settings=\"{&quot;background_background&quot;:&quot;classic&quot;}\">\r\n\t\t\r\n\t\t\t\t\t\t\t<div class=\"elementor-container elementor-column-gap-default\">\r\n\t\t\t\t\t\t\t\t\t\t\t<div class=\"elementor-column elementor-col-100 elementor-top-column elementor-element elementor-element-b08d1c7 d-col-block position-static\" data-id=\"b08d1c7\" data-element_type=\"column\" data-e-type=\"column\">\r\n\t\t\t\t\t<div class=\"elementor-widget-wrap elementor-element-populated\">\r\n\t\t\t\t\t\t\t\t<div class=\"elementor-element elementor-element-9affa0f mb-2 elementor-invisible elementor-widget elementor-widget-heading\" data-id=\"9affa0f\" data-element_type=\"widget\" data-e-type=\"widget\" data-settings=\"{&quot;_animation&quot;:&quot;fadeInUp&quot;,&quot;_animation_delay&quot;:200}\" data-widget_type=\"heading.default\">\n\t\t\t\t<div class=\"elementor-widget-container\">\n\t\t\t\t\t<h2 class=\"elementor-heading-title elementor-size-default\">Areas of Use<\/h2>\t\t\t\t<\/div>\n\t\t\t\t<\/div>\n\t\t\t\t<div class=\"elementor-element elementor-element-1e6facc pe-lg-5 mb-3 elementor-invisible elementor-widget elementor-widget-text-editor\" data-id=\"1e6facc\" data-element_type=\"widget\" data-e-type=\"widget\" data-settings=\"{&quot;_animation&quot;:&quot;fadeInUp&quot;,&quot;_animation_delay&quot;:800}\" data-widget_type=\"text-editor.default\">\n\t\t\t\t<div class=\"elementor-widget-container\">\n\t\t\t\t\t\t\t\t\t<p>Adjustable scaffolds are used in residences, villas, business and shopping centres, hospitals and health facilities. The system can be easily installed and dismantled. Apart from that, it can be adjusted at different heights and can be planned according to the characteristics of all settlements.<\/p>\t\t\t\t\t\t\t\t<\/div>\n\t\t\t\t<\/div>\n\t\t\t\t\t<\/div>\r\n\t\t\t\t<\/div>\r\n\t\t\t\t\t<\/div>\r\n\t\t\t\t<\/section>\r\n\t\t\t\t<section class=\"elementor-section elementor-top-section elementor-element elementor-element-a723ae4 elementor-section-boxed elementor-section-height-default elementor-section-height-default\" data-id=\"a723ae4\" data-element_type=\"section\" data-e-type=\"section\" data-settings=\"{&quot;background_background&quot;:&quot;classic&quot;}\">\r\n\t\t\r\n\t\t\t\t\t\t\t<div class=\"elementor-container elementor-column-gap-default\">\r\n\t\t\t\t\t\t\t\t\t\t\t<div class=\"elementor-column elementor-col-100 elementor-top-column elementor-element elementor-element-9ea657f\" data-id=\"9ea657f\" data-element_type=\"column\" data-e-type=\"column\">\r\n\t\t\t\t\t<div class=\"elementor-widget-wrap elementor-element-populated\">\r\n\t\t\t\t\t\t\t\t<div class=\"elementor-element elementor-element-0cb7726 elementor-widget elementor-widget-spacer\" data-id=\"0cb7726\" data-element_type=\"widget\" data-e-type=\"widget\" data-widget_type=\"spacer.default\">\n\t\t\t\t<div class=\"elementor-widget-container\">\n\t\t\t\t\t\t\t<div class=\"elementor-spacer\">\n\t\t\t<div class=\"elementor-spacer-inner\"><\/div>\n\t\t<\/div>\n\t\t\t\t\t\t<\/div>\n\t\t\t\t<\/div>\n\t\t\t\t<div class=\"elementor-element elementor-element-46ea65a mb-2 elementor-invisible elementor-widget elementor-widget-heading\" data-id=\"46ea65a\" data-element_type=\"widget\" data-e-type=\"widget\" data-settings=\"{&quot;_animation&quot;:&quot;fadeInUp&quot;,&quot;_animation_delay&quot;:200}\" data-widget_type=\"heading.default\">\n\t\t\t\t<div class=\"elementor-widget-container\">\n\t\t\t\t\t<h2 class=\"elementor-heading-title elementor-size-default\">Production Standards and Steel Grades<\/h2>\t\t\t\t<\/div>\n\t\t\t\t<\/div>\n\t\t\t\t<div class=\"elementor-element elementor-element-f896df6 pe-lg-5 mb-3 elementor-invisible elementor-widget elementor-widget-text-editor\" data-id=\"f896df6\" data-element_type=\"widget\" data-e-type=\"widget\" data-settings=\"{&quot;_animation&quot;:&quot;fadeInUp&quot;,&quot;_animation_delay&quot;:800}\" data-widget_type=\"text-editor.default\">\n\t\t\t\t<div class=\"elementor-widget-container\">\n\t\t\t\t\t\t\t\t\t<div class=\"content-table-wrapper\"><table class=\"content-table\"><tbody><tr class=\"content-tr\"><td class=\"content-td\"><p class=\"content-p first-p\">EN 39 (TS 8481 EN 39)<\/p><\/td><td class=\"content-td\"><p class=\"content-p\">S 235 GT<\/p><\/td><\/tr><tr class=\"content-tr\"><td class=\"content-td\"><p class=\"content-p\">EN 10219 (TS EN 10219) (CE)<\/p><\/td><td class=\"content-td\"><p class=\"content-p\">S235JRH, S275J0H, S275J2H, S 355J0H,<br \/>S355J2H, S355K2H, S275NH, S275NLH,<br \/>S275MH, S275MLH, S355NH, S355NLH,<br \/>S355MH, S355MLH, S420MH, S420MLH.<\/p><\/td><\/tr><\/tbody><\/table><\/div><p class=\"content-p\"><strong class=\"content-strong\">EN 10210 S355J0H Mechanical Properties of Steel Tubes<\/strong><\/p><div class=\"content-table-wrapper\"><table class=\"content-table\"><tbody><tr class=\"content-tr\"><td colspan=\"6\"><p class=\"content-p\">Min. Yield Strength Reh (Mpa)<\/p><\/td><td colspan=\"3\"><p class=\"content-p\">Tensile Strength Rm (MPa)<\/p><\/td><td class=\"content-td\"><p class=\"content-p\">Elongation% min.<\/p><\/td><\/tr><tr class=\"content-tr\"><td class=\"content-td\"><p class=\"content-p\">t\u2264 16mm<\/p><\/td><td class=\"content-td\"><p class=\"content-p\">&gt; 16 \u2264 40 mm<\/p><\/td><td class=\"content-td\"><p class=\"content-p\">&gt; 40 \u00d7 63 mm<\/p><\/td><td class=\"content-td\"><p class=\"content-p\">&gt; 63 \u2264 80 mm<\/p><\/td><td class=\"content-td\"><p class=\"content-p\">&gt; 80 \u2264 100 mm<\/p><\/td><td class=\"content-td\"><p class=\"content-p\">&gt; 100 \u2264 120 mm<\/p><\/td><td class=\"content-td\"><p class=\"content-p\">t &lt;3 mm<\/p><\/td><td class=\"content-td\"><p class=\"content-p\">&gt; 80 \u2264 100 mm<\/p><\/td><td class=\"content-td\"><p class=\"content-p\">&gt; 100 \u2264 120 mm<\/p><\/td><td class=\"content-td\"><p class=\"content-p\">t\u2264 40mm<\/p><\/td><\/tr><tr class=\"content-tr\"><td class=\"content-td\"><p class=\"content-p\">355<\/p><\/td><td class=\"content-td\"><p class=\"content-p\">345<\/p><\/td><td class=\"content-td\"><p class=\"content-p\">335<\/p><\/td><td class=\"content-td\"><p class=\"content-p\">325<\/p><\/td><td class=\"content-td\"><p class=\"content-p\">315<\/p><\/td><td class=\"content-td\"><p class=\"content-p\">295<\/p><\/td><td class=\"content-td\"><p class=\"content-p\">510-680<\/p><\/td><td class=\"content-td\"><p class=\"content-p\">470-630<\/p><\/td><td class=\"content-td\"><p class=\"content-p\">450-600<\/p><\/td><td class=\"content-td\"><p class=\"content-p\">22<\/p><\/td><\/tr><\/tbody><\/table><\/div><p class=\"content-p\"><strong class=\"content-strong\">Chemical Composition<\/strong><\/p><div class=\"content-table-wrapper\"><table class=\"content-table\"><tbody><tr class=\"content-tr\"><td class=\"content-td\"><p class=\"content-p\">Carbon<\/p><\/td><td class=\"content-td\"><p class=\"content-p\">Silicone max.<\/p><\/td><td class=\"content-td\"><p class=\"content-p\">Manganese max.<\/p><\/td><td class=\"content-td\"><p class=\"content-p\">Phosphorus max.<\/p><\/td><td class=\"content-td\"><p class=\"content-p\">Sulphur max.<\/p><\/td><td class=\"content-td\"><p class=\"content-p\">Nitrogen max.<\/p><\/td><\/tr><tr class=\"content-tr\"><td class=\"content-td\"><p class=\"content-p\">0,22<\/p><\/td><td class=\"content-td\"><p class=\"content-p\">0,55<\/p><\/td><td class=\"content-td\"><p class=\"content-p\">1.60<\/p><\/td><td class=\"content-td\"><p class=\"content-p\">0,035<\/p><\/td><td class=\"content-td\"><p class=\"content-p\">0,035<\/p><\/td><td class=\"content-td\"><p class=\"content-p\">0,009<\/p><\/td><\/tr><\/tbody><\/table><\/div>\t\t\t\t\t\t\t\t<\/div>\n\t\t\t\t<\/div>\n\t\t\t\t<div class=\"elementor-element elementor-element-cc3ed4a elementor-widget elementor-widget-spacer\" data-id=\"cc3ed4a\" data-element_type=\"widget\" data-e-type=\"widget\" data-widget_type=\"spacer.default\">\n\t\t\t\t<div class=\"elementor-widget-container\">\n\t\t\t\t\t\t\t<div class=\"elementor-spacer\">\n\t\t\t<div class=\"elementor-spacer-inner\"><\/div>\n\t\t<\/div>\n\t\t\t\t\t\t<\/div>\n\t\t\t\t<\/div>\n\t\t\t\t<div class=\"elementor-element elementor-element-1adc403 tri-bottom mb-0 elementor-widget elementor-widget-html\" data-id=\"1adc403\" data-element_type=\"widget\" data-e-type=\"widget\" data-widget_type=\"html.default\">\n\t\t\t\t<div class=\"elementor-widget-container\">\n\t\t\t\t\t<svg version=\"1.1\" xmlns=\"http:\/\/www.w3.org\/2000\/svg\" xmlns:xlink=\"http:\/\/www.w3.org\/1999\/xlink\" x=\"0px\" y=\"0px\" viewbox=\"0 0 2000 120\" preserveaspectratio=\"xMinYMin\">\n\t<polygon fill=\"#FFF\" points=\"-11,2 693,112 2019,6 2019,135 -11,135 \"><\/polygon>\n<\/svg>\t\t\t\t<\/div>\n\t\t\t\t<\/div>\n\t\t\t\t\t<\/div>\r\n\t\t\t\t<\/div>\r\n\t\t\t\t\t<\/div>\r\n\t\t\t\t<\/section>\r\n\t\t\t\t<\/div>","protected":false},"excerpt":{"rendered":"<p>Borular \u0130skele Borusu \u0130skele borular\u0131, kal\u0131p sisteminde \u00e7elik konstr\u00fcksiyonlarda, tar\u0131m sekt\u00f6r\u00fcnde kullan\u0131lan bile\u015fenlerdir. Bu sistemin d\u00f6\u015feme y\u00fckleri dikkate al\u0131narak mahya ve \u0131zgara aral\u0131klar\u0131yla teleskopik boru dikme mesafeleri ayarlanabilir. \u201cTeleskopik iskeleler, teleskopik dikme, teleskop dikme, demir direk, in\u015faat dire\u011fi, teleskop direk ve demir dikme\u201d gibi farkl\u0131 isimleri de bulunan iskele borular\u0131, farkl\u0131 kullan\u0131m \u015fekillerine sahiptir. \u0130skele [&hellip;]<\/p>\n","protected":false},"author":1,"featured_media":0,"parent":0,"menu_order":0,"comment_status":"closed","ping_status":"closed","template":"","meta":{"_acf_changed":false,"footnotes":""},"class_list":["post-2852","page","type-page","status-publish","hentry"],"acf":[],"_links":{"self":[{"href":"https:\/\/torosdemir.com\/en_gb\/wp-json\/wp\/v2\/pages\/2852","targetHints":{"allow":["GET"]}}],"collection":[{"href":"https:\/\/torosdemir.com\/en_gb\/wp-json\/wp\/v2\/pages"}],"about":[{"href":"https:\/\/torosdemir.com\/en_gb\/wp-json\/wp\/v2\/types\/page"}],"author":[{"embeddable":true,"href":"https:\/\/torosdemir.com\/en_gb\/wp-json\/wp\/v2\/users\/1"}],"replies":[{"embeddable":true,"href":"https:\/\/torosdemir.com\/en_gb\/wp-json\/wp\/v2\/comments?post=2852"}],"version-history":[{"count":10,"href":"https:\/\/torosdemir.com\/en_gb\/wp-json\/wp\/v2\/pages\/2852\/revisions"}],"predecessor-version":[{"id":2862,"href":"https:\/\/torosdemir.com\/en_gb\/wp-json\/wp\/v2\/pages\/2852\/revisions\/2862"}],"wp:attachment":[{"href":"https:\/\/torosdemir.com\/en_gb\/wp-json\/wp\/v2\/media?parent=2852"}],"curies":[{"name":"wp","href":"https:\/\/api.w.org\/{rel}","templated":true}]}}