{"id":2715,"date":"2025-10-20T17:11:02","date_gmt":"2025-10-20T14:11:02","guid":{"rendered":"https:\/\/torosdemir.com\/?page_id=2715"},"modified":"2026-02-24T13:11:48","modified_gmt":"2026-02-24T10:11:48","slug":"trapezoidal-sheet","status":"publish","type":"page","link":"https:\/\/torosdemir.com\/en_gb\/trapezoidal-sheet\/","title":{"rendered":"Trapezoidal Sheet"},"content":{"rendered":"<div data-elementor-type=\"wp-page\" data-elementor-id=\"2715\" class=\"elementor elementor-2715\">\n\t\t\t\t\t\t<section class=\"elementor-section elementor-top-section elementor-element elementor-element-7a75ad3 py-3 my-5 elementor-section-boxed elementor-section-height-default elementor-section-height-default\" data-id=\"7a75ad3\" data-element_type=\"section\" data-e-type=\"section\">\r\n\t\t\r\n\t\t\t\t\t\t\t<div class=\"elementor-container elementor-column-gap-default\">\r\n\t\t\t\t\t\t\t\t\t\t\t<div class=\"elementor-column elementor-col-50 elementor-top-column elementor-element elementor-element-2493003\" data-id=\"2493003\" data-element_type=\"column\" data-e-type=\"column\">\r\n\t\t\t\t\t<div class=\"elementor-widget-wrap elementor-element-populated\">\r\n\t\t\t\t\t\t\t\t<div class=\"elementor-element elementor-element-3eb96e5 mb-3 elementor-invisible elementor-widget elementor-widget-heading\" data-id=\"3eb96e5\" data-element_type=\"widget\" data-e-type=\"widget\" data-settings=\"{&quot;_animation&quot;:&quot;fadeInUp&quot;,&quot;_animation_delay&quot;:400}\" data-widget_type=\"heading.default\">\n\t\t\t\t<div class=\"elementor-widget-container\">\n\t\t\t\t\t<h3 class=\"elementor-heading-title elementor-size-default\">Products\n<\/h3>\t\t\t\t<\/div>\n\t\t\t\t<\/div>\n\t\t\t\t<div class=\"elementor-element elementor-element-6e542a6 mb-1 elementor-invisible elementor-widget elementor-widget-heading\" data-id=\"6e542a6\" data-element_type=\"widget\" data-e-type=\"widget\" data-settings=\"{&quot;_animation&quot;:&quot;fadeInUp&quot;,&quot;_animation_delay&quot;:200}\" data-widget_type=\"heading.default\">\n\t\t\t\t<div class=\"elementor-widget-container\">\n\t\t\t\t\t<h2 class=\"elementor-heading-title elementor-size-default\">Trapezoidal Sheet<\/h2>\t\t\t\t<\/div>\n\t\t\t\t<\/div>\n\t\t\t\t\t<\/div>\r\n\t\t\t\t<\/div>\r\n\t\t\t\t<div class=\"elementor-column elementor-col-50 elementor-top-column elementor-element elementor-element-18bdb8c\" data-id=\"18bdb8c\" data-element_type=\"column\" data-e-type=\"column\">\r\n\t\t\t\t\t<div class=\"elementor-widget-wrap elementor-element-populated\">\r\n\t\t\t\t\t\t\t\t<div class=\"elementor-element elementor-element-d952120 pt-lg-3 mb-2 elementor-invisible elementor-widget elementor-widget-text-editor\" data-id=\"d952120\" data-element_type=\"widget\" data-e-type=\"widget\" data-settings=\"{&quot;_animation&quot;:&quot;fadeInUp&quot;,&quot;_animation_delay&quot;:450}\" data-widget_type=\"text-editor.default\">\n\t\t\t\t<div class=\"elementor-widget-container\">\n\t\t\t\t\t\t\t\t\t<p>It is a durable and economical building material used in roof and facade coatings thanks to its form that provides high bearing strength.<\/p>\t\t\t\t\t\t\t\t<\/div>\n\t\t\t\t<\/div>\n\t\t\t\t<div class=\"elementor-element elementor-element-acb9c3e custom-read-more mb-2 elementor-invisible elementor-widget elementor-widget-heading\" data-id=\"acb9c3e\" data-element_type=\"widget\" data-e-type=\"widget\" data-settings=\"{&quot;_animation&quot;:&quot;fadeInUp&quot;,&quot;_animation_delay&quot;:650}\" data-widget_type=\"heading.default\">\n\t\t\t\t<div class=\"elementor-widget-container\">\n\t\t\t\t\t<div class=\"elementor-heading-title elementor-size-default\"><a href=\"https:\/\/torosdemir.com\/wp-content\/uploads\/2026\/02\/TRAPEZ-SAC-27x200-1.pdf\">Click for PDF<i class=\"porto-icon-arrow-forward-right\"><\/i><\/a><\/div>\t\t\t\t<\/div>\n\t\t\t\t<\/div>\n\t\t\t\t\t<\/div>\r\n\t\t\t\t<\/div>\r\n\t\t\t\t\t<\/div>\r\n\t\t\t\t<\/section>\r\n\t\t\t\t<section class=\"elementor-section elementor-top-section elementor-element elementor-element-c420a7a pt-5 mt-2 p-b-xl elementor-section-boxed elementor-section-height-default elementor-section-height-default\" data-id=\"c420a7a\" data-element_type=\"section\" data-e-type=\"section\" data-settings=\"{&quot;background_background&quot;:&quot;classic&quot;}\">\r\n\t\t\r\n\t\t\t\t\t\t\t<div class=\"elementor-container elementor-column-gap-default\">\r\n\t\t\t\t\t\t\t\t\t\t\t<div class=\"elementor-column elementor-col-100 elementor-top-column elementor-element elementor-element-9d7a9a4\" data-id=\"9d7a9a4\" data-element_type=\"column\" data-e-type=\"column\">\r\n\t\t\t\t\t<div class=\"elementor-widget-wrap elementor-element-populated\">\r\n\t\t\t\t\t\t\t\t<section class=\"elementor-section elementor-inner-section elementor-element elementor-element-20d3296 elementor-section-boxed elementor-section-height-default elementor-section-height-default\" data-id=\"20d3296\" data-element_type=\"section\" data-e-type=\"section\" data-settings=\"{&quot;background_background&quot;:&quot;classic&quot;}\">\r\n\t\t\r\n\t\t\t\t\t\t\t<div class=\"elementor-container elementor-column-gap-default\">\r\n\t\t\t\t\t\t\t\t\t\t\t<div class=\"elementor-column elementor-col-33 elementor-inner-column elementor-element elementor-element-3ba2c85\" data-id=\"3ba2c85\" data-element_type=\"column\" data-e-type=\"column\" data-settings=\"{&quot;background_background&quot;:&quot;classic&quot;}\">\r\n\t\t\t\t\t<div class=\"elementor-widget-wrap elementor-element-populated\">\r\n\t\t\t\t\t\t\t\t<div class=\"elementor-element elementor-element-b49f24b elementor-position-top elementor-widget elementor-widget-image-box\" data-id=\"b49f24b\" data-element_type=\"widget\" data-e-type=\"widget\" data-widget_type=\"image-box.default\">\n\t\t\t\t<div class=\"elementor-widget-container\">\n\t\t\t\t\t<div class=\"elementor-image-box-wrapper\"><figure class=\"elementor-image-box-img\"><a href=\"https:\/\/torosdemir.com\/en_gb\/galvanised-trapeze\/\" tabindex=\"-1\"><img fetchpriority=\"high\" decoding=\"async\" width=\"676\" height=\"373\" src=\"https:\/\/torosdemir.com\/wp-content\/uploads\/2023\/02\/Screenshot_2-1.jpg\" class=\"attachment-full size-full wp-image-2718\" alt=\"\" srcset=\"https:\/\/torosdemir.com\/wp-content\/uploads\/2023\/02\/Screenshot_2-1.jpg 676w, https:\/\/torosdemir.com\/wp-content\/uploads\/2023\/02\/Screenshot_2-1-640x353.jpg 640w, https:\/\/torosdemir.com\/wp-content\/uploads\/2023\/02\/Screenshot_2-1-400x221.jpg 400w, https:\/\/torosdemir.com\/wp-content\/uploads\/2023\/02\/Screenshot_2-1-367x203.jpg 367w\" sizes=\"(max-width: 676px) 100vw, 676px\" \/><\/a><\/figure><div class=\"elementor-image-box-content\"><h3 class=\"elementor-image-box-title\"><a href=\"https:\/\/torosdemir.com\/en_gb\/galvanised-trapeze\/\">Galvanised Trapeze<\/a><\/h3><p class=\"elementor-image-box-description\">Galvanised trapezoidal single layer products in 27\/200 form are called trapezoidal sheet...<\/p><\/div><\/div>\t\t\t\t<\/div>\n\t\t\t\t<\/div>\n\t\t\t\t<div class=\"elementor-element elementor-element-574f35c custom-read-more mb-2 elementor-invisible elementor-widget elementor-widget-heading\" data-id=\"574f35c\" data-element_type=\"widget\" data-e-type=\"widget\" data-settings=\"{&quot;_animation&quot;:&quot;fadeInUp&quot;,&quot;_animation_delay&quot;:650}\" data-widget_type=\"heading.default\">\n\t\t\t\t<div class=\"elementor-widget-container\">\n\t\t\t\t\t<div class=\"elementor-heading-title elementor-size-default\"><a href=\"https:\/\/torosdemir.com\/en_gb\/galvanised-trapeze\/\">Read More<i class=\"porto-icon-arrow-forward-right\"><\/i><\/a><\/div>\t\t\t\t<\/div>\n\t\t\t\t<\/div>\n\t\t\t\t\t<\/div>\r\n\t\t\t\t<\/div>\r\n\t\t\t\t<div class=\"elementor-column elementor-col-33 elementor-inner-column elementor-element elementor-element-0de288c\" data-id=\"0de288c\" data-element_type=\"column\" data-e-type=\"column\" data-settings=\"{&quot;background_background&quot;:&quot;classic&quot;}\">\r\n\t\t\t\t\t<div class=\"elementor-widget-wrap elementor-element-populated\">\r\n\t\t\t\t\t\t\t\t<div class=\"elementor-element elementor-element-2ef4b5f elementor-position-top elementor-widget elementor-widget-image-box\" data-id=\"2ef4b5f\" data-element_type=\"widget\" data-e-type=\"widget\" data-widget_type=\"image-box.default\">\n\t\t\t\t<div class=\"elementor-widget-container\">\n\t\t\t\t\t<div class=\"elementor-image-box-wrapper\"><figure class=\"elementor-image-box-img\"><a href=\"https:\/\/torosdemir.com\/en_gb\/trapezoidal-ridge\/\" tabindex=\"-1\"><img decoding=\"async\" width=\"676\" height=\"373\" src=\"https:\/\/torosdemir.com\/wp-content\/uploads\/2023\/02\/Screenshot_4-1.jpg\" class=\"attachment-full size-full wp-image-2724\" alt=\"\" srcset=\"https:\/\/torosdemir.com\/wp-content\/uploads\/2023\/02\/Screenshot_4-1.jpg 676w, https:\/\/torosdemir.com\/wp-content\/uploads\/2023\/02\/Screenshot_4-1-640x353.jpg 640w, https:\/\/torosdemir.com\/wp-content\/uploads\/2023\/02\/Screenshot_4-1-400x221.jpg 400w, https:\/\/torosdemir.com\/wp-content\/uploads\/2023\/02\/Screenshot_4-1-367x203.jpg 367w\" sizes=\"(max-width: 676px) 100vw, 676px\" \/><\/a><\/figure><div class=\"elementor-image-box-content\"><h3 class=\"elementor-image-box-title\"><a href=\"https:\/\/torosdemir.com\/en_gb\/trapezoidal-ridge\/\">Trapezoidal Ridge<\/a><\/h3><p class=\"elementor-image-box-description\">Trapezoidal ridge is a facade and roofing material that is not affected by weather conditions, made of aluminium or galvanised sheet metal, painted or unpainted...<\/p><\/div><\/div>\t\t\t\t<\/div>\n\t\t\t\t<\/div>\n\t\t\t\t<div class=\"elementor-element elementor-element-c241edc custom-read-more mb-2 elementor-invisible elementor-widget elementor-widget-heading\" data-id=\"c241edc\" data-element_type=\"widget\" data-e-type=\"widget\" data-settings=\"{&quot;_animation&quot;:&quot;fadeInUp&quot;,&quot;_animation_delay&quot;:650}\" data-widget_type=\"heading.default\">\n\t\t\t\t<div class=\"elementor-widget-container\">\n\t\t\t\t\t<div class=\"elementor-heading-title elementor-size-default\"><a href=\"https:\/\/torosdemir.com\/en_gb\/trapezoidal-ridge\/\">Read More<i class=\"porto-icon-arrow-forward-right\"><\/i><\/a><\/div>\t\t\t\t<\/div>\n\t\t\t\t<\/div>\n\t\t\t\t\t<\/div>\r\n\t\t\t\t<\/div>\r\n\t\t\t\t<div class=\"elementor-column elementor-col-33 elementor-inner-column elementor-element elementor-element-1b77b3e\" data-id=\"1b77b3e\" data-element_type=\"column\" data-e-type=\"column\" data-settings=\"{&quot;background_background&quot;:&quot;classic&quot;}\">\r\n\t\t\t\t\t<div class=\"elementor-widget-wrap elementor-element-populated\">\r\n\t\t\t\t\t\t\t\t<div class=\"elementor-element elementor-element-c59ff43 elementor-position-top elementor-widget elementor-widget-image-box\" data-id=\"c59ff43\" data-element_type=\"widget\" data-e-type=\"widget\" data-widget_type=\"image-box.default\">\n\t\t\t\t<div class=\"elementor-widget-container\">\n\t\t\t\t\t<div class=\"elementor-image-box-wrapper\"><figure class=\"elementor-image-box-img\"><a href=\"https:\/\/torosdemir.com\/en_gb\/painted-trapeze\/\" tabindex=\"-1\"><img decoding=\"async\" width=\"676\" height=\"373\" src=\"https:\/\/torosdemir.com\/wp-content\/uploads\/2023\/02\/Screenshot_5-1.jpg\" class=\"attachment-full size-full wp-image-2723\" alt=\"\" srcset=\"https:\/\/torosdemir.com\/wp-content\/uploads\/2023\/02\/Screenshot_5-1.jpg 676w, https:\/\/torosdemir.com\/wp-content\/uploads\/2023\/02\/Screenshot_5-1-640x353.jpg 640w, https:\/\/torosdemir.com\/wp-content\/uploads\/2023\/02\/Screenshot_5-1-400x221.jpg 400w, https:\/\/torosdemir.com\/wp-content\/uploads\/2023\/02\/Screenshot_5-1-367x203.jpg 367w\" sizes=\"(max-width: 676px) 100vw, 676px\" \/><\/a><\/figure><div class=\"elementor-image-box-content\"><h3 class=\"elementor-image-box-title\"><a href=\"https:\/\/torosdemir.com\/en_gb\/painted-trapeze\/\">Painted Trapeze<\/a><\/h3><p class=\"elementor-image-box-description\">It is the form of galvanised or painted products as gutter ridge...<\/p><\/div><\/div>\t\t\t\t<\/div>\n\t\t\t\t<\/div>\n\t\t\t\t<div class=\"elementor-element elementor-element-3c6ca9c custom-read-more mb-2 elementor-invisible elementor-widget elementor-widget-heading\" data-id=\"3c6ca9c\" data-element_type=\"widget\" data-e-type=\"widget\" data-settings=\"{&quot;_animation&quot;:&quot;fadeInUp&quot;,&quot;_animation_delay&quot;:650}\" data-widget_type=\"heading.default\">\n\t\t\t\t<div class=\"elementor-widget-container\">\n\t\t\t\t\t<div class=\"elementor-heading-title elementor-size-default\"><a href=\"https:\/\/torosdemir.com\/en_gb\/painted-trapeze\/\">Read More<i class=\"porto-icon-arrow-forward-right\"><\/i><\/a><\/div>\t\t\t\t<\/div>\n\t\t\t\t<\/div>\n\t\t\t\t\t<\/div>\r\n\t\t\t\t<\/div>\r\n\t\t\t\t\t<\/div>\r\n\t\t\t\t<\/section>\r\n\t\t\t\t<section class=\"elementor-section elementor-inner-section elementor-element elementor-element-d83d211 elementor-section-boxed elementor-section-height-default elementor-section-height-default\" data-id=\"d83d211\" data-element_type=\"section\" data-e-type=\"section\" data-settings=\"{&quot;background_background&quot;:&quot;classic&quot;}\">\r\n\t\t\r\n\t\t\t\t\t\t\t<div class=\"elementor-container elementor-column-gap-default\">\r\n\t\t\t\t\t\t\t\t\t\t\t<div class=\"elementor-column elementor-col-33 elementor-inner-column elementor-element elementor-element-5567f15\" data-id=\"5567f15\" data-element_type=\"column\" data-e-type=\"column\" data-settings=\"{&quot;background_background&quot;:&quot;classic&quot;}\">\r\n\t\t\t\t\t<div class=\"elementor-widget-wrap elementor-element-populated\">\r\n\t\t\t\t\t\t\t\t<div class=\"elementor-element elementor-element-61bf001 elementor-position-top elementor-widget elementor-widget-image-box\" data-id=\"61bf001\" data-element_type=\"widget\" data-e-type=\"widget\" data-widget_type=\"image-box.default\">\n\t\t\t\t<div class=\"elementor-widget-container\">\n\t\t\t\t\t<div class=\"elementor-image-box-wrapper\"><figure class=\"elementor-image-box-img\"><a href=\"https:\/\/torosdemir.com\/en_gb\/painted-trapezoidal-ridge\/\" tabindex=\"-1\"><img loading=\"lazy\" decoding=\"async\" width=\"676\" height=\"373\" src=\"https:\/\/torosdemir.com\/wp-content\/uploads\/2023\/02\/Screenshot_6-1.jpg\" class=\"attachment-full size-full wp-image-2722\" alt=\"\" srcset=\"https:\/\/torosdemir.com\/wp-content\/uploads\/2023\/02\/Screenshot_6-1.jpg 676w, https:\/\/torosdemir.com\/wp-content\/uploads\/2023\/02\/Screenshot_6-1-640x353.jpg 640w, https:\/\/torosdemir.com\/wp-content\/uploads\/2023\/02\/Screenshot_6-1-400x221.jpg 400w, https:\/\/torosdemir.com\/wp-content\/uploads\/2023\/02\/Screenshot_6-1-367x203.jpg 367w\" sizes=\"(max-width: 676px) 100vw, 676px\" \/><\/a><\/figure><div class=\"elementor-image-box-content\"><h3 class=\"elementor-image-box-title\"><a href=\"https:\/\/torosdemir.com\/en_gb\/painted-trapezoidal-ridge\/\">Painted Trapezoidal Ridge<\/a><\/h3><p class=\"elementor-image-box-description\">Painted Trapezoidal Ridge is a facade and roofing material that is not affected by weather conditions, made of aluminium or galvanised sheet metal, produced as painted or unpainted...<\/p><\/div><\/div>\t\t\t\t<\/div>\n\t\t\t\t<\/div>\n\t\t\t\t<div class=\"elementor-element elementor-element-07a8b86 custom-read-more mb-2 elementor-invisible elementor-widget elementor-widget-heading\" data-id=\"07a8b86\" data-element_type=\"widget\" data-e-type=\"widget\" data-settings=\"{&quot;_animation&quot;:&quot;fadeInUp&quot;,&quot;_animation_delay&quot;:650}\" data-widget_type=\"heading.default\">\n\t\t\t\t<div class=\"elementor-widget-container\">\n\t\t\t\t\t<div class=\"elementor-heading-title elementor-size-default\"><a href=\"https:\/\/torosdemir.com\/en_gb\/painted-trapezoidal-ridge\/\">Read More<i class=\"porto-icon-arrow-forward-right\"><\/i><\/a><\/div>\t\t\t\t<\/div>\n\t\t\t\t<\/div>\n\t\t\t\t\t<\/div>\r\n\t\t\t\t<\/div>\r\n\t\t\t\t<div class=\"elementor-column elementor-col-33 elementor-inner-column elementor-element elementor-element-e7f1070 elementor-hidden-desktop elementor-hidden-tablet elementor-hidden-mobile\" data-id=\"e7f1070\" data-element_type=\"column\" data-e-type=\"column\" data-settings=\"{&quot;background_background&quot;:&quot;classic&quot;}\">\r\n\t\t\t\t\t<div class=\"elementor-widget-wrap elementor-element-populated\">\r\n\t\t\t\t\t\t\t\t<div class=\"elementor-element elementor-element-16d8f70 elementor-position-top elementor-widget elementor-widget-image-box\" data-id=\"16d8f70\" data-element_type=\"widget\" data-e-type=\"widget\" data-widget_type=\"image-box.default\">\n\t\t\t\t<div class=\"elementor-widget-container\">\n\t\t\t\t\t<div class=\"elementor-image-box-wrapper\"><figure class=\"elementor-image-box-img\"><a href=\"https:\/\/torosdemir.com\/en_gb\/galvanised-concrete-trapezoid\/\" tabindex=\"-1\"><img loading=\"lazy\" decoding=\"async\" width=\"676\" height=\"373\" src=\"https:\/\/torosdemir.com\/wp-content\/uploads\/2023\/02\/Screenshot_1-1.jpg\" class=\"attachment-full size-full wp-image-2717\" alt=\"\" srcset=\"https:\/\/torosdemir.com\/wp-content\/uploads\/2023\/02\/Screenshot_1-1.jpg 676w, https:\/\/torosdemir.com\/wp-content\/uploads\/2023\/02\/Screenshot_1-1-640x353.jpg 640w, https:\/\/torosdemir.com\/wp-content\/uploads\/2023\/02\/Screenshot_1-1-400x221.jpg 400w, https:\/\/torosdemir.com\/wp-content\/uploads\/2023\/02\/Screenshot_1-1-367x203.jpg 367w\" sizes=\"(max-width: 676px) 100vw, 676px\" \/><\/a><\/figure><div class=\"elementor-image-box-content\"><h3 class=\"elementor-image-box-title\"><a href=\"https:\/\/torosdemir.com\/en_gb\/galvanised-concrete-trapezoid\/\">Galvanised Concrete Trapezoidal<\/a><\/h3><p class=\"elementor-image-box-description\">It is the form of galvanised coils formed as trapezoidal sheet in roll forming machine. It is produced in 54\/305 form. It is produced from 1200 mm sheet...<\/p><\/div><\/div>\t\t\t\t<\/div>\n\t\t\t\t<\/div>\n\t\t\t\t<div class=\"elementor-element elementor-element-5b2ea68 custom-read-more mb-2 elementor-invisible elementor-widget elementor-widget-heading\" data-id=\"5b2ea68\" data-element_type=\"widget\" data-e-type=\"widget\" data-settings=\"{&quot;_animation&quot;:&quot;fadeInUp&quot;,&quot;_animation_delay&quot;:650}\" data-widget_type=\"heading.default\">\n\t\t\t\t<div class=\"elementor-widget-container\">\n\t\t\t\t\t<div class=\"elementor-heading-title elementor-size-default\"><a href=\"https:\/\/torosdemir.com\/en_gb\/galvanised-concrete-trapezoid\/\">Read More<i class=\"porto-icon-arrow-forward-right\"><\/i><\/a><\/div>\t\t\t\t<\/div>\n\t\t\t\t<\/div>\n\t\t\t\t\t<\/div>\r\n\t\t\t\t<\/div>\r\n\t\t\t\t<div class=\"elementor-column elementor-col-33 elementor-inner-column elementor-element elementor-element-2102964 elementor-hidden-desktop elementor-hidden-tablet elementor-hidden-mobile\" data-id=\"2102964\" data-element_type=\"column\" data-e-type=\"column\" data-settings=\"{&quot;background_background&quot;:&quot;classic&quot;}\">\r\n\t\t\t\t\t<div class=\"elementor-widget-wrap elementor-element-populated\">\r\n\t\t\t\t\t\t\t\t<div class=\"elementor-element elementor-element-cd18902 elementor-position-top elementor-widget elementor-widget-image-box\" data-id=\"cd18902\" data-element_type=\"widget\" data-e-type=\"widget\" data-widget_type=\"image-box.default\">\n\t\t\t\t<div class=\"elementor-widget-container\">\n\t\t\t\t\t<div class=\"elementor-image-box-wrapper\"><figure class=\"elementor-image-box-img\"><a href=\"https:\/\/torosdemir.com\/en_gb\/trapeze-apparatus\/\" tabindex=\"-1\"><img loading=\"lazy\" decoding=\"async\" width=\"676\" height=\"373\" src=\"https:\/\/torosdemir.com\/wp-content\/uploads\/2023\/02\/Screenshot_7-1.jpg\" class=\"attachment-full size-full wp-image-2721\" alt=\"\" srcset=\"https:\/\/torosdemir.com\/wp-content\/uploads\/2023\/02\/Screenshot_7-1.jpg 676w, https:\/\/torosdemir.com\/wp-content\/uploads\/2023\/02\/Screenshot_7-1-640x353.jpg 640w, https:\/\/torosdemir.com\/wp-content\/uploads\/2023\/02\/Screenshot_7-1-400x221.jpg 400w, https:\/\/torosdemir.com\/wp-content\/uploads\/2023\/02\/Screenshot_7-1-367x203.jpg 367w\" sizes=\"(max-width: 676px) 100vw, 676px\" \/><\/a><\/figure><div class=\"elementor-image-box-content\"><h3 class=\"elementor-image-box-title\"><a href=\"https:\/\/torosdemir.com\/en_gb\/trapeze-apparatus\/\">Trapeze Apparatus<\/a><\/h3><p class=\"elementor-image-box-description\">Trapezoidal screws have a truncated triangular thread shape. Therefore, the threads of the screw and nut engage each other without gaps...<\/p><\/div><\/div>\t\t\t\t<\/div>\n\t\t\t\t<\/div>\n\t\t\t\t<div class=\"elementor-element elementor-element-8f8fb6c custom-read-more mb-2 elementor-invisible elementor-widget elementor-widget-heading\" data-id=\"8f8fb6c\" data-element_type=\"widget\" data-e-type=\"widget\" data-settings=\"{&quot;_animation&quot;:&quot;fadeInUp&quot;,&quot;_animation_delay&quot;:650}\" data-widget_type=\"heading.default\">\n\t\t\t\t<div class=\"elementor-widget-container\">\n\t\t\t\t\t<div class=\"elementor-heading-title elementor-size-default\"><a href=\"https:\/\/torosdemir.com\/en_gb\/trapeze-apparatus\/\">Read More<i class=\"porto-icon-arrow-forward-right\"><\/i><\/a><\/div>\t\t\t\t<\/div>\n\t\t\t\t<\/div>\n\t\t\t\t\t<\/div>\r\n\t\t\t\t<\/div>\r\n\t\t\t\t\t<\/div>\r\n\t\t\t\t<\/section>\r\n\t\t\t\t<section class=\"elementor-section elementor-inner-section elementor-element elementor-element-ffcbb67 elementor-section-boxed elementor-section-height-default elementor-section-height-default\" data-id=\"ffcbb67\" data-element_type=\"section\" data-e-type=\"section\" data-settings=\"{&quot;background_background&quot;:&quot;classic&quot;}\">\r\n\t\t\r\n\t\t\t\t\t\t\t<div class=\"elementor-container elementor-column-gap-default\">\r\n\t\t\t\t\t\t\t\t\t\t\t<div class=\"elementor-column elementor-col-50 elementor-inner-column elementor-element elementor-element-05f3ca8 elementor-hidden-desktop elementor-hidden-tablet elementor-hidden-mobile\" data-id=\"05f3ca8\" data-element_type=\"column\" data-e-type=\"column\" data-settings=\"{&quot;background_background&quot;:&quot;classic&quot;}\">\r\n\t\t\t\t\t<div class=\"elementor-widget-wrap elementor-element-populated\">\r\n\t\t\t\t\t\t\t\t<div class=\"elementor-element elementor-element-876c561 elementor-position-top elementor-widget elementor-widget-image-box\" data-id=\"876c561\" data-element_type=\"widget\" data-e-type=\"widget\" data-widget_type=\"image-box.default\">\n\t\t\t\t<div class=\"elementor-widget-container\">\n\t\t\t\t\t<div class=\"elementor-image-box-wrapper\"><figure class=\"elementor-image-box-img\"><a href=\"https:\/\/torosdemir.com\/en_gb\/kenet-roof-sheet\/\" tabindex=\"-1\"><img loading=\"lazy\" decoding=\"async\" width=\"676\" height=\"373\" src=\"https:\/\/torosdemir.com\/wp-content\/uploads\/2023\/02\/Screenshot_8-1.jpg\" class=\"attachment-full size-full wp-image-2720\" alt=\"\" srcset=\"https:\/\/torosdemir.com\/wp-content\/uploads\/2023\/02\/Screenshot_8-1.jpg 676w, https:\/\/torosdemir.com\/wp-content\/uploads\/2023\/02\/Screenshot_8-1-640x353.jpg 640w, https:\/\/torosdemir.com\/wp-content\/uploads\/2023\/02\/Screenshot_8-1-400x221.jpg 400w, https:\/\/torosdemir.com\/wp-content\/uploads\/2023\/02\/Screenshot_8-1-367x203.jpg 367w\" sizes=\"(max-width: 676px) 100vw, 676px\" \/><\/a><\/figure><div class=\"elementor-image-box-content\"><h3 class=\"elementor-image-box-title\"><a href=\"https:\/\/torosdemir.com\/en_gb\/kenet-roof-sheet\/\">Kenet Roof Sheet<\/a><\/h3><p class=\"elementor-image-box-description\">The standing seam roof is applied on roofs with a minimum slope of %5...<\/p><\/div><\/div>\t\t\t\t<\/div>\n\t\t\t\t<\/div>\n\t\t\t\t<div class=\"elementor-element elementor-element-70878be custom-read-more mb-2 elementor-invisible elementor-widget elementor-widget-heading\" data-id=\"70878be\" data-element_type=\"widget\" data-e-type=\"widget\" data-settings=\"{&quot;_animation&quot;:&quot;fadeInUp&quot;,&quot;_animation_delay&quot;:650}\" data-widget_type=\"heading.default\">\n\t\t\t\t<div class=\"elementor-widget-container\">\n\t\t\t\t\t<div class=\"elementor-heading-title elementor-size-default\"><a href=\"https:\/\/torosdemir.com\/en_gb\/kenet-roof-sheet\/\">Read More<i class=\"porto-icon-arrow-forward-right\"><\/i><\/a><\/div>\t\t\t\t<\/div>\n\t\t\t\t<\/div>\n\t\t\t\t\t<\/div>\r\n\t\t\t\t<\/div>\r\n\t\t\t\t<div class=\"elementor-column elementor-col-50 elementor-inner-column elementor-element elementor-element-072debe\" data-id=\"072debe\" data-element_type=\"column\" data-e-type=\"column\" data-settings=\"{&quot;background_background&quot;:&quot;classic&quot;}\">\r\n\t\t\t\t\t<div class=\"elementor-widget-wrap\">\r\n\t\t\t\t\t\t\t\t\t<\/div>\r\n\t\t\t\t<\/div>\r\n\t\t\t\t\t<\/div>\r\n\t\t\t\t<\/section>\r\n\t\t\t\t\t<\/div>\r\n\t\t\t\t<\/div>\r\n\t\t\t\t\t<\/div>\r\n\t\t\t\t<\/section>\r\n\t\t\t\t<\/div>","protected":false},"excerpt":{"rendered":"<p>\u00dcr\u00fcnler Trapez Sac Y\u00fcksek ta\u015f\u0131ma dayan\u0131m\u0131 sa\u011flayan formu sayesinde \u00e7at\u0131 ve cephe kaplamalar\u0131nda kullan\u0131lan dayan\u0131kl\u0131 ve ekonomik bir yap\u0131 malzemesidir. PDF \u0130\u00e7in T\u0131klay\u0131n\u0131z Galvanizli Trapez Galvanizli trapez tek kat \u00fcr\u00fcnlerin 27\/200 formlanm\u0131\u015f hali trapez levha olarak adland\u0131r\u0131l\u0131r&#8230; Daha Fazlas\u0131 Trapez Mahya Trapez Mahya, hava \u015fartlar\u0131ndan etkilenmeyen, al\u00fcminyum ya da galvaniz sacdan yap\u0131lan, boyal\u0131 ya da [&hellip;]<\/p>\n","protected":false},"author":1,"featured_media":0,"parent":0,"menu_order":0,"comment_status":"closed","ping_status":"closed","template":"","meta":{"_acf_changed":false,"footnotes":""},"class_list":["post-2715","page","type-page","status-publish","hentry"],"acf":[],"_links":{"self":[{"href":"https:\/\/torosdemir.com\/en_gb\/wp-json\/wp\/v2\/pages\/2715","targetHints":{"allow":["GET"]}}],"collection":[{"href":"https:\/\/torosdemir.com\/en_gb\/wp-json\/wp\/v2\/pages"}],"about":[{"href":"https:\/\/torosdemir.com\/en_gb\/wp-json\/wp\/v2\/types\/page"}],"author":[{"embeddable":true,"href":"https:\/\/torosdemir.com\/en_gb\/wp-json\/wp\/v2\/users\/1"}],"replies":[{"embeddable":true,"href":"https:\/\/torosdemir.com\/en_gb\/wp-json\/wp\/v2\/comments?post=2715"}],"version-history":[{"count":37,"href":"https:\/\/torosdemir.com\/en_gb\/wp-json\/wp\/v2\/pages\/2715\/revisions"}],"predecessor-version":[{"id":4435,"href":"https:\/\/torosdemir.com\/en_gb\/wp-json\/wp\/v2\/pages\/2715\/revisions\/4435"}],"wp:attachment":[{"href":"https:\/\/torosdemir.com\/en_gb\/wp-json\/wp\/v2\/media?parent=2715"}],"curies":[{"name":"wp","href":"https:\/\/api.w.org\/{rel}","templated":true}]}}